{"id":1153,"date":"2012-10-16T22:03:50","date_gmt":"2012-10-16T22:03:50","guid":{"rendered":"http:\/\/minorpostcards.fi\/usein-kysyttyja-kysymyksia\/"},"modified":"2025-09-23T12:01:31","modified_gmt":"2025-09-23T09:01:31","slug":"usein-kysyttyja-kysymyksia","status":"publish","type":"page","link":"https:\/\/minorpostcards.fi\/fi\/usein-kysyttyja-kysymyksia\/","title":{"rendered":"Usein kysyttyj\u00e4 kysymyksi\u00e4"},"content":{"rendered":"<p>Vastaamme mielell\u00e4mme kysymyksiinne. Meille voi aina l\u00e4hett\u00e4\u00e4 palautetta ja kysymyksi\u00e4 s\u00e4hk\u00f6postiin minna.kaariainen@minorpostcards.fi tai <a href=\"https:\/\/minorpostcards.fi\/fi\/ota-yhteytta\/\">yhteydenottolomakkeen<\/a> kautta. Olemme my\u00f6s ker\u00e4nneet t\u00e4lle sivulle joitain vastauksia yleisiin kysymyksiin.<\/p>\n<p><strong>K: Miten USA:n uudet tullim\u00e4\u00e4r\u00e4ykset vaikuttavat tilauksiin?<\/strong><\/p>\n<p>V: Valitettavasti t\u00e4ll\u00e4 hetkell\u00e4 Posti kuljettaa Yhdysvaltoihin vain kirjepostia, eik\u00e4 mit\u00e4\u00e4n tavaraa sis\u00e4lt\u00e4v\u00e4\u00e4 l\u00e4hetyst\u00e4 oteta vastaan. Kun postinkulku palautuu normaaliksi, voi Yhdysvalloista taas tilata Minorin tuotteita.<\/p>\n<p><strong>K: Mink\u00e4 kokoisia postikortit ovat?<\/strong><\/p>\n<p>V: Kaikki postikortit ovat normaalin postikortin kokoisia (105 mm x 148 mm)<\/p>\n<p><strong>K: Kuinka kauan tilauksen saapumisessa kest\u00e4\u00e4?<\/strong><\/p>\n<p>V: Postitamme tilaukset heti kun mahdollista, samana tai seuraavana p\u00e4iv\u00e4n\u00e4 tilauksen saapumisesta. K\u00e4yt\u00e4mme kotimaassa ja Euroopassa Economy- kirjepostia tai paketteja, ja muihin maihin Priority-l\u00e4hetyksi\u00e4. Tilausten saapumisaika riippuu Postin toiminnasta, mutta Suomessa niiden pit\u00e4isi Postin mukaan olla perill\u00e4 p\u00e4\u00e4s\u00e4\u00e4nt\u00f6isesti nelj\u00e4nteen tai viidenteen arkip\u00e4iv\u00e4\u00e4n menness\u00e4 postiinj\u00e4tt\u00f6p\u00e4iv\u00e4st\u00e4 lukien.<\/p>\n<p><strong>K: Miksi tilatessa kysyt\u00e4\u00e4n puhelinnumeroa?<\/strong><\/p>\n<p>V: Kun tilaus toimitetaan pakettina, sen l\u00e4hett\u00e4miseen tarvitaan puhelinnumero. Jos tilaat vain kortteja voit laittaa numeroksi vaikka numerosarjan 040 123 4567.<\/p>\n<p><strong>K: Tilaamissani korteissa on erilaatuisia kortteja, miksi?<\/strong><\/p>\n<p>V: Kortteja on painettu eri painotaloissa eri tekniikoilla, ja ne ovat kaikki tehty hyv\u00e4laatuiselle kartongille. Matt-merkinn\u00e4ll\u00e4 olevissa korteissa on kest\u00e4v\u00e4 mattapinnoite. Sen ansiosta kortin pinta tuntuu pehme\u00e4lle, melkein kankaiselle, ja sit\u00e4 voi hypistell\u00e4 vapaasti koska pintaan ei j\u00e4\u00e4 sormenj\u00e4lki\u00e4! Kortit kest\u00e4v\u00e4t hyvin my\u00f6s &#8221;postimonsterin&#8221; k\u00e4sittelyn.<\/p>\n<p><strong>K: Miss\u00e4 kortit ja tarrat tehd\u00e4\u00e4n?<\/strong><\/p>\n<p>V: Kaikki kortit ja tarrat tehd\u00e4\u00e4n Suomessa.<\/p>\n<p><strong>K: Mist\u00e4 l\u00f6yd\u00e4n rekisteriselosteen?\u00a0<\/strong><\/p>\n<p>V: Rekisteriseloste l\u00f6ytyy yl\u00e4palkista asiakastilin ja toimitusehtojen vierest\u00e4 (p\u00f6yt\u00e4koneella) tai linkist\u00e4:\u00a0<a href=\"https:\/\/minorpostcards.fi\/fi\/rekisteriseloste\/\" target=\"_blank\" rel=\"noopener noreferrer\">https:\/\/minorpostcards.fi\/fi\/rekisteriseloste\/<\/a><\/p>\n<p><strong>K: Miten pulloposteja voi postittaa?<\/strong><\/p>\n<p>V: Pullon voi postittaa Suomesta kirjepostina. Sen paino on 30 g, korkeus ilman korkkia 17 cm, leveys 7 cm ja paksuus 1,5 cm.<\/p>\n","protected":false},"excerpt":{"rendered":"<p>Vastaamme mielell\u00e4mme kysymyksiinne. Meille voi aina l\u00e4hett\u00e4\u00e4 palautetta ja kysymyksi\u00e4 s\u00e4hk\u00f6postiin minna.kaariainen@minorpostcards.fi tai yhteydenottolomakkeen kautta. Olemme my\u00f6s ker\u00e4nneet t\u00e4lle sivulle joitain vastauksia yleisiin kysymyksiin. K: Miten USA:n uudet tullim\u00e4\u00e4r\u00e4ykset vaikuttavat tilauksiin? V: Valitettavasti t\u00e4ll\u00e4 hetkell\u00e4 Posti kuljettaa Yhdysvaltoihin vain kirjepostia, eik\u00e4 mit\u00e4\u00e4n tavaraa sis\u00e4lt\u00e4v\u00e4\u00e4 l\u00e4hetyst\u00e4 oteta vastaan. Kun postinkulku palautuu normaaliksi, voi Yhdysvalloista taas tilata [&hellip;]<\/p>\n","protected":false},"author":1,"featured_media":0,"parent":0,"menu_order":0,"comment_status":"closed","ping_status":"open","template":"","meta":{"footnotes":""},"class_list":["post-1153","page","type-page","status-publish","hentry"],"_links":{"self":[{"href":"https:\/\/minorpostcards.fi\/fi\/wp-json\/wp\/v2\/pages\/1153","targetHints":{"allow":["GET"]}}],"collection":[{"href":"https:\/\/minorpostcards.fi\/fi\/wp-json\/wp\/v2\/pages"}],"about":[{"href":"https:\/\/minorpostcards.fi\/fi\/wp-json\/wp\/v2\/types\/page"}],"author":[{"embeddable":true,"href":"https:\/\/minorpostcards.fi\/fi\/wp-json\/wp\/v2\/users\/1"}],"replies":[{"embeddable":true,"href":"https:\/\/minorpostcards.fi\/fi\/wp-json\/wp\/v2\/comments?post=1153"}],"version-history":[{"count":2,"href":"https:\/\/minorpostcards.fi\/fi\/wp-json\/wp\/v2\/pages\/1153\/revisions"}],"predecessor-version":[{"id":80996,"href":"https:\/\/minorpostcards.fi\/fi\/wp-json\/wp\/v2\/pages\/1153\/revisions\/80996"}],"wp:attachment":[{"href":"https:\/\/minorpostcards.fi\/fi\/wp-json\/wp\/v2\/media?parent=1153"}],"curies":[{"name":"wp","href":"https:\/\/api.w.org\/{rel}","templated":true}]}}