{"id":118,"date":"2013-11-13T15:19:36","date_gmt":"2013-11-13T15:19:36","guid":{"rendered":"http:\/\/minorpostcards.fi\/?page_id=118"},"modified":"2025-11-29T13:05:45","modified_gmt":"2025-11-29T11:05:45","slug":"toimitusehdot","status":"publish","type":"page","link":"https:\/\/minorpostcards.fi\/fi\/toimitusehdot\/","title":{"rendered":"Toimitusehdot"},"content":{"rendered":"<h2>Verkkokaupan toimitusehdot<\/h2>\n<h3>Voimassa 1.1.2025 alkaen<\/h3>\n<h3>Yleist\u00e4 verkkokaupasta<\/h3>\n<p>Verkkokaupan tuotteita myy Minor Postcards y-tunnus 1875810-0. Myymme tuotteita t\u00e4ysi-ik\u00e4isille yksityishenkil\u00f6ille maailmanlaajuisesti (poislukien Ven\u00e4j\u00e4 ja Valko-Ven\u00e4j\u00e4). Tuotteiden hinnat eiv\u00e4t sis\u00e4ll\u00e4 arvonlis\u00e4veroa. Pid\u00e4t\u00e4mme oikeuden hintojen ja postikulujen muutoksiin.<\/p>\n<h3>Tilaaminen<\/h3>\n<p>Tuotteet tilataan p\u00e4\u00e4s\u00e4\u00e4nt\u00f6isesti internetin v\u00e4lityksell\u00e4 osoitteesta www.minorpostcards.fi ostoskorin kautta. Minimitilaus on 10 \u20ac. Kaikki tilaukset vahvistetaan s\u00e4hk\u00f6postilla, jossa ilmoitetaan tilauksen hinta, toimituskulut sek\u00e4 tilatut tuotteet. Tilausvahvistuksen saaminen edellytt\u00e4\u00e4 s\u00e4hk\u00f6postiosoitteen ilmoittamista tilauksen yhteydess\u00e4. S\u00e4hk\u00f6postiosoite lis\u00e4t\u00e4\u00e4n Minorin uutiskirjeen tilaajalistalle. Jos et halua tietoja tarjouksista ja uusista tuotteista, laita tieto siit\u00e4 tilauksen kommentit- kohtaan (kassalle-sivulla), tai k\u00e4yt\u00e4 saamasi uutiskirjeen <a class=\"ecxutilityLink\" href=\"https:\/\/%2A%7Cunsub%7C%2A\/\" target=\"_blank\" rel=\"noopener noreferrer\">unsubscribe from this list<\/a>&#8211; linkki\u00e4.\u00a0 Asiakas sitoutuu jokaisen tilauksen yhteydess\u00e4 voimassa oleviin toimitusehtoihin. Sivuillamme olevan k\u00e4ytt\u00e4j\u00e4tilin kautta voit tarkastaa tilauksen sis\u00e4ll\u00f6n, jos olet rekister\u00f6itynyt asiakas.<\/p>\n<h3>Maksaminen<\/h3>\n<p>Maksupalvelun tarjoaa Verifone Finland Oy (0943819-9). Verifone Finland Oy on Finanssivalvonnan toimiluvan saanut maksulaitos. Maksutapahtumat toteutetaan Verifone Finland Oy:n suojatussa tietoturvallisessa maksuymp\u00e4rist\u00f6ss\u00e4. Yleisimpien verkkopankki-, kortti- ja muiden maksujen vastaanottajana tiliotteella sek\u00e4 mahdollisilla korttilaskuilla n\u00e4kyy Verifone Finland Oy, joka v\u00e4litt\u00e4\u00e4 maksut kauppiaalle. Muiden maksutapojen osalta Verifone Finland Oy toimii maksutapahtumatietojen v\u00e4litt\u00e4j\u00e4n\u00e4, jolloin maksun vastaanottajana n\u00e4kyy (yrityksen nimi).<\/p>\n<p>Maksamiseen liittyviss\u00e4 kysymyksiss\u00e4 voit ottaa yhteytt\u00e4 Verifoneen:<\/p>\n<p>Verifone Finland Oy<br \/>\nVantaankoskentie 14<br \/>\n01670 Vantaa<br \/>\nAsiakaspalvelu: 020 753 5192<br \/>\nkuluttaja@verifone.fi<\/p>\n<p><strong>Voit maksaa verkkokaupassa Verifonen kautta seuraavilla maksutavoilla:<\/strong><\/p>\n<p>Kaikki suomalaiset verkkopankkimaksut: Osuuspankki, Nordea, Danske Bank, S\u00e4\u00e4st\u00f6pankki, Aktia, Oma S\u00e4\u00e4st\u00f6pankki, POP Pankki, Handelsbanken, S-Pankki ja \u00c5landsbanken.<\/p>\n<p>Visa- ja Mastercard-korttiperheet: Visa Credit, Visa Debit, Mastercard Credit, Mastercard Debit, Visa Electron, Maestro ja Eurocard.<\/p>\n<p><strong>Mobiilimaksutavat<\/strong><\/p>\n<p>Siirto-, MobilePay- ja Apple Pay -mobiilimaksutavat.<\/p>\n<p><strong>Kuluttajalasku<br \/>\n<\/strong><\/p>\n<p>OP Lasku<\/p>\n<p><strong>Verkkomaksujen tietoturva<\/strong><\/p>\n<p>K\u00e4yt\u00e4mme tietoturvallista SSL-salattua yhteytt\u00e4 luottokortti- ja muita tilaustietoja k\u00e4sitelt\u00e4ess\u00e4. Emme s\u00e4ilyt\u00e4 luottokorttitietoja tietoj\u00e4rjestelmiss\u00e4mme vaan ne k\u00e4sitell\u00e4\u00e4n ja s\u00e4ilytet\u00e4\u00e4n Verifonen turvallisessa PCI DSS -sertifioidussa j\u00e4rjestelm\u00e4ss\u00e4.<\/p>\n<h3>PayPal-maksu<\/h3>\n<p>Voit maksaa verkkokaupassa PayPal Complete Payments (PPCP) &#8211; palvelun kautta sen tarjoamilla maksutavoilla.<\/p>\n<h3>Suora tilisiirto<\/h3>\n<p>Postitamme tuotteet kun maksusuoritus n\u00e4kyy tilill\u00e4mme. Emme toimita tuotteita postiennakolla. Maksusuoritukset osoitetaan tilille FI38 5042 0020 0321 56 Minor Postcards, tilausvahvistuksen tietojen mukaisesti. Postitamme tuotteet kun maksusuoritus n\u00e4kyy tilill\u00e4mme. Kun maksuna on suora tilisiirto, tuotteet ovat varattuna 5 arkip\u00e4iv\u00e4\u00e4 jonka j\u00e4lkeen maksamaton tilaus raukeaa.<\/p>\n<p>Suora tilisiirto on k\u00e4yt\u00f6ss\u00e4 vain SEPA-alueen tilinhaltijoilla, kun maksussa k\u00e4ytet\u00e4\u00e4n euroja. Ulkomaantilaukset IBAN: FI38 5042 0020 0321 56 BIC\/SWIFT: OKOYFIHH.<\/p>\n<h3>Toimitusaika<\/h3>\n<p>Postitamme tuotteita jokaisena arkip\u00e4iv\u00e4n\u00e4. Pankkiyhteyksist\u00e4 riippuen siihen kuluu 1-3 arkip\u00e4iv\u00e4\u00e4 laskun maksamisesta. Toimitamme kotimaan ja Euroopan tilaukset 2. luokan postina, muun ulkomaan tilaukset 1. luokan tai 2. luokan postina. Poikkeavista toimitusajoista tiedotetaan Minor Postcardsin etusivun\u00a0<a href=\"https:\/\/minorpostcards.fi\/fi\/category\/ajankohtaista\/\"> &#8221;Ajankohtaista&#8221;<\/a> &#8211; osassa. Valitettavasti emme voi vaikuttaa postin tai esim. pandemian aiheuttamiin my\u00f6h\u00e4stymisiin tai ulkomaan tilauksien toimitusaikoihin.<\/p>\n<h3>Toimitustapa ja toimituskulut<\/h3>\n<p>Toimituskulut sis\u00e4lt\u00e4v\u00e4t posti- ja pakkauskulut. Voit katsoa toimituskulut valittuasi ostoskorin maksu- ja toimitustavan. Toimitamme tilaukset \u00a0kirjeen\u00e4 tai pakettina, vain pakettia voi seurata l\u00e4hetystunnuksella. Mik\u00e4li toimitus halutaan &#8221;s\u00e4rkyv\u00e4\u00e4&#8221; -pakettina, lis\u00e4t\u00e4\u00e4n toimituskuluihin erillisk\u00e4sitelt\u00e4v\u00e4n paketin maksu postin voimassaolevien hintojen mukaan. Lis\u00e4tietoja Postin pakettivaihtoehdoista maksuista ja kuljetustavoista saat osoitteesta <a href=\"http:\/\/posti.fi\/henkiloasiakkaat\/\" target=\"_blank\" rel=\"noopener noreferrer\">http:\/\/posti.fi\/henkiloasiakkaat\/<\/a>.<\/p>\n<h3>Vaihto- ja palautusehdot<\/h3>\n<p>Asiakkaalla on Suomen kuluttajansuojalain mukainen 14 p\u00e4iv\u00e4n vaihto- ja palautusoikeus. Palautusoikeus koskee vain alkuper\u00e4ispakkauksessa olevia k\u00e4ytt\u00e4m\u00e4tt\u00f6mi\u00e4 ja myyntikelpoisia tuotteita.\u00a0Liit\u00e4 palautuksen mukaan seuraavat tiedot:<br \/>\n\u2022 asiakasnumerosi, nimesi, osoitteesi ja puhelinnumerosi<br \/>\n\u2022 pankkitilinumerosi<br \/>\n\u2022 kopio Minor Postcardsin tilausvahvistuksesta<\/p>\n<p>Palautusosoite:<\/p>\n<p>Minor Postcards<br \/>\nPorsaskoskentie 1972 as 1<br \/>\n51670 Nyk\u00e4l\u00e4<\/p>\n<p>Emme vastaanota palautuksia yli 14 vrk kuluttua toimituksesta. Kun palautus on hyv\u00e4ksytty, rahat palautetaan suoraan tilillesi palautuksen vastaanoton ja k\u00e4sittelyn j\u00e4lkeen. Palautettavasta summasta v\u00e4hennet\u00e4\u00e4n toimituskulut.<\/p>\n<h3>Ongelmatilanteet kuljetuksessa sek\u00e4 viallisten tuotteiden osalta<\/h3>\n<p>Mik\u00e4li tuote on kadonnut kuljetuksen aikana, vioittunut tai asiakkaalle on toimitettu v\u00e4\u00e4r\u00e4 tuote, tulee asiakkaan ilmoittaa virheest\u00e4 v\u00e4litt\u00f6m\u00e4sti osoitteeseen info@minorpostcards.fi .<\/p>\n<p>Ilmoitus virheellisest\u00e4 toimituksesta tai viallisesta tuotteesta on teht\u00e4v\u00e4 14 p\u00e4iv\u00e4n sis\u00e4ll\u00e4 tuotteen vastaanottamisesta. Jos paketti on vioittunut postissa, on tuotteesta teht\u00e4v\u00e4 v\u00e4litt\u00f6m\u00e4sti reklamaatio postiin.<\/p>\n<h3>Muuta<\/h3>\n<p>Pid\u00e4t\u00e4mme oikeuden muuttaa toimitusehtojamme. Asiakkaan on ennen tilaustaan tutustuttava kulloinkin voimassa oleviin toimitusehtoihin.<\/p>\n<div><strong>Tilaajarekisteri<\/strong><\/div>\n<div><\/div>\n<div>Hyv\u00e4ksym\u00e4ll\u00e4 tilausehdot hyv\u00e4ksyn tietojeni tallentamisen tilaajarekisteriin tilattujen tuotteiden toimittamista varten. Tilauksen tehneet liitet\u00e4\u00e4n my\u00f6s Minor Postcardsin s\u00e4hk\u00f6isen uutiskirjeen postituslistalle. Tilaukseen voi halutessaan laittaa lis\u00e4tiedon jolloin se j\u00e4\u00e4 pois uutiskirjeen postituslistalta. Uutiskirjeen tilaamisen voi lopettaa milloin tahansa uutiskirjeen &#8221;unsubscribe&#8221;-linkin kautta tai l\u00e4hett\u00e4m\u00e4ll\u00e4 s\u00e4hk\u00f6postin asiakaspalveluun <a href=\"mailto:info@minorpostcards.fi\" target=\"_blank\" rel=\"noopener noreferrer\">info@minorpostcards.fi<\/a>.<\/div>\n<div>\n<p>Minor Postcardsin rekisteriseloste:\u00a0\u00a0<a href=\"https:\/\/minorpostcards.fi\/fi\/rekisteriseloste\/\" target=\"_blank\" rel=\"noopener noreferrer\" data-saferedirecturl=\"https:\/\/www.google.com\/url?hl=en&amp;q=https:\/\/minorpostcards.fi\/fi\/rekisteriseloste\/&amp;source=gmail&amp;ust=1527005812855000&amp;usg=AFQjCNEbqdM8bPiHf2Kth6evhrm_QTWNcw\">https:\/\/minorpostcards.fi\/fi\/<wbr \/>rekisteriseloste\/<\/a><\/p>\n<\/div>\n<h3>Minor Postcards k\u00e4sittelee kaikki asiakastiedot t\u00e4ysin luottamuksellisesti.<\/h3>\n","protected":false},"excerpt":{"rendered":"<p>Verkkokaupan toimitusehdot Voimassa 1.1.2025 alkaen Yleist\u00e4 verkkokaupasta Verkkokaupan tuotteita myy Minor Postcards y-tunnus 1875810-0. Myymme tuotteita t\u00e4ysi-ik\u00e4isille yksityishenkil\u00f6ille maailmanlaajuisesti (poislukien Ven\u00e4j\u00e4 ja Valko-Ven\u00e4j\u00e4). Tuotteiden hinnat eiv\u00e4t sis\u00e4ll\u00e4 arvonlis\u00e4veroa. Pid\u00e4t\u00e4mme oikeuden hintojen ja postikulujen muutoksiin. Tilaaminen Tuotteet tilataan p\u00e4\u00e4s\u00e4\u00e4nt\u00f6isesti internetin v\u00e4lityksell\u00e4 osoitteesta www.minorpostcards.fi ostoskorin kautta. Minimitilaus on 10 \u20ac. Kaikki tilaukset vahvistetaan s\u00e4hk\u00f6postilla, jossa ilmoitetaan tilauksen [&hellip;]<\/p>\n","protected":false},"author":1,"featured_media":0,"parent":0,"menu_order":0,"comment_status":"closed","ping_status":"open","template":"","meta":{"footnotes":""},"class_list":["post-118","page","type-page","status-publish","hentry"],"_links":{"self":[{"href":"https:\/\/minorpostcards.fi\/fi\/wp-json\/wp\/v2\/pages\/118","targetHints":{"allow":["GET"]}}],"collection":[{"href":"https:\/\/minorpostcards.fi\/fi\/wp-json\/wp\/v2\/pages"}],"about":[{"href":"https:\/\/minorpostcards.fi\/fi\/wp-json\/wp\/v2\/types\/page"}],"author":[{"embeddable":true,"href":"https:\/\/minorpostcards.fi\/fi\/wp-json\/wp\/v2\/users\/1"}],"replies":[{"embeddable":true,"href":"https:\/\/minorpostcards.fi\/fi\/wp-json\/wp\/v2\/comments?post=118"}],"version-history":[{"count":2,"href":"https:\/\/minorpostcards.fi\/fi\/wp-json\/wp\/v2\/pages\/118\/revisions"}],"predecessor-version":[{"id":81184,"href":"https:\/\/minorpostcards.fi\/fi\/wp-json\/wp\/v2\/pages\/118\/revisions\/81184"}],"wp:attachment":[{"href":"https:\/\/minorpostcards.fi\/fi\/wp-json\/wp\/v2\/media?parent=118"}],"curies":[{"name":"wp","href":"https:\/\/api.w.org\/{rel}","templated":true}]}}