{"id":1524,"date":"2012-08-23T11:27:29","date_gmt":"2012-08-23T11:27:29","guid":{"rendered":"http:\/\/minorpostcards.fi\/asiakaskysely"},"modified":"2015-02-23T06:56:15","modified_gmt":"2015-02-23T06:56:15","slug":"asiakaskysely","status":"publish","type":"page","link":"https:\/\/minorpostcards.fi\/fi\/asiakaskysely\/","title":{"rendered":"Asiakaskysely"},"content":{"rendered":"<p>T\u00e4ll\u00e4 hetkell\u00e4 ei ole k\u00e4ynniss\u00e4\u00a0mit\u00e4\u00e4n asiakaskysely\u00e4.<\/p>\n","protected":false},"excerpt":{"rendered":"<p>T\u00e4ll\u00e4 hetkell\u00e4 ei ole k\u00e4ynniss\u00e4\u00a0mit\u00e4\u00e4n asiakaskysely\u00e4.<\/p>\n","protected":false},"author":1,"featured_media":0,"parent":0,"menu_order":0,"comment_status":"closed","ping_status":"closed","template":"","meta":{"footnotes":""},"class_list":["post-1524","page","type-page","status-publish","hentry"],"_links":{"self":[{"href":"https:\/\/minorpostcards.fi\/fi\/wp-json\/wp\/v2\/pages\/1524","targetHints":{"allow":["GET"]}}],"collection":[{"href":"https:\/\/minorpostcards.fi\/fi\/wp-json\/wp\/v2\/pages"}],"about":[{"href":"https:\/\/minorpostcards.fi\/fi\/wp-json\/wp\/v2\/types\/page"}],"author":[{"embeddable":true,"href":"https:\/\/minorpostcards.fi\/fi\/wp-json\/wp\/v2\/users\/1"}],"replies":[{"embeddable":true,"href":"https:\/\/minorpostcards.fi\/fi\/wp-json\/wp\/v2\/comments?post=1524"}],"version-history":[{"count":0,"href":"https:\/\/minorpostcards.fi\/fi\/wp-json\/wp\/v2\/pages\/1524\/revisions"}],"wp:attachment":[{"href":"https:\/\/minorpostcards.fi\/fi\/wp-json\/wp\/v2\/media?parent=1524"}],"curies":[{"name":"wp","href":"https:\/\/api.w.org\/{rel}","templated":true}]}}