{"id":5498,"date":"2017-03-07T11:09:52","date_gmt":"2017-03-07T11:11:30","guid":{"rendered":"https:\/\/minorpostcards.fi\/tarjouksessa-olevat-tuotteet\/"},"modified":"2019-09-11T16:39:46","modified_gmt":"2019-09-11T16:39:46","slug":"tarjouksessa-olevat-tuotteet","status":"publish","type":"page","link":"https:\/\/minorpostcards.fi\/fi\/tarjouksessa-olevat-tuotteet\/","title":{"rendered":"Tarjouksessa olevat tuotteet"},"content":{"rendered":"\n<div class=\"woocommerce columns-4 \"><div class=\"storefront-sorting\"><div class=\"woocommerce-notices-wrapper\"><\/div><form class=\"woocommerce-ordering\" method=\"get\">\n\t\t<select\n\t\tname=\"orderby\"\n\t\tclass=\"orderby\"\n\t\t\t\t\taria-label=\"J\u00e4rjestys kaupassa\"\n\t\t\t>\n\t\t\t\t\t<option value=\"popularity\" >Lajittelu: ostetuin ensin<\/option>\n\t\t\t\t\t<option value=\"date\"  selected='selected'>J\u00e4rjest\u00e4 uusimman mukaan<\/option>\n\t\t\t\t\t<option value=\"price\" >Lajittelu: halvin ensin<\/option>\n\t\t\t\t\t<option value=\"price-desc\" >Lajittelu: kallein ensin<\/option>\n\t\t\t<\/select>\n\t<input type=\"hidden\" name=\"paged\" value=\"1\" \/>\n\t<\/form>\n<p class=\"woocommerce-result-count\" role=\"alert\" aria-relevant=\"all\" >\n\tN\u00e4ytet\u00e4\u00e4n ainoa tulos<\/p>\n<\/div><ul class=\"products columns-4\">\n<li class=\"product type-product post-33120 status-publish first outofstock product_cat-tarrat product_tag-sekalaiset product_tag-tarrat has-post-thumbnail sale taxable shipping-taxable purchasable product-type-simple\">\n\t<a href=\"https:\/\/minorpostcards.fi\/fi\/tuote\/tarrat\/postcrossing-info-tarra-arkki\/\" class=\"woocommerce-LoopProduct-link woocommerce-loop-product__link\"><img loading=\"lazy\" decoding=\"async\" width=\"324\" height=\"445\" src=\"https:\/\/minorpostcards.fi\/wp-content\/uploads\/Postcrossing-info-Finland-sticker-sheet_23_1-324x445.png\" class=\"attachment-woocommerce_thumbnail size-woocommerce_thumbnail\" alt=\"Postcrossing info tarra-arkki\" srcset=\"https:\/\/minorpostcards.fi\/wp-content\/uploads\/Postcrossing-info-Finland-sticker-sheet_23_1-324x445.png 324w, https:\/\/minorpostcards.fi\/wp-content\/uploads\/Postcrossing-info-Finland-sticker-sheet_23_1-416x571.png 416w, https:\/\/minorpostcards.fi\/wp-content\/uploads\/Postcrossing-info-Finland-sticker-sheet_23_1-583x800.png 583w, https:\/\/minorpostcards.fi\/wp-content\/uploads\/Postcrossing-info-Finland-sticker-sheet_23_1-746x1024.png 746w, https:\/\/minorpostcards.fi\/wp-content\/uploads\/Postcrossing-info-Finland-sticker-sheet_23_1-437x600.png 437w, https:\/\/minorpostcards.fi\/wp-content\/uploads\/Postcrossing-info-Finland-sticker-sheet_23_1-768x1054.png 768w, https:\/\/minorpostcards.fi\/wp-content\/uploads\/Postcrossing-info-Finland-sticker-sheet_23_1-1119x1536.png 1119w, https:\/\/minorpostcards.fi\/wp-content\/uploads\/Postcrossing-info-Finland-sticker-sheet_23_1-1492x2048.png 1492w, https:\/\/minorpostcards.fi\/wp-content\/uploads\/Postcrossing-info-Finland-sticker-sheet_23_1.png 1756w\" sizes=\"auto, (max-width: 324px) 100vw, 324px\" \/><h2 class=\"woocommerce-loop-product__title\">Postcrossing info tarra-arkki<\/h2>\n\t<span class=\"onsale\">Ale!<\/span>\n\t\n\t<span class=\"price\"><del aria-hidden=\"true\"><span class=\"woocommerce-Price-amount amount\"><bdi>1.10&nbsp;<span class=\"woocommerce-Price-currencySymbol\">&euro;<\/span><\/bdi><\/span><\/del> <span class=\"screen-reader-text\">Alkuper\u00e4inen hinta oli: 1.10&nbsp;&euro;.<\/span><ins aria-hidden=\"true\"><span class=\"woocommerce-Price-amount amount\"><bdi>0.80&nbsp;<span class=\"woocommerce-Price-currencySymbol\">&euro;<\/span><\/bdi><\/span><\/ins><span class=\"screen-reader-text\">Nykyinen hinta on: 0.80&nbsp;&euro;.<\/span> <small class=\"woocommerce-price-suffix\">(ei alv. rek)<\/small><\/span>\n<\/a><a href=\"https:\/\/minorpostcards.fi\/fi\/tuote\/tarrat\/postcrossing-info-tarra-arkki\/\" aria-describedby=\"woocommerce_loop_add_to_cart_link_describedby_33120\" data-quantity=\"1\" class=\"button product_type_simple\" data-product_id=\"33120\" data-product_sku=\"S0059\" aria-label=\"Lue lis\u00e4\u00e4 &ldquo;Postcrossing info tarra-arkki&rdquo; asiasta\" rel=\"nofollow\" data-success_message=\"\">Lue lis\u00e4\u00e4<\/a>\t<span id=\"woocommerce_loop_add_to_cart_link_describedby_33120\" class=\"screen-reader-text\">\n\t\t\t<\/span>\n<\/li>\n<\/ul>\n<div class=\"storefront-sorting\"><form class=\"woocommerce-ordering\" method=\"get\">\n\t\t<select\n\t\tname=\"orderby\"\n\t\tclass=\"orderby\"\n\t\t\t\t\taria-label=\"J\u00e4rjestys kaupassa\"\n\t\t\t>\n\t\t\t\t\t<option value=\"popularity\" >Lajittelu: ostetuin ensin<\/option>\n\t\t\t\t\t<option value=\"date\"  selected='selected'>J\u00e4rjest\u00e4 uusimman mukaan<\/option>\n\t\t\t\t\t<option value=\"price\" >Lajittelu: halvin ensin<\/option>\n\t\t\t\t\t<option value=\"price-desc\" >Lajittelu: kallein ensin<\/option>\n\t\t\t<\/select>\n\t<input type=\"hidden\" name=\"paged\" value=\"1\" \/>\n\t<\/form>\n<p class=\"woocommerce-result-count\" role=\"alert\" aria-relevant=\"all\" >\n\tN\u00e4ytet\u00e4\u00e4n ainoa tulos<\/p>\n<\/div><\/div>\n","protected":false},"excerpt":{"rendered":"","protected":false},"author":1,"featured_media":0,"parent":0,"menu_order":0,"comment_status":"closed","ping_status":"open","template":"","meta":{"footnotes":""},"class_list":["post-5498","page","type-page","status-publish","hentry"],"_links":{"self":[{"href":"https:\/\/minorpostcards.fi\/fi\/wp-json\/wp\/v2\/pages\/5498","targetHints":{"allow":["GET"]}}],"collection":[{"href":"https:\/\/minorpostcards.fi\/fi\/wp-json\/wp\/v2\/pages"}],"about":[{"href":"https:\/\/minorpostcards.fi\/fi\/wp-json\/wp\/v2\/types\/page"}],"author":[{"embeddable":true,"href":"https:\/\/minorpostcards.fi\/fi\/wp-json\/wp\/v2\/users\/1"}],"replies":[{"embeddable":true,"href":"https:\/\/minorpostcards.fi\/fi\/wp-json\/wp\/v2\/comments?post=5498"}],"version-history":[{"count":1,"href":"https:\/\/minorpostcards.fi\/fi\/wp-json\/wp\/v2\/pages\/5498\/revisions"}],"predecessor-version":[{"id":10118,"href":"https:\/\/minorpostcards.fi\/fi\/wp-json\/wp\/v2\/pages\/5498\/revisions\/10118"}],"wp:attachment":[{"href":"https:\/\/minorpostcards.fi\/fi\/wp-json\/wp\/v2\/media?parent=5498"}],"curies":[{"name":"wp","href":"https:\/\/api.w.org\/{rel}","templated":true}]}}