{"id":63,"date":"2013-11-13T15:23:36","date_gmt":"2013-11-13T15:23:36","guid":{"rendered":"http:\/\/minorpostcards.fi\/?page_id=63"},"modified":"2021-09-18T07:21:53","modified_gmt":"2021-09-18T07:21:53","slug":"tietoja-meista","status":"publish","type":"page","link":"https:\/\/minorpostcards.fi\/fi\/tietoja-meista\/","title":{"rendered":"Tietoja meist\u00e4"},"content":{"rendered":"<div>Minorin historiaa<\/div>\n<div><\/div>\n<div>Aloitin korttiharrastuksen tammikuussa 2007 seurattuani aikani tytt\u00e4relleni Ronjalle eri puolilta maailmaa\u00a0tulleita kortteja. Min\u00e4kin halusin saada postikortteja maailmalta, ja siksi rekister\u00f6idyin Postcrossing.com -verkkosivustolle nimell\u00e4 [minnasusanne]. Reilut 2000 kortttia my\u00f6hemmin l\u00e4het\u00e4n kortteja edelleen tuosta profiilista! Kotipaikkakunnaltani ei oikein l\u00f6ytynyt harrastajien toiveisiin sopivia kortteja, ja lis\u00e4ksi sopivia kuvia\u00a0omiin kortti-ideoihin l\u00f6ytyi\u00a0perheen valokuvista, joten julkaistiin ensimm\u00e4iset Minorin kortit ja korttikirjat hein\u00e4kuussa 2012.<\/div>\n<div><\/div>\n<div>\n<p>Koulutukseni on kutoja-artesaani, ja erilaiset k\u00e4sity\u00f6t kiehtovat minua (sen takia k\u00e4sity\u00f6aiheet ovat hyvin esill\u00e4 korttiaiheissa). Menin naimisiin valmistuttuani, ja sain hoitaa nelj\u00e4\u00e4 90-luvulla perheeseen syntynytt\u00e4 tytt\u00f6\u00e4 vuosia kotona l\u00e4hell\u00e4 luontoa, maaseudun rauhassa &#8221;keskell\u00e4 ei-mit\u00e4\u00e4n&#8221;. Olen ollut t\u00f6iss\u00e4 mielenkiintoisissa paikoissa, kuten kauppa-autossa ja hautaustoimistossa! Nykyisin ty\u00f6teht\u00e4v\u00e4t vaihtelevat melkoisesti vuodenajan mukaan: Minorin ty\u00f6t j\u00e4\u00e4v\u00e4t taka-alalle kev\u00e4tkautena, jolloin olen t\u00f6iss\u00e4 kes\u00e4kukkapuutarhalla.<\/p>\n<p>Kukkasesongin j\u00e4lkeen on taas aikaa toimia Minorin parissa, jolloin teen lis\u00e4ksi toimistot\u00f6it\u00e4 ja postituksia tarvittaessa mieheni yritykselle.<\/p>\n<p>Perhe ja yst\u00e4v\u00e4t ovat t\u00e4rke\u00e4 voimavara ja olleet avuksi monin eri tavoin.\u00a0Kaikki nelj\u00e4 tyt\u00e4rt\u00e4, v\u00e4vykokelas, mies, lemmikit ja min\u00e4kin olemme olleet korttikuvissa. Ideoiden toteuttamiseen l\u00f6ytyy usein keinot l\u00e4hist\u00f6lt\u00e4, kuten is\u00e4ni traktori ja vaikka \u00e4itini leip\u00e4vakka. Tai yst\u00e4v\u00e4n keitti\u00f6, avantouintireissu tai \u00e4itiyspakkaus.<span style=\"color: #9900ff;\">\u00a0<\/span>Toisaalta osa kuvista vaatii pitk\u00e4n kuvausreissun ja paljon ty\u00f6t\u00e4, mutta on kyll\u00e4 ollut minusta vaivan arvoista. Korttikuvituksissa puolestaan n\u00e4kyy Ronjan taitava k\u00e4denj\u00e4lki, ja osa valokuvista on h\u00e4nen ottamiaan.<\/p>\n<p>Otan mielell\u00e4ni vastaan aihetoiveita ja kortti-ideoita. Voit l\u00e4hett\u00e4\u00e4 minulle viesti\u00e4 tai kertoa tavatessa, mit\u00e4 haluaisit l\u00f6yt\u00e4\u00e4 Minorin valikoimasta. Voimme my\u00f6s tehd\u00e4 tilausty\u00f6n\u00e4 kortteja yrityksellesi tai vaikka urheiluseuran varainhankintaan.<\/p>\n<\/div>\n<p><span class=\"im\"><span class=\"m_-7303456579057935534gmail-im\">Minorin kortit on tehty Suomessa ja suunniteltu l\u00e4htem\u00e4\u00e4n maailmalle.<\/span><\/span><\/p>\n","protected":false},"excerpt":{"rendered":"<p>Minorin historiaa Aloitin korttiharrastuksen tammikuussa 2007 seurattuani aikani tytt\u00e4relleni Ronjalle eri puolilta maailmaa\u00a0tulleita kortteja. Min\u00e4kin halusin saada postikortteja maailmalta, ja siksi rekister\u00f6idyin Postcrossing.com -verkkosivustolle nimell\u00e4 [minnasusanne]. Reilut 2000 kortttia my\u00f6hemmin l\u00e4het\u00e4n kortteja edelleen tuosta profiilista! Kotipaikkakunnaltani ei oikein l\u00f6ytynyt harrastajien toiveisiin sopivia kortteja, ja lis\u00e4ksi sopivia kuvia\u00a0omiin kortti-ideoihin l\u00f6ytyi\u00a0perheen valokuvista, joten julkaistiin ensimm\u00e4iset Minorin kortit [&hellip;]<\/p>\n","protected":false},"author":1,"featured_media":0,"parent":0,"menu_order":0,"comment_status":"closed","ping_status":"open","template":"","meta":{"footnotes":""},"class_list":["post-63","page","type-page","status-publish","hentry"],"_links":{"self":[{"href":"https:\/\/minorpostcards.fi\/fi\/wp-json\/wp\/v2\/pages\/63","targetHints":{"allow":["GET"]}}],"collection":[{"href":"https:\/\/minorpostcards.fi\/fi\/wp-json\/wp\/v2\/pages"}],"about":[{"href":"https:\/\/minorpostcards.fi\/fi\/wp-json\/wp\/v2\/types\/page"}],"author":[{"embeddable":true,"href":"https:\/\/minorpostcards.fi\/fi\/wp-json\/wp\/v2\/users\/1"}],"replies":[{"embeddable":true,"href":"https:\/\/minorpostcards.fi\/fi\/wp-json\/wp\/v2\/comments?post=63"}],"version-history":[{"count":2,"href":"https:\/\/minorpostcards.fi\/fi\/wp-json\/wp\/v2\/pages\/63\/revisions"}],"predecessor-version":[{"id":9707,"href":"https:\/\/minorpostcards.fi\/fi\/wp-json\/wp\/v2\/pages\/63\/revisions\/9707"}],"wp:attachment":[{"href":"https:\/\/minorpostcards.fi\/fi\/wp-json\/wp\/v2\/media?parent=63"}],"curies":[{"name":"wp","href":"https:\/\/api.w.org\/{rel}","templated":true}]}}