{"id":1028,"date":"2012-07-22T14:59:49","date_gmt":"2012-08-16T18:25:01","guid":{"rendered":"http:\/\/minorpostcards.fi\/product\/muutamaikkuna\/alhambra-view-window-ikkuna-alhambraan\/"},"modified":"2012-11-15T15:15:48","modified_gmt":"2012-11-15T15:15:48","slug":"alhambra-view-window-ikkuna-alhambraan","status":"publish","type":"product","link":"https:\/\/minorpostcards.fi\/fi\/tuote\/korttikirjat\/muutama-ikkuna\/alhambra-view-window-ikkuna-alhambraan\/","title":{"rendered":"Alhambra view window &#8211; Ikkuna Alhambraan"},"content":{"rendered":"<p>T\u00e4m\u00e4 ikkuna-aukko on kuvattu Unescon maailmanperint\u00f6listalla olevassa Alhambran palatsin alueella Espanjassa. Palatsi on per\u00e4isin 1500-luvulta ja hieno islamilaisen arkkitehtuurin ja rakennustaiteen esimerkki ja siten hyvin suosittu turistikohde. Jos haluaa p\u00e4\u00e4st\u00e4 itse palatsiin sis\u00e4lle kannattaa varata p\u00e4\u00e4sylippu etuk\u00e4teen ettei k\u00e4y kuten meille ja p\u00e4iv\u00e4n liput ovat yll\u00e4tt\u00e4en loppuunmyyty.<\/p>\n<p>T\u00e4m\u00e4 kortti l\u00f6ytyy <a href=\"https:\/\/minorpostcards.fi\/fi\/product\/product\/some-windows-muutama-ikkuna\/\">&#8221;Muutama ikkuna&#8221;<\/a>\u00a0-korttikirjasta, jossa on 21 korttia. Kirjan hinta on 16 euroa.<\/p>\n<p class=\"product woocommerce add_to_cart_inline \" style=\"border:4px solid #ccc; padding: 12px;\"><del aria-hidden=\"true\"><span class=\"woocommerce-Price-amount amount\"><bdi>16.00&nbsp;<span class=\"woocommerce-Price-currencySymbol\">&euro;<\/span><\/bdi><\/span><\/del> <span class=\"screen-reader-text\">Alkuper\u00e4inen hinta oli: 16.00&nbsp;&euro;.<\/span><ins aria-hidden=\"true\"><span class=\"woocommerce-Price-amount amount\"><bdi>6.00&nbsp;<span class=\"woocommerce-Price-currencySymbol\">&euro;<\/span><\/bdi><\/span><\/ins><span class=\"screen-reader-text\">Nykyinen hinta on: 6.00&nbsp;&euro;.<\/span> <small class=\"woocommerce-price-suffix\">(ei alv. rek)<\/small><a href=\"https:\/\/minorpostcards.fi\/fi\/tuote\/korttikirjat\/muutama-ikkuna\/some-windows-muutama-ikkuna\/\" aria-describedby=\"woocommerce_loop_add_to_cart_link_describedby_1014\" data-quantity=\"1\" class=\"button product_type_simple\" data-product_id=\"1014\" data-product_sku=\"K06A\" aria-label=\"Lue lis\u00e4\u00e4 &ldquo;Some windows - Muutama ikkuna&rdquo; asiasta\" rel=\"nofollow\" data-success_message=\"\">Lue lis\u00e4\u00e4<\/a>\t<span id=\"woocommerce_loop_add_to_cart_link_describedby_1014\" class=\"screen-reader-text\">\n\t\t\t<\/span>\n<\/p>\n<p>Klikkaamalla alla olevaa kuvaa p\u00e4\u00e4set katsomaan kaikkia korttikirjassa olevia kortteja.<\/p>\n<p><a href=\"https:\/\/minorpostcards.fi\/fi\/products\/kaikki\/korttikirjat\/muutama-ikkuna\"><img loading=\"lazy\" decoding=\"async\" class=\"alignnone size-medium wp-image-1003\" title=\"Some windows - Muutama ikkuna\" src=\"https:\/\/minorpostcards.fi\/wp-content\/uploads\/2012\/07\/Some-windows-Muutama-ikkuna.jpg\" alt=\"\" width=\"300\" height=\"216\" srcset=\"https:\/\/minorpostcards.fi\/wp-content\/uploads\/2012\/07\/Some-windows-Muutama-ikkuna.jpg 800w, https:\/\/minorpostcards.fi\/wp-content\/uploads\/2012\/07\/Some-windows-Muutama-ikkuna-324x234.jpg 324w, https:\/\/minorpostcards.fi\/wp-content\/uploads\/2012\/07\/Some-windows-Muutama-ikkuna-416x300.jpg 416w, https:\/\/minorpostcards.fi\/wp-content\/uploads\/2012\/07\/Some-windows-Muutama-ikkuna-648x467.jpg 648w\" sizes=\"auto, (max-width: 300px) 100vw, 300px\" \/><\/a><\/p>\n","protected":false},"excerpt":{"rendered":"<p>Postikorttikirjasta &#8221;Muutama ikkuna&#8221;.<\/p>\n","protected":false},"featured_media":1649,"template":"","meta":[],"product_brand":[],"product_cat":[110],"product_tag":[],"class_list":{"0":"post-1028","1":"product","2":"type-product","3":"status-publish","4":"has-post-thumbnail","6":"product_cat-muutama-ikkuna","7":"product_shipping_class-cards","9":"first","10":"instock","11":"taxable","12":"shipping-taxable","13":"product-type-simple"},"_links":{"self":[{"href":"https:\/\/minorpostcards.fi\/fi\/wp-json\/wp\/v2\/product\/1028","targetHints":{"allow":["GET"]}}],"collection":[{"href":"https:\/\/minorpostcards.fi\/fi\/wp-json\/wp\/v2\/product"}],"about":[{"href":"https:\/\/minorpostcards.fi\/fi\/wp-json\/wp\/v2\/types\/product"}],"wp:featuredmedia":[{"embeddable":true,"href":"https:\/\/minorpostcards.fi\/fi\/wp-json\/wp\/v2\/media\/1649"}],"wp:attachment":[{"href":"https:\/\/minorpostcards.fi\/fi\/wp-json\/wp\/v2\/media?parent=1028"}],"wp:term":[{"taxonomy":"product_brand","embeddable":true,"href":"https:\/\/minorpostcards.fi\/fi\/wp-json\/wp\/v2\/product_brand?post=1028"},{"taxonomy":"product_cat","embeddable":true,"href":"https:\/\/minorpostcards.fi\/fi\/wp-json\/wp\/v2\/product_cat?post=1028"},{"taxonomy":"product_tag","embeddable":true,"href":"https:\/\/minorpostcards.fi\/fi\/wp-json\/wp\/v2\/product_tag?post=1028"}],"curies":[{"name":"wp","href":"https:\/\/api.w.org\/{rel}","templated":true}]}}