{"id":10309,"date":"2019-09-18T11:50:11","date_gmt":"2019-09-18T11:50:11","guid":{"rendered":"https:\/\/minorpostcards.fi\/?post_type=product&#038;p=10309"},"modified":"2026-03-17T10:22:42","modified_gmt":"2026-03-17T08:22:42","slug":"uton-majakka","status":"publish","type":"product","link":"https:\/\/minorpostcards.fi\/fi\/tuote\/kortit\/uton-majakka\/","title":{"rendered":"Ut\u00f6n majakka"},"content":{"rendered":"<p>Saaristomerell\u00e4 oleva Ut\u00f6n majakka on vanhin Suomessa yh\u00e4 toiminnassa oleva majakka ja Suomen ensimm\u00e4inen radiomajakka. Majakan runkona on vuonna 1918 tehdyn majakkatornin kivimuuraukset, ja lyhtykoju ja v\u00e4ritys on 1800-luvun lopulta. Seinist\u00e4 mantereen puoleinen pohjoissein\u00e4 on kokonaan valkoinen, muut punavalkoisia. Majakan maalaus merkitsee viestilippua &#8221;H&#8221; ja majakan valosignaali on my\u00f6s morseaakkosten nelj\u00e4 lyhytt\u00e4 eli &#8221;H&#8221;. Molemmat kertovat merenkulkijalle sen, ett\u00e4 Ut\u00f6 on toiminut luotsiasemana jo 1540-luvulta alkaen. Kortin kuva on otettu kes\u00e4ll\u00e4 2019. \u00a0<\/p>\n","protected":false},"excerpt":{"rendered":"<p>Yksitt\u00e4inen postikortti.<\/p>\n","protected":false},"featured_media":10287,"template":"","meta":[],"product_brand":[],"product_cat":[19],"product_tag":[126,303,115],"class_list":{"0":"post-10309","1":"product","2":"type-product","3":"status-publish","4":"has-post-thumbnail","6":"product_cat-kortit","7":"product_tag-maisemat","8":"product_tag-majakat-fi","9":"product_tag-suomi","10":"product_shipping_class-cards","12":"first","13":"instock","14":"taxable","15":"shipping-taxable","16":"purchasable","17":"product-type-simple"},"_links":{"self":[{"href":"https:\/\/minorpostcards.fi\/fi\/wp-json\/wp\/v2\/product\/10309","targetHints":{"allow":["GET"]}}],"collection":[{"href":"https:\/\/minorpostcards.fi\/fi\/wp-json\/wp\/v2\/product"}],"about":[{"href":"https:\/\/minorpostcards.fi\/fi\/wp-json\/wp\/v2\/types\/product"}],"wp:featuredmedia":[{"embeddable":true,"href":"https:\/\/minorpostcards.fi\/fi\/wp-json\/wp\/v2\/media\/10287"}],"wp:attachment":[{"href":"https:\/\/minorpostcards.fi\/fi\/wp-json\/wp\/v2\/media?parent=10309"}],"wp:term":[{"taxonomy":"product_brand","embeddable":true,"href":"https:\/\/minorpostcards.fi\/fi\/wp-json\/wp\/v2\/product_brand?post=10309"},{"taxonomy":"product_cat","embeddable":true,"href":"https:\/\/minorpostcards.fi\/fi\/wp-json\/wp\/v2\/product_cat?post=10309"},{"taxonomy":"product_tag","embeddable":true,"href":"https:\/\/minorpostcards.fi\/fi\/wp-json\/wp\/v2\/product_tag?post=10309"}],"curies":[{"name":"wp","href":"https:\/\/api.w.org\/{rel}","templated":true}]}}