{"id":10315,"date":"2019-09-18T13:08:08","date_gmt":"2019-09-18T13:08:08","guid":{"rendered":"https:\/\/minorpostcards.fi\/?post_type=product&#038;p=10315"},"modified":"2026-04-06T17:39:47","modified_gmt":"2026-04-06T14:39:47","slug":"keskiajan-kivinen-olavinlinna","status":"publish","type":"product","link":"https:\/\/minorpostcards.fi\/fi\/tuote\/kortit\/keskiajan-kivinen-olavinlinna\/","title":{"rendered":"Keskiajan kivinen Olavinlinna"},"content":{"rendered":"<p>Olavinlinna ( &#8221;Olof&#8217;s Castle&#8221;, ruots.\u00a0<span lang=\"sv\">Olofsborg<i>)<\/i><\/span> sijaitsee Savonlinnassa ja sen perusti vuonna 1475 tanskalaissyntyinen ritari Erik Akselinpoika Tott. Se on pohjoisin olemassaoleva keskiaikainen kivilinna. Linnan oli tarkoitus turvata Ruotsin it\u00e4raja <a title=\"Novgorodin tasavalta\" href=\"https:\/\/fi.wikipedia.org\/wiki\/Novgorodin_tasavalta\">Novgorodin tasavalta<\/a>a vastaan. Vaikka Kyr\u00f6nsalmessa saarella olevaa linnaa oli helppo puolustaa, sen hallitsijat vaihtuivat useasti vuosien kuluessa Ruotsin ja Ven\u00e4j\u00e4n v\u00e4lill\u00e4 rauhansopimusten takia.<\/p>\n<p>Linnassa toimi varuskunta vuoteen 1847 saakka ja sen j\u00e4lkeen se oli lyhyen aikaa tutkintovankilana. 1870-luvulla kahden tulipalon j\u00e4ljilt\u00e4 huonossa kunnossa olevaa linnaa kunnostettiin valtion toimesta, koska alettiin huomata sen merkitys historiallisena muistomerkkin\u00e4. My\u00f6s linnan kasvanut suosio turistikohteena ja n\u00e4ht\u00e4vyyten\u00e4 antoi aiheen sen korjauksiin, ja vihdoin se restaurointiin perusteellisesti vuosien 1961-1975 v\u00e4lisen\u00e4 aikana. Korjattu linna on ollut siit\u00e4 l\u00e4htien haluttu h\u00e4iden ja muiden juhlien pitopaikka.<\/p>\n<p>Olavinlinna on kuuluisa oopperajuhlista, joita j\u00e4rjesti ensimm\u00e4isen\u00e4 oopperalaulajatar Aino Ackt\u00e9 jo vuonna 1912. H\u00e4nen juhlansa olivat edelt\u00e4jin\u00e4 vuonna 1967 alkaneille vuotuisille oopperajuhlille.<\/p>\n<p>Kortissa on Tottien sukuvaakuna ja lis\u00e4ksi Norjan, Tanskan ja Ruotsin muodostaman Kalmarin unionin vaakuna ja hallintoalue kartalla.<\/p>\n<p>Kuva on otettu kes\u00e4ll\u00e4 2019.<\/p>\n","protected":false},"excerpt":{"rendered":"<p>Yksitt\u00e4inen postikortti.<\/p>\n","protected":false},"featured_media":10297,"template":"","meta":[],"product_brand":[],"product_cat":[19],"product_tag":[329,126,115,122],"class_list":{"0":"post-10315","1":"product","2":"type-product","3":"status-publish","4":"has-post-thumbnail","6":"product_cat-kortit","7":"product_tag-linnat","8":"product_tag-maisemat","9":"product_tag-suomi","10":"product_tag-tekstit","11":"product_shipping_class-cards","13":"first","14":"instock","15":"taxable","16":"shipping-taxable","17":"purchasable","18":"product-type-simple"},"_links":{"self":[{"href":"https:\/\/minorpostcards.fi\/fi\/wp-json\/wp\/v2\/product\/10315","targetHints":{"allow":["GET"]}}],"collection":[{"href":"https:\/\/minorpostcards.fi\/fi\/wp-json\/wp\/v2\/product"}],"about":[{"href":"https:\/\/minorpostcards.fi\/fi\/wp-json\/wp\/v2\/types\/product"}],"wp:featuredmedia":[{"embeddable":true,"href":"https:\/\/minorpostcards.fi\/fi\/wp-json\/wp\/v2\/media\/10297"}],"wp:attachment":[{"href":"https:\/\/minorpostcards.fi\/fi\/wp-json\/wp\/v2\/media?parent=10315"}],"wp:term":[{"taxonomy":"product_brand","embeddable":true,"href":"https:\/\/minorpostcards.fi\/fi\/wp-json\/wp\/v2\/product_brand?post=10315"},{"taxonomy":"product_cat","embeddable":true,"href":"https:\/\/minorpostcards.fi\/fi\/wp-json\/wp\/v2\/product_cat?post=10315"},{"taxonomy":"product_tag","embeddable":true,"href":"https:\/\/minorpostcards.fi\/fi\/wp-json\/wp\/v2\/product_tag?post=10315"}],"curies":[{"name":"wp","href":"https:\/\/api.w.org\/{rel}","templated":true}]}}