{"id":10318,"date":"2019-09-18T14:32:17","date_gmt":"2019-09-18T14:32:19","guid":{"rendered":"https:\/\/minorpostcards.fi\/?post_type=product&#038;p=10318"},"modified":"2026-04-20T14:29:03","modified_gmt":"2026-04-20T11:29:03","slug":"sisu-suomi-kartta","status":"publish","type":"product","link":"https:\/\/minorpostcards.fi\/fi\/tuote\/kortit\/sisu-suomi-kartta\/","title":{"rendered":"Sisu Suomi kartta"},"content":{"rendered":"<p><span style=\"font-family: Arial, sans-serif;\"><span style=\"font-size: medium;\"><span style=\"color: #333333;\">Suomi-sanoista koottu Suomen kartta. Sisu, sauna ja salmiakki sek\u00e4 monta muuta suomalaisille t\u00e4rke\u00e4\u00e4 sanaa.<br \/>\n<\/span><\/span><\/span><\/p>\n<p>Kortti on p\u00e4ivitetty versio vuonna 2012 ilmestyneest\u00e4 kortista.<\/p>\n","protected":false},"excerpt":{"rendered":"<p>Yksitt\u00e4inen postikortti.<\/p>\n","protected":false},"featured_media":10295,"template":"","meta":[],"product_brand":[],"product_cat":[19],"product_tag":[130,115,122],"class_list":{"0":"post-10318","1":"product","2":"type-product","3":"status-publish","4":"has-post-thumbnail","6":"product_cat-kortit","7":"product_tag-kartat","8":"product_tag-suomi","9":"product_tag-tekstit","10":"product_shipping_class-cards","12":"first","13":"instock","14":"taxable","15":"shipping-taxable","16":"purchasable","17":"product-type-simple"},"_links":{"self":[{"href":"https:\/\/minorpostcards.fi\/fi\/wp-json\/wp\/v2\/product\/10318","targetHints":{"allow":["GET"]}}],"collection":[{"href":"https:\/\/minorpostcards.fi\/fi\/wp-json\/wp\/v2\/product"}],"about":[{"href":"https:\/\/minorpostcards.fi\/fi\/wp-json\/wp\/v2\/types\/product"}],"wp:featuredmedia":[{"embeddable":true,"href":"https:\/\/minorpostcards.fi\/fi\/wp-json\/wp\/v2\/media\/10295"}],"wp:attachment":[{"href":"https:\/\/minorpostcards.fi\/fi\/wp-json\/wp\/v2\/media?parent=10318"}],"wp:term":[{"taxonomy":"product_brand","embeddable":true,"href":"https:\/\/minorpostcards.fi\/fi\/wp-json\/wp\/v2\/product_brand?post=10318"},{"taxonomy":"product_cat","embeddable":true,"href":"https:\/\/minorpostcards.fi\/fi\/wp-json\/wp\/v2\/product_cat?post=10318"},{"taxonomy":"product_tag","embeddable":true,"href":"https:\/\/minorpostcards.fi\/fi\/wp-json\/wp\/v2\/product_tag?post=10318"}],"curies":[{"name":"wp","href":"https:\/\/api.w.org\/{rel}","templated":true}]}}