{"id":1082,"date":"2021-03-01T20:00:12","date_gmt":"2012-07-22T20:45:12","guid":{"rendered":"http:\/\/minorpostcards.fi\/product\/product\/hailuoto-lighthouse-hailuodon-majakka\/"},"modified":"2026-04-03T22:18:20","modified_gmt":"2026-04-03T19:18:20","slug":"hailuodon-majakka","status":"publish","type":"product","link":"https:\/\/minorpostcards.fi\/fi\/tuote\/kortit\/hailuodon-majakka\/","title":{"rendered":"Hailuodon majakka"},"content":{"rendered":"<p>Hailuodon saari on It\u00e4meren pohjoisimmassa osassa Per\u00e4merell\u00e4, noin 50 km:n p\u00e4\u00e4ss\u00e4 Oulusta. Majakka on aivan saaren l\u00e4ntisimm\u00e4ss\u00e4 k\u00e4rjess\u00e4 Marjaniemen kyl\u00e4ss\u00e4 ja sen paikalla on ollut erilaisia merenkulkijoita varoittavia merkkej\u00e4 jo vuodesta 1770 alkaen. Majakan vieress\u00e4 on vuonna 1962 rakennettu luotsiasema ja samassa rakennuksessa toimii my\u00f6s Oulun yliopiston Per\u00e4meren tutkimuslaitos. T\u00e4m\u00e4n majakan valo sytytettiin ensimm\u00e4isen kerran vuonna 1872 ja nykyisin sen valo kantaa l\u00e4hes 30 km:n p\u00e4\u00e4h\u00e4n merelle. Majakan korkeus on 25 m ja sen valo on 30,2 m korkeudella merenpinnasta. Majakkaan p\u00e4\u00e4see kiipe\u00e4m\u00e4\u00e4n kes\u00e4kautena oppaan kanssa.<\/p>\n","protected":false},"excerpt":{"rendered":"<p>Postikortti.<\/p>\n","protected":false},"featured_media":40529,"template":"","meta":[],"product_brand":[],"product_cat":[19],"product_tag":[126,303,115],"class_list":{"0":"post-1082","1":"product","2":"type-product","3":"status-publish","4":"has-post-thumbnail","6":"product_cat-kortit","7":"product_tag-maisemat","8":"product_tag-majakat-fi","9":"product_tag-suomi","10":"product_shipping_class-cards","12":"first","13":"instock","14":"taxable","15":"shipping-taxable","16":"purchasable","17":"product-type-simple"},"_links":{"self":[{"href":"https:\/\/minorpostcards.fi\/fi\/wp-json\/wp\/v2\/product\/1082","targetHints":{"allow":["GET"]}}],"collection":[{"href":"https:\/\/minorpostcards.fi\/fi\/wp-json\/wp\/v2\/product"}],"about":[{"href":"https:\/\/minorpostcards.fi\/fi\/wp-json\/wp\/v2\/types\/product"}],"wp:featuredmedia":[{"embeddable":true,"href":"https:\/\/minorpostcards.fi\/fi\/wp-json\/wp\/v2\/media\/40529"}],"wp:attachment":[{"href":"https:\/\/minorpostcards.fi\/fi\/wp-json\/wp\/v2\/media?parent=1082"}],"wp:term":[{"taxonomy":"product_brand","embeddable":true,"href":"https:\/\/minorpostcards.fi\/fi\/wp-json\/wp\/v2\/product_brand?post=1082"},{"taxonomy":"product_cat","embeddable":true,"href":"https:\/\/minorpostcards.fi\/fi\/wp-json\/wp\/v2\/product_cat?post=1082"},{"taxonomy":"product_tag","embeddable":true,"href":"https:\/\/minorpostcards.fi\/fi\/wp-json\/wp\/v2\/product_tag?post=1082"}],"curies":[{"name":"wp","href":"https:\/\/api.w.org\/{rel}","templated":true}]}}