{"id":1088,"date":"2021-03-01T20:47:32","date_gmt":"2021-03-01T20:47:32","guid":{"rendered":"http:\/\/minorpostcards.fi\/product\/product\/heart-of-stone-kivisydan\/"},"modified":"2025-11-13T12:33:51","modified_gmt":"2025-11-13T10:33:51","slug":"kivisydan","status":"publish","type":"product","link":"https:\/\/minorpostcards.fi\/fi\/tuote\/kortit\/kivisydan\/","title":{"rendered":"Kivisyd\u00e4n"},"content":{"rendered":"<p>T\u00e4m\u00e4n kortin kuva on tytt\u00f6jeni ottama, se oli syntym\u00e4p\u00e4iv\u00e4kortissani muutama vuosi sitten. Kortissa oleva kivisyd\u00e4n on oikeasti syd\u00e4men muotoinen kivi jonka he l\u00f6ysiv\u00e4t kotitien pientareelta.<\/p>\n","protected":false},"excerpt":{"rendered":"<p>Postikortti.<\/p>\n","protected":false},"featured_media":4069,"template":"","meta":[],"product_brand":[],"product_cat":[19],"product_tag":[286,118],"class_list":{"0":"post-1088","1":"product","2":"type-product","3":"status-publish","4":"has-post-thumbnail","6":"product_cat-kortit","7":"product_tag-luonto","8":"product_tag-mustavalkea","9":"product_shipping_class-cards","11":"first","12":"instock","13":"taxable","14":"shipping-taxable","15":"purchasable","16":"product-type-simple"},"_links":{"self":[{"href":"https:\/\/minorpostcards.fi\/fi\/wp-json\/wp\/v2\/product\/1088","targetHints":{"allow":["GET"]}}],"collection":[{"href":"https:\/\/minorpostcards.fi\/fi\/wp-json\/wp\/v2\/product"}],"about":[{"href":"https:\/\/minorpostcards.fi\/fi\/wp-json\/wp\/v2\/types\/product"}],"wp:featuredmedia":[{"embeddable":true,"href":"https:\/\/minorpostcards.fi\/fi\/wp-json\/wp\/v2\/media\/4069"}],"wp:attachment":[{"href":"https:\/\/minorpostcards.fi\/fi\/wp-json\/wp\/v2\/media?parent=1088"}],"wp:term":[{"taxonomy":"product_brand","embeddable":true,"href":"https:\/\/minorpostcards.fi\/fi\/wp-json\/wp\/v2\/product_brand?post=1088"},{"taxonomy":"product_cat","embeddable":true,"href":"https:\/\/minorpostcards.fi\/fi\/wp-json\/wp\/v2\/product_cat?post=1088"},{"taxonomy":"product_tag","embeddable":true,"href":"https:\/\/minorpostcards.fi\/fi\/wp-json\/wp\/v2\/product_tag?post=1088"}],"curies":[{"name":"wp","href":"https:\/\/api.w.org\/{rel}","templated":true}]}}