{"id":14722,"date":"2019-10-28T07:39:19","date_gmt":"2019-10-28T07:39:19","guid":{"rendered":"https:\/\/minorpostcards.fi\/?post_type=product&#038;p=14722"},"modified":"2026-04-24T10:25:05","modified_gmt":"2026-04-24T07:25:05","slug":"postilaatikko-tarra-arkki","status":"publish","type":"product","link":"https:\/\/minorpostcards.fi\/fi\/tuote\/tarrat\/postilaatikko-tarra-arkki\/","title":{"rendered":"Postilaatikkoaita tarra-arkki"},"content":{"rendered":"<p>T\u00e4ss\u00e4 tarra-arkissa on kuvituksena valkea aita ja siin\u00e4 v\u00e4rikk\u00e4it\u00e4 postilaatikoita.<\/p>\n<p>Tarra-arkin aiheet ovat tuttuja kivasta <a href=\"https:\/\/minorpostcards.fi\/fi\/tuote\/muut\/washi-teipit\/postilaatikkoaita-washi-teippi\/\" target=\"_blank\" rel=\"noopener noreferrer\">Postilaatikkoaita washi-teipist\u00e4<\/a>, jonka piirrokset on tehnyt mieheni Martti.<\/p>\n<p>Tarramateriaali on kiilt\u00e4v\u00e4pintainen ja muotoonleikattujen tarrojen koko sopii t\u00e4ydellisesti korttien ja kirjekuorien koristeluun.<\/p>\n<p>Arkin koko on 9,5 cm x 12,5 cm ja siin\u00e4 on 13 tarraa.<\/p>\n","protected":false},"excerpt":{"rendered":"<p>Tarra-arkki.<\/p>\n","protected":false},"featured_media":14673,"template":"","meta":[],"product_brand":[],"product_cat":[173],"product_tag":[305,245],"class_list":{"0":"post-14722","1":"product","2":"type-product","3":"status-publish","4":"has-post-thumbnail","6":"product_cat-tarrat","7":"product_tag-sekalaiset","8":"product_tag-tarrat","9":"product_shipping_class-cards","11":"first","12":"instock","13":"taxable","14":"shipping-taxable","15":"purchasable","16":"product-type-simple"},"_links":{"self":[{"href":"https:\/\/minorpostcards.fi\/fi\/wp-json\/wp\/v2\/product\/14722","targetHints":{"allow":["GET"]}}],"collection":[{"href":"https:\/\/minorpostcards.fi\/fi\/wp-json\/wp\/v2\/product"}],"about":[{"href":"https:\/\/minorpostcards.fi\/fi\/wp-json\/wp\/v2\/types\/product"}],"wp:featuredmedia":[{"embeddable":true,"href":"https:\/\/minorpostcards.fi\/fi\/wp-json\/wp\/v2\/media\/14673"}],"wp:attachment":[{"href":"https:\/\/minorpostcards.fi\/fi\/wp-json\/wp\/v2\/media?parent=14722"}],"wp:term":[{"taxonomy":"product_brand","embeddable":true,"href":"https:\/\/minorpostcards.fi\/fi\/wp-json\/wp\/v2\/product_brand?post=14722"},{"taxonomy":"product_cat","embeddable":true,"href":"https:\/\/minorpostcards.fi\/fi\/wp-json\/wp\/v2\/product_cat?post=14722"},{"taxonomy":"product_tag","embeddable":true,"href":"https:\/\/minorpostcards.fi\/fi\/wp-json\/wp\/v2\/product_tag?post=14722"}],"curies":[{"name":"wp","href":"https:\/\/api.w.org\/{rel}","templated":true}]}}