{"id":14729,"date":"2019-10-28T08:35:25","date_gmt":"2019-10-28T08:35:25","guid":{"rendered":"https:\/\/minorpostcards.fi\/?post_type=product&#038;p=14729"},"modified":"2026-04-11T14:07:55","modified_gmt":"2026-04-11T11:07:55","slug":"pico-mayrakoira-tarra-arkki","status":"publish","type":"product","link":"https:\/\/minorpostcards.fi\/fi\/tuote\/tarrat\/pico-mayrakoira-tarra-arkki\/","title":{"rendered":"\u201dPico\u201d m\u00e4yr\u00e4koira tarra-arkki"},"content":{"rendered":"<p>M\u00e4yr\u00e4koirat ovat mahtavia tapauksia, se on meille se kaikista rakkain koirarotu. M\u00e4ykkis eli m\u00e4ykky on aina ollut meill\u00e4 perheenj\u00e4sen, ja t\u00e4m\u00e4 teippi on nimetty tytt\u00e4ren Pico-koiran mukaan.<\/p>\n<p>Tarra-arkin aiheet ovat tuttuja suloisesta <a href=\"https:\/\/minorpostcards.fi\/fi\/tuote\/muut\/washi-teipit\/pico-mayrakoira-washi-teippi\/\" target=\"_blank\" rel=\"noopener noreferrer\">\u201dPico\u201d m\u00e4yr\u00e4koira washi-teipist\u00e4<\/a>, jonka piirrokset on tehnyt mieheni Martti.<\/p>\n<p>Tarramateriaali on kiilt\u00e4v\u00e4pintainen ja muotoonleikattujen tarrojen koko sopii t\u00e4ydellisesti korttien ja kirjekuorien koristeluun.<\/p>\n<p>Arkin koko on 12,5 cm x 9,5 cm ja siin\u00e4 on 19 tarraa.<\/p>\n","protected":false},"excerpt":{"rendered":"<p>Tarra-arkki.<\/p>\n","protected":false},"featured_media":14675,"template":"","meta":[],"product_brand":[],"product_cat":[173],"product_tag":[305,245],"class_list":{"0":"post-14729","1":"product","2":"type-product","3":"status-publish","4":"has-post-thumbnail","6":"product_cat-tarrat","7":"product_tag-sekalaiset","8":"product_tag-tarrat","9":"product_shipping_class-cards","11":"first","12":"instock","13":"taxable","14":"shipping-taxable","15":"purchasable","16":"product-type-simple"},"_links":{"self":[{"href":"https:\/\/minorpostcards.fi\/fi\/wp-json\/wp\/v2\/product\/14729","targetHints":{"allow":["GET"]}}],"collection":[{"href":"https:\/\/minorpostcards.fi\/fi\/wp-json\/wp\/v2\/product"}],"about":[{"href":"https:\/\/minorpostcards.fi\/fi\/wp-json\/wp\/v2\/types\/product"}],"wp:featuredmedia":[{"embeddable":true,"href":"https:\/\/minorpostcards.fi\/fi\/wp-json\/wp\/v2\/media\/14675"}],"wp:attachment":[{"href":"https:\/\/minorpostcards.fi\/fi\/wp-json\/wp\/v2\/media?parent=14729"}],"wp:term":[{"taxonomy":"product_brand","embeddable":true,"href":"https:\/\/minorpostcards.fi\/fi\/wp-json\/wp\/v2\/product_brand?post=14729"},{"taxonomy":"product_cat","embeddable":true,"href":"https:\/\/minorpostcards.fi\/fi\/wp-json\/wp\/v2\/product_cat?post=14729"},{"taxonomy":"product_tag","embeddable":true,"href":"https:\/\/minorpostcards.fi\/fi\/wp-json\/wp\/v2\/product_tag?post=14729"}],"curies":[{"name":"wp","href":"https:\/\/api.w.org\/{rel}","templated":true}]}}