{"id":14733,"date":"2015-09-19T08:50:05","date_gmt":"2015-09-19T05:50:05","guid":{"rendered":"https:\/\/minorpostcards.fi\/?post_type=product&#038;p=14733"},"modified":"2025-12-06T10:47:48","modified_gmt":"2025-12-06T08:47:48","slug":"tonttu-toljanteri-tarra-arkki","status":"publish","type":"product","link":"https:\/\/minorpostcards.fi\/fi\/tuote\/tarrat\/tonttu-toljanteri-tarra-arkki\/","title":{"rendered":"Tonttu \u201dToljanteri\u201d tarra-arkki"},"content":{"rendered":"<p>Suomen tunnetuin Joulupukin apulainen on ehk\u00e4 tonttu Toljanteri. Toljanteri on kiltti ja hyv\u00e4syd\u00e4minen tonttu ja teippi on nimetty h\u00e4nen mukaansa.<\/p>\n<p>Tarra-arkin aiheet ovat tuttuja hauskasta <a href=\"https:\/\/minorpostcards.fi\/fi\/tuote\/muut\/washi-teipit\/tonttu-toljanteri-washi-teippi\/\" target=\"_blank\" rel=\"noopener noreferrer\">Tonttu &#8221;Toljanteri&#8221; washi-teipist\u00e4<\/a>, jonka piirrokset on tehnyt mieheni Martti.<\/p>\n<p>Tarramateriaali on kiilt\u00e4v\u00e4pintainen ja muotoonleikattujen tarrojen koko sopii t\u00e4ydellisesti joulukorttien ja kirjekuorien koristeluun.<\/p>\n<p>Arkin koko on 9,5 cm x 12,5 cm ja siin\u00e4 on 13 tarraa.<\/p>\n","protected":false},"excerpt":{"rendered":"<p>Tarra-arkki.<\/p>\n","protected":false},"featured_media":14669,"template":"","meta":[],"product_brand":[],"product_cat":[173],"product_tag":[285,305,245],"class_list":{"0":"post-14733","1":"product","2":"type-product","3":"status-publish","4":"has-post-thumbnail","6":"product_cat-tarrat","7":"product_tag-joulu","8":"product_tag-sekalaiset","9":"product_tag-tarrat","10":"product_shipping_class-cards","12":"first","13":"instock","14":"taxable","15":"shipping-taxable","16":"purchasable","17":"product-type-simple"},"_links":{"self":[{"href":"https:\/\/minorpostcards.fi\/fi\/wp-json\/wp\/v2\/product\/14733","targetHints":{"allow":["GET"]}}],"collection":[{"href":"https:\/\/minorpostcards.fi\/fi\/wp-json\/wp\/v2\/product"}],"about":[{"href":"https:\/\/minorpostcards.fi\/fi\/wp-json\/wp\/v2\/types\/product"}],"wp:featuredmedia":[{"embeddable":true,"href":"https:\/\/minorpostcards.fi\/fi\/wp-json\/wp\/v2\/media\/14669"}],"wp:attachment":[{"href":"https:\/\/minorpostcards.fi\/fi\/wp-json\/wp\/v2\/media?parent=14733"}],"wp:term":[{"taxonomy":"product_brand","embeddable":true,"href":"https:\/\/minorpostcards.fi\/fi\/wp-json\/wp\/v2\/product_brand?post=14733"},{"taxonomy":"product_cat","embeddable":true,"href":"https:\/\/minorpostcards.fi\/fi\/wp-json\/wp\/v2\/product_cat?post=14733"},{"taxonomy":"product_tag","embeddable":true,"href":"https:\/\/minorpostcards.fi\/fi\/wp-json\/wp\/v2\/product_tag?post=14733"}],"curies":[{"name":"wp","href":"https:\/\/api.w.org\/{rel}","templated":true}]}}