{"id":16741,"date":"2009-05-03T17:39:38","date_gmt":"2009-05-03T14:39:38","guid":{"rendered":"https:\/\/minorpostcards.fi\/?post_type=product&#038;p=16741"},"modified":"2025-12-08T19:11:06","modified_gmt":"2025-12-08T17:11:06","slug":"joulupallot-merry-christmas","status":"publish","type":"product","link":"https:\/\/minorpostcards.fi\/fi\/tuote\/kortit\/joulupallot-merry-christmas\/","title":{"rendered":"Joulupallot &#8211; Merry Christmas!"},"content":{"rendered":"<div>N\u00e4m\u00e4 kuusenkoristeet n\u00e4ytt\u00e4v\u00e4t ihan lasipalloilta, vaikka ovat vain j\u00e4\u00e4tyneit\u00e4 saippuakuplia. On kuin taikuutta miten saippuakupla j\u00e4\u00e4tyy hetkess\u00e4 katsoessasi sit\u00e4.<\/div>\n<div>\u00a0<\/div>\n<p>&nbsp;<\/p>\n<div>T\u00e4m\u00e4 kiehtova ja taianomainen kuva on painettu kimaltavalle kartongille, mik\u00e4 korostaa j\u00e4\u00e4tyneit\u00e4 saippuakuplia. Se on saatavilla sek\u00e4 <a href=\"https:\/\/minorpostcards.fi\/fi\/tuote\/kortit\/joulupallot-hyvaa-joulua\/\" target=\"_blank\" rel=\"noopener noreferrer\">suomenkielisen\u00e4<\/a> ett\u00e4 <a href=\"https:\/\/minorpostcards.fi\/fi\/?post_type=product&#038;p=16734\" target=\"_blank\" rel=\"noopener noreferrer\">ilman teksti\u00e4<\/a>.<\/div>\n<div>\u00a0<\/div>\n<p>&nbsp;<\/p>\n<div>Muita j\u00e4\u00e4tyneit\u00e4 saippuakuplia l\u00f6ytyy korteista <a href=\"https:\/\/minorpostcards.fi\/fi\/?post_type=product&amp;p=16729\" target=\"_blank\" rel=\"noopener noreferrer\">J\u00e4\u00e4maailma<\/a>\u00a0ja <a href=\"https:\/\/minorpostcards.fi\/fi\/?post_type=product&amp;p=16731\" target=\"_blank\" rel=\"noopener noreferrer\">J\u00e4\u00e4kuoret<\/a>.<\/div>\n","protected":false},"excerpt":{"rendered":"<p>Yksitt\u00e4inen postikortti.<\/p>\n","protected":false},"featured_media":16707,"template":"","meta":[],"product_brand":[],"product_cat":[19],"product_tag":[285,120],"class_list":{"0":"post-16741","1":"product","2":"type-product","3":"status-publish","4":"has-post-thumbnail","6":"product_cat-kortit","7":"product_tag-joulu","8":"product_tag-talvi","9":"product_shipping_class-cards","11":"first","12":"instock","13":"taxable","14":"shipping-taxable","15":"purchasable","16":"product-type-simple"},"_links":{"self":[{"href":"https:\/\/minorpostcards.fi\/fi\/wp-json\/wp\/v2\/product\/16741","targetHints":{"allow":["GET"]}}],"collection":[{"href":"https:\/\/minorpostcards.fi\/fi\/wp-json\/wp\/v2\/product"}],"about":[{"href":"https:\/\/minorpostcards.fi\/fi\/wp-json\/wp\/v2\/types\/product"}],"wp:featuredmedia":[{"embeddable":true,"href":"https:\/\/minorpostcards.fi\/fi\/wp-json\/wp\/v2\/media\/16707"}],"wp:attachment":[{"href":"https:\/\/minorpostcards.fi\/fi\/wp-json\/wp\/v2\/media?parent=16741"}],"wp:term":[{"taxonomy":"product_brand","embeddable":true,"href":"https:\/\/minorpostcards.fi\/fi\/wp-json\/wp\/v2\/product_brand?post=16741"},{"taxonomy":"product_cat","embeddable":true,"href":"https:\/\/minorpostcards.fi\/fi\/wp-json\/wp\/v2\/product_cat?post=16741"},{"taxonomy":"product_tag","embeddable":true,"href":"https:\/\/minorpostcards.fi\/fi\/wp-json\/wp\/v2\/product_tag?post=16741"}],"curies":[{"name":"wp","href":"https:\/\/api.w.org\/{rel}","templated":true}]}}