{"id":16745,"date":"2009-05-03T13:19:15","date_gmt":"2009-05-03T10:19:15","guid":{"rendered":"https:\/\/minorpostcards.fi\/?post_type=product&#038;p=16745"},"modified":"2025-12-08T19:11:06","modified_gmt":"2025-12-08T17:11:06","slug":"joulupallot-hyvaa-joulua","status":"publish","type":"product","link":"https:\/\/minorpostcards.fi\/fi\/tuote\/kortit\/joulupallot-hyvaa-joulua\/","title":{"rendered":"Joulupallot &#8211; Hyv\u00e4\u00e4 Joulua!"},"content":{"rendered":"<div>N\u00e4m\u00e4 kuusenkoristeet n\u00e4ytt\u00e4v\u00e4t ihan lasipalloilta, vaikka ovat vain j\u00e4\u00e4tyneit\u00e4 saippuakuplia. On kuin taikuutta miten saippuakupla j\u00e4\u00e4tyy hetkess\u00e4 kun katsot sit\u00e4.<\/div>\n<div><\/div>\n<p>T\u00e4ss\u00e4 kortissa on tavallisuudesta poikkeava mattapinnoite. Sen ansiosta kortin pinta tuntuu pehme\u00e4lle, melkein kankaiselle, ja sit\u00e4 voi hypistell\u00e4 vapaasti koska pintaan ei j\u00e4\u00e4 sormenj\u00e4lki\u00e4!<\/p>\n<div>T\u00e4m\u00e4 kiehtova ja taianomainen kuva on saatavilla kimaltavalle kartongille painettuna sek\u00e4 <a href=\"https:\/\/minorpostcards.fi\/?post_type=product&amp;p=16740\" target=\"_blank\" rel=\"noopener noreferrer\">englanninkielisen\u00e4<\/a> ett\u00e4 <a href=\"https:\/\/minorpostcards.fi\/fi\/?post_type=product&amp;p=16734\" target=\"_blank\" rel=\"noopener noreferrer\">ilman teksti\u00e4<\/a>.<\/div>\n<div><\/div>\n<div>Muita j\u00e4\u00e4tyneit\u00e4 saippuakuplia l\u00f6ytyy korteista <a href=\"https:\/\/minorpostcards.fi\/fi\/?post_type=product&amp;p=16729\" target=\"_blank\" rel=\"noopener noreferrer\">J\u00e4\u00e4maailma<\/a>\u00a0ja <a href=\"https:\/\/minorpostcards.fi\/fi\/?post_type=product&amp;p=16731\" target=\"_blank\" rel=\"noopener noreferrer\">J\u00e4\u00e4kuoret<\/a>.<\/div>\n","protected":false},"excerpt":{"rendered":"<p>Postikortti.<\/p>\n","protected":false},"featured_media":49561,"template":"","meta":[],"product_brand":[],"product_cat":[19],"product_tag":[285,304,120],"class_list":{"0":"post-16745","1":"product","2":"type-product","3":"status-publish","4":"has-post-thumbnail","6":"product_cat-kortit","7":"product_tag-joulu","8":"product_tag-mattapinta","9":"product_tag-talvi","10":"product_shipping_class-cards","12":"first","13":"instock","14":"taxable","15":"shipping-taxable","16":"purchasable","17":"product-type-simple"},"_links":{"self":[{"href":"https:\/\/minorpostcards.fi\/fi\/wp-json\/wp\/v2\/product\/16745","targetHints":{"allow":["GET"]}}],"collection":[{"href":"https:\/\/minorpostcards.fi\/fi\/wp-json\/wp\/v2\/product"}],"about":[{"href":"https:\/\/minorpostcards.fi\/fi\/wp-json\/wp\/v2\/types\/product"}],"wp:featuredmedia":[{"embeddable":true,"href":"https:\/\/minorpostcards.fi\/fi\/wp-json\/wp\/v2\/media\/49561"}],"wp:attachment":[{"href":"https:\/\/minorpostcards.fi\/fi\/wp-json\/wp\/v2\/media?parent=16745"}],"wp:term":[{"taxonomy":"product_brand","embeddable":true,"href":"https:\/\/minorpostcards.fi\/fi\/wp-json\/wp\/v2\/product_brand?post=16745"},{"taxonomy":"product_cat","embeddable":true,"href":"https:\/\/minorpostcards.fi\/fi\/wp-json\/wp\/v2\/product_cat?post=16745"},{"taxonomy":"product_tag","embeddable":true,"href":"https:\/\/minorpostcards.fi\/fi\/wp-json\/wp\/v2\/product_tag?post=16745"}],"curies":[{"name":"wp","href":"https:\/\/api.w.org\/{rel}","templated":true}]}}