{"id":16760,"date":"2009-05-02T19:33:48","date_gmt":"2019-11-17T19:33:49","guid":{"rendered":"https:\/\/minorpostcards.fi\/?post_type=product&#038;p=16760"},"modified":"2025-12-08T19:11:06","modified_gmt":"2025-12-08T17:11:06","slug":"metsamokki-seasons-greetings","status":"publish","type":"product","link":"https:\/\/minorpostcards.fi\/fi\/tuote\/kortit\/metsamokki-seasons-greetings\/","title":{"rendered":"Mets\u00e4m\u00f6kki &#8211; Season&#8217;s greetings!"},"content":{"rendered":"<div>Pieni punainen m\u00f6kki synk\u00e4ss\u00e4 mets\u00e4ss\u00e4 n\u00e4ytt\u00e4\u00e4 ihan kuin se olisi jostain sadusta&#8230; ehk\u00e4 Iso paha susi tai Lumikki&#8230; vai voisiko se olla tonttujen m\u00f6kki?<\/div>\n<p>&nbsp;<\/p>\n<div><\/div>\n<div>Kortti on painettu kimaltavalle\u00a0<wbr \/>erikoiskartongille ja t\u00e4m\u00e4 sama korttimalli on saatavilla my\u00f6s <a href=\"https:\/\/minorpostcards.fi\/fi\/?post_type=product&#038;p=16755\" target=\"_blank\" rel=\"noopener noreferrer\">ilman teksti\u00e4<\/a>.<\/div>\n","protected":false},"excerpt":{"rendered":"<p>Yksitt\u00e4inen postikortti.<\/p>\n","protected":false},"featured_media":16719,"template":"","meta":[],"product_brand":[],"product_cat":[19],"product_tag":[285,126,120,122],"class_list":{"0":"post-16760","1":"product","2":"type-product","3":"status-publish","4":"has-post-thumbnail","6":"product_cat-kortit","7":"product_tag-joulu","8":"product_tag-maisemat","9":"product_tag-talvi","10":"product_tag-tekstit","11":"product_shipping_class-cards","13":"first","14":"instock","15":"taxable","16":"shipping-taxable","17":"purchasable","18":"product-type-simple"},"_links":{"self":[{"href":"https:\/\/minorpostcards.fi\/fi\/wp-json\/wp\/v2\/product\/16760","targetHints":{"allow":["GET"]}}],"collection":[{"href":"https:\/\/minorpostcards.fi\/fi\/wp-json\/wp\/v2\/product"}],"about":[{"href":"https:\/\/minorpostcards.fi\/fi\/wp-json\/wp\/v2\/types\/product"}],"wp:featuredmedia":[{"embeddable":true,"href":"https:\/\/minorpostcards.fi\/fi\/wp-json\/wp\/v2\/media\/16719"}],"wp:attachment":[{"href":"https:\/\/minorpostcards.fi\/fi\/wp-json\/wp\/v2\/media?parent=16760"}],"wp:term":[{"taxonomy":"product_brand","embeddable":true,"href":"https:\/\/minorpostcards.fi\/fi\/wp-json\/wp\/v2\/product_brand?post=16760"},{"taxonomy":"product_cat","embeddable":true,"href":"https:\/\/minorpostcards.fi\/fi\/wp-json\/wp\/v2\/product_cat?post=16760"},{"taxonomy":"product_tag","embeddable":true,"href":"https:\/\/minorpostcards.fi\/fi\/wp-json\/wp\/v2\/product_tag?post=16760"}],"curies":[{"name":"wp","href":"https:\/\/api.w.org\/{rel}","templated":true}]}}