{"id":16762,"date":"2021-11-12T19:42:15","date_gmt":"2021-11-12T19:42:15","guid":{"rendered":"https:\/\/minorpostcards.fi\/?post_type=product&#038;p=16762"},"modified":"2026-01-02T21:52:40","modified_gmt":"2026-01-02T19:52:40","slug":"pakkaspostia","status":"publish","type":"product","link":"https:\/\/minorpostcards.fi\/fi\/tuote\/kortit\/pakkaspostia\/","title":{"rendered":"Pakkaspostia"},"content":{"rendered":"<div>Naapurin postilaatikko on vanhan pihlajan juurella.Se on kaunis kaikkina vuodenaikoina: Talvella sen oksilla on lunta ja huurretta,kev\u00e4\u00e4ll\u00e4 se kukkii valkein kukin, kes\u00e4ll\u00e4 lehdet ovat syv\u00e4n vihre\u00e4t ja syksyll\u00e4 oranssinpunaiset marjat houkuttelevat lintuja sen oksille.<\/div>\n<p>&nbsp;<\/p>\n<div><\/div>\n<div>Kortti on painettu kimaltavalle\u00a0<wbr \/>erikoiskartongille joka saa huurteen ja lumen s\u00e4dehtim\u00e4\u00e4n todella ihanasti.<\/div>\n","protected":false},"excerpt":{"rendered":"<p>Postikortti.<\/p>\n","protected":false},"featured_media":49721,"template":"","meta":[],"product_brand":[],"product_cat":[19],"product_tag":[126,147,120],"class_list":{"0":"post-16762","1":"product","2":"type-product","3":"status-publish","4":"has-post-thumbnail","6":"product_cat-kortit","7":"product_tag-maisemat","8":"product_tag-posti","9":"product_tag-talvi","10":"product_shipping_class-cards","12":"first","13":"instock","14":"taxable","15":"shipping-taxable","16":"purchasable","17":"product-type-simple"},"_links":{"self":[{"href":"https:\/\/minorpostcards.fi\/fi\/wp-json\/wp\/v2\/product\/16762","targetHints":{"allow":["GET"]}}],"collection":[{"href":"https:\/\/minorpostcards.fi\/fi\/wp-json\/wp\/v2\/product"}],"about":[{"href":"https:\/\/minorpostcards.fi\/fi\/wp-json\/wp\/v2\/types\/product"}],"wp:featuredmedia":[{"embeddable":true,"href":"https:\/\/minorpostcards.fi\/fi\/wp-json\/wp\/v2\/media\/49721"}],"wp:attachment":[{"href":"https:\/\/minorpostcards.fi\/fi\/wp-json\/wp\/v2\/media?parent=16762"}],"wp:term":[{"taxonomy":"product_brand","embeddable":true,"href":"https:\/\/minorpostcards.fi\/fi\/wp-json\/wp\/v2\/product_brand?post=16762"},{"taxonomy":"product_cat","embeddable":true,"href":"https:\/\/minorpostcards.fi\/fi\/wp-json\/wp\/v2\/product_cat?post=16762"},{"taxonomy":"product_tag","embeddable":true,"href":"https:\/\/minorpostcards.fi\/fi\/wp-json\/wp\/v2\/product_tag?post=16762"}],"curies":[{"name":"wp","href":"https:\/\/api.w.org\/{rel}","templated":true}]}}