{"id":16971,"date":"2019-11-19T10:39:53","date_gmt":"2019-11-19T10:39:54","guid":{"rendered":"https:\/\/minorpostcards.fi\/?post_type=product&#038;p=16971"},"modified":"2024-08-24T20:51:40","modified_gmt":"2024-08-24T17:51:40","slug":"jonsukat-henkarilla","status":"publish","type":"product","link":"https:\/\/minorpostcards.fi\/fi\/tuote\/kortit\/jonsukat-henkarilla\/","title":{"rendered":"JonSukat henkarilla"},"content":{"rendered":"<div><span style=\"color: #000000;\">T\u00e4ss\u00e4 niit\u00e4 on, ihanan v\u00e4rikk\u00e4it\u00e4 raidallisia JonSukat-malleja! Jonna Nordstr\u00f6min suunnittelemista kirjoneuleista on tullut nopeasti hyvin suosittuja ja rakastettuja neulemalleja. Parissa Facebookin neuleryhm\u00e4ss\u00e4 jaettu kuva ensimm\u00e4isist\u00e4 sukista aloitti heti mallin levi\u00e4misen neulojien keskuudessa. Aluksi mallia otettiin kuvasta, sitten Jonnan tekem\u00e4st\u00e4 ja ilmaiseksi jakamasta ohjeesta. Ensimm\u00e4isest\u00e4 mallista alkanut ilmi\u00f6 on laajentunut ajan kuluessa: ensin oli Jonnan Villasukkarakkautta-<wbr \/>blogi, sitten JonSukkia varten perustettiin Facebook-ryhm\u00e4, jossa on jo yli 32000 j\u00e4sent\u00e4&#8230; erilaisia neulemalleja on ollut monissa lehdiss\u00e4 Jonnan haastattelujen kera, ja vastik\u00e4\u00e4n on julkaistu ensimm\u00e4inen kirja JonSukat-malleista. Nyt ihanista JonSukat-malleista on julkaistu my\u00f6s postikortteja!<\/span><\/div>\n<p><span style=\"color: #000000;\">Jonnan tuotteita l\u00f6ytyy Porissa k\u00e4sity\u00f6puoti Kahdeksikosta. Jos neuloosi on iskenyt sinuun ja haluat tehd\u00e4 sukat JonSukat-mallilla, liity sukkien omaan FB-ryhm\u00e4\u00e4n: \u00a0Villasukkarakkautta by Jonna<\/span><\/p>\n<div><a href=\"https:\/\/www.facebook.com\/groups\/1842307952676473\/\" target=\"_blank\" rel=\"noopener noreferrer\" data-saferedirecturl=\"https:\/\/www.google.com\/url?q=https:\/\/www.facebook.com\/groups\/1842307952676473\/&amp;source=gmail&amp;ust=1574440710434000&amp;usg=AFQjCNH1YMty5T-SIgywljpdPUbzaZBj6A\">https:\/\/www.facebook.com\/<wbr \/>groups\/1842307952676473\/<\/a><\/div>\n<div><span style=\"color: #000000;\">Korttikuva: Jonna \/ JonDesigns<\/span><\/div>\n","protected":false},"excerpt":{"rendered":"<p>Postikortti.<\/p>\n","protected":false},"featured_media":17189,"template":"","meta":[],"product_brand":[],"product_cat":[19],"product_tag":[298,128,115],"class_list":{"0":"post-16971","1":"product","2":"type-product","3":"status-publish","4":"has-post-thumbnail","6":"product_cat-kortit","7":"product_tag-kasityot-ja-harrastukset","8":"product_tag-nostalgia","9":"product_tag-suomi","10":"product_shipping_class-cards","12":"first","13":"outofstock","14":"taxable","15":"shipping-taxable","16":"purchasable","17":"product-type-simple"},"_links":{"self":[{"href":"https:\/\/minorpostcards.fi\/fi\/wp-json\/wp\/v2\/product\/16971","targetHints":{"allow":["GET"]}}],"collection":[{"href":"https:\/\/minorpostcards.fi\/fi\/wp-json\/wp\/v2\/product"}],"about":[{"href":"https:\/\/minorpostcards.fi\/fi\/wp-json\/wp\/v2\/types\/product"}],"wp:featuredmedia":[{"embeddable":true,"href":"https:\/\/minorpostcards.fi\/fi\/wp-json\/wp\/v2\/media\/17189"}],"wp:attachment":[{"href":"https:\/\/minorpostcards.fi\/fi\/wp-json\/wp\/v2\/media?parent=16971"}],"wp:term":[{"taxonomy":"product_brand","embeddable":true,"href":"https:\/\/minorpostcards.fi\/fi\/wp-json\/wp\/v2\/product_brand?post=16971"},{"taxonomy":"product_cat","embeddable":true,"href":"https:\/\/minorpostcards.fi\/fi\/wp-json\/wp\/v2\/product_cat?post=16971"},{"taxonomy":"product_tag","embeddable":true,"href":"https:\/\/minorpostcards.fi\/fi\/wp-json\/wp\/v2\/product_tag?post=16971"}],"curies":[{"name":"wp","href":"https:\/\/api.w.org\/{rel}","templated":true}]}}