{"id":1808,"date":"2017-04-20T19:15:18","date_gmt":"2012-11-16T17:01:31","guid":{"rendered":"http:\/\/minorpostcards.fi\/product\/kortit\/old-rauma-in-the-dusk-vanha-rauma-iltahamarassa-2"},"modified":"2026-04-20T14:29:04","modified_gmt":"2026-04-20T11:29:04","slug":"old-rauma-in-the-dusk-unesco-vanha-rauma-iltahamarassa","status":"publish","type":"product","link":"https:\/\/minorpostcards.fi\/fi\/tuote\/kortit\/old-rauma-in-the-dusk-unesco-vanha-rauma-iltahamarassa\/","title":{"rendered":"Old Rauma in the dusk  &#8211; UNESCO &#8211; Vanha Rauma iltah\u00e4m\u00e4r\u00e4ss\u00e4"},"content":{"rendered":"<p>Vanha Rauma on idyllinen tihe\u00e4sti rakennettu matalia puutaloja t\u00e4ynn\u00e4 oleva alue Rauman kaupungin keskustassa. Se valittiin Unescon maailmanperint\u00f6luetteloon vuonna 1991. Alue kuuluu my\u00f6s Museoviraston listalle jossa on Suomen valtakunnallisesti merkitt\u00e4v\u00e4t rakennetut kulttuuriymp\u00e4rist\u00f6t.<\/p>\n","protected":false},"excerpt":{"rendered":"<p>Yksitt\u00e4inen postikortti.<\/p>\n","protected":false},"featured_media":5710,"template":"","meta":[],"product_brand":[],"product_cat":[19],"product_tag":[126,128,115,161],"class_list":{"0":"post-1808","1":"product","2":"type-product","3":"status-publish","4":"has-post-thumbnail","6":"product_cat-kortit","7":"product_tag-maisemat","8":"product_tag-nostalgia","9":"product_tag-suomi","10":"product_tag-unesco-2","11":"product_shipping_class-cards","13":"first","14":"instock","15":"taxable","16":"shipping-taxable","17":"purchasable","18":"product-type-simple"},"_links":{"self":[{"href":"https:\/\/minorpostcards.fi\/fi\/wp-json\/wp\/v2\/product\/1808","targetHints":{"allow":["GET"]}}],"collection":[{"href":"https:\/\/minorpostcards.fi\/fi\/wp-json\/wp\/v2\/product"}],"about":[{"href":"https:\/\/minorpostcards.fi\/fi\/wp-json\/wp\/v2\/types\/product"}],"wp:featuredmedia":[{"embeddable":true,"href":"https:\/\/minorpostcards.fi\/fi\/wp-json\/wp\/v2\/media\/5710"}],"wp:attachment":[{"href":"https:\/\/minorpostcards.fi\/fi\/wp-json\/wp\/v2\/media?parent=1808"}],"wp:term":[{"taxonomy":"product_brand","embeddable":true,"href":"https:\/\/minorpostcards.fi\/fi\/wp-json\/wp\/v2\/product_brand?post=1808"},{"taxonomy":"product_cat","embeddable":true,"href":"https:\/\/minorpostcards.fi\/fi\/wp-json\/wp\/v2\/product_cat?post=1808"},{"taxonomy":"product_tag","embeddable":true,"href":"https:\/\/minorpostcards.fi\/fi\/wp-json\/wp\/v2\/product_tag?post=1808"}],"curies":[{"name":"wp","href":"https:\/\/api.w.org\/{rel}","templated":true}]}}