{"id":1846,"date":"2012-11-15T17:59:57","date_gmt":"2012-11-15T17:59:57","guid":{"rendered":"http:\/\/minorpostcards.fi\/product\/kortit\/old-faitful-vanha-uskollinen-2"},"modified":"2026-02-27T10:42:18","modified_gmt":"2026-02-27T08:42:18","slug":"old-faitful-vanha-uskollinen","status":"publish","type":"product","link":"https:\/\/minorpostcards.fi\/fi\/tuote\/kortit\/old-faitful-vanha-uskollinen\/","title":{"rendered":"Old faithful &#8211; Vanha uskollinen"},"content":{"rendered":"<p>Fordson Super Major 60-luvulta toimii edelleen ja on viel\u00e4 k\u00e4yt\u00f6ss\u00e4. Lumiketjut isoissa renkaissa auttavat liikkumaan huonollakin kelill\u00e4.<\/p>\n","protected":false},"excerpt":{"rendered":"<p>Postikortti.<\/p>\n","protected":false},"featured_media":3617,"template":"","meta":[],"product_brand":[],"product_cat":[19],"product_tag":[309,128,120],"class_list":{"0":"post-1846","1":"product","2":"type-product","3":"status-publish","4":"has-post-thumbnail","6":"product_cat-kortit","7":"product_tag-ajoneuvot-ja-liikenne","8":"product_tag-nostalgia","9":"product_tag-talvi","10":"product_shipping_class-cards","12":"first","13":"outofstock","14":"taxable","15":"shipping-taxable","16":"purchasable","17":"product-type-simple"},"_links":{"self":[{"href":"https:\/\/minorpostcards.fi\/fi\/wp-json\/wp\/v2\/product\/1846","targetHints":{"allow":["GET"]}}],"collection":[{"href":"https:\/\/minorpostcards.fi\/fi\/wp-json\/wp\/v2\/product"}],"about":[{"href":"https:\/\/minorpostcards.fi\/fi\/wp-json\/wp\/v2\/types\/product"}],"wp:featuredmedia":[{"embeddable":true,"href":"https:\/\/minorpostcards.fi\/fi\/wp-json\/wp\/v2\/media\/3617"}],"wp:attachment":[{"href":"https:\/\/minorpostcards.fi\/fi\/wp-json\/wp\/v2\/media?parent=1846"}],"wp:term":[{"taxonomy":"product_brand","embeddable":true,"href":"https:\/\/minorpostcards.fi\/fi\/wp-json\/wp\/v2\/product_brand?post=1846"},{"taxonomy":"product_cat","embeddable":true,"href":"https:\/\/minorpostcards.fi\/fi\/wp-json\/wp\/v2\/product_cat?post=1846"},{"taxonomy":"product_tag","embeddable":true,"href":"https:\/\/minorpostcards.fi\/fi\/wp-json\/wp\/v2\/product_tag?post=1846"}],"curies":[{"name":"wp","href":"https:\/\/api.w.org\/{rel}","templated":true}]}}