{"id":1851,"date":"2012-11-15T18:03:36","date_gmt":"2012-11-15T18:04:04","guid":{"rendered":"http:\/\/minorpostcards.fi\/product\/kortit\/fan-of-auroras-in-rovaniemi-revontuliviuhka-rovaniemella-2"},"modified":"2026-03-07T10:11:57","modified_gmt":"2026-03-07T08:11:57","slug":"fan-of-auroras-in-rovaniemi-revontuliviuhka-rovaniemella","status":"publish","type":"product","link":"https:\/\/minorpostcards.fi\/fi\/tuote\/kortit\/fan-of-auroras-in-rovaniemi-revontuliviuhka-rovaniemella\/","title":{"rendered":"Fan of Auroras in Rovaniemi &#8211; Revontuliviuhka Rovaniemell\u00e4"},"content":{"rendered":"<p>Kuva on otettu 17.2.2010 keskell\u00e4 y\u00f6t\u00e4 Rovaniemell\u00e4. Kuvaaja on rovaniemel\u00e4inen Pekka Koski.<\/p>\n","protected":false},"excerpt":{"rendered":"<p>Postikortti.<\/p>\n","protected":false},"featured_media":4165,"template":"","meta":[],"product_brand":[],"product_cat":[19],"product_tag":[126,115,120],"class_list":{"0":"post-1851","1":"product","2":"type-product","3":"status-publish","4":"has-post-thumbnail","6":"product_cat-kortit","7":"product_tag-maisemat","8":"product_tag-suomi","9":"product_tag-talvi","10":"product_shipping_class-cards","12":"first","13":"outofstock","14":"taxable","15":"shipping-taxable","16":"purchasable","17":"product-type-simple"},"_links":{"self":[{"href":"https:\/\/minorpostcards.fi\/fi\/wp-json\/wp\/v2\/product\/1851","targetHints":{"allow":["GET"]}}],"collection":[{"href":"https:\/\/minorpostcards.fi\/fi\/wp-json\/wp\/v2\/product"}],"about":[{"href":"https:\/\/minorpostcards.fi\/fi\/wp-json\/wp\/v2\/types\/product"}],"wp:featuredmedia":[{"embeddable":true,"href":"https:\/\/minorpostcards.fi\/fi\/wp-json\/wp\/v2\/media\/4165"}],"wp:attachment":[{"href":"https:\/\/minorpostcards.fi\/fi\/wp-json\/wp\/v2\/media?parent=1851"}],"wp:term":[{"taxonomy":"product_brand","embeddable":true,"href":"https:\/\/minorpostcards.fi\/fi\/wp-json\/wp\/v2\/product_brand?post=1851"},{"taxonomy":"product_cat","embeddable":true,"href":"https:\/\/minorpostcards.fi\/fi\/wp-json\/wp\/v2\/product_cat?post=1851"},{"taxonomy":"product_tag","embeddable":true,"href":"https:\/\/minorpostcards.fi\/fi\/wp-json\/wp\/v2\/product_tag?post=1851"}],"curies":[{"name":"wp","href":"https:\/\/api.w.org\/{rel}","templated":true}]}}