{"id":1854,"date":"2009-05-03T18:05:38","date_gmt":"2012-11-15T18:06:14","guid":{"rendered":"http:\/\/minorpostcards.fi\/product\/kortit\/christmas-card-2"},"modified":"2026-02-14T05:11:15","modified_gmt":"2026-02-14T03:11:15","slug":"christmas-card","status":"publish","type":"product","link":"https:\/\/minorpostcards.fi\/fi\/tuote\/kortit\/christmas-card\/","title":{"rendered":"Christmas card"},"content":{"rendered":"<p>Etsitk\u00f6 vaihtelua perinteisiin aiheisiin: Joulupukkiin, tonttuihin ja enkeleihin? T\u00e4m\u00e4 pelkistetty Christmas card sopii erityisen hyvin kun tarvitset englanninkielisen vaihtoehdon. Voit ehk\u00e4 k\u00e4ytt\u00e4\u00e4 kortissa my\u00f6s seuraavaa ei niin jouluista toivotusta:<br \/>\nMerry Everything &amp; Happy Always!<\/p>\n","protected":false},"excerpt":{"rendered":"<p>Yksitt\u00e4inen postikortti.<\/p>\n","protected":false},"featured_media":3633,"template":"","meta":[],"product_brand":[],"product_cat":[19],"product_tag":[136,285,122],"class_list":{"0":"post-1854","1":"product","2":"type-product","3":"status-publish","4":"has-post-thumbnail","6":"product_cat-kortit","7":"product_tag-digitaaliset-kuvat","8":"product_tag-joulu","9":"product_tag-tekstit","10":"product_shipping_class-cards","12":"first","13":"instock","14":"taxable","15":"shipping-taxable","16":"purchasable","17":"product-type-simple"},"_links":{"self":[{"href":"https:\/\/minorpostcards.fi\/fi\/wp-json\/wp\/v2\/product\/1854","targetHints":{"allow":["GET"]}}],"collection":[{"href":"https:\/\/minorpostcards.fi\/fi\/wp-json\/wp\/v2\/product"}],"about":[{"href":"https:\/\/minorpostcards.fi\/fi\/wp-json\/wp\/v2\/types\/product"}],"wp:featuredmedia":[{"embeddable":true,"href":"https:\/\/minorpostcards.fi\/fi\/wp-json\/wp\/v2\/media\/3633"}],"wp:attachment":[{"href":"https:\/\/minorpostcards.fi\/fi\/wp-json\/wp\/v2\/media?parent=1854"}],"wp:term":[{"taxonomy":"product_brand","embeddable":true,"href":"https:\/\/minorpostcards.fi\/fi\/wp-json\/wp\/v2\/product_brand?post=1854"},{"taxonomy":"product_cat","embeddable":true,"href":"https:\/\/minorpostcards.fi\/fi\/wp-json\/wp\/v2\/product_cat?post=1854"},{"taxonomy":"product_tag","embeddable":true,"href":"https:\/\/minorpostcards.fi\/fi\/wp-json\/wp\/v2\/product_tag?post=1854"}],"curies":[{"name":"wp","href":"https:\/\/api.w.org\/{rel}","templated":true}]}}