{"id":1865,"date":"2012-11-15T18:14:19","date_gmt":"2012-11-15T18:14:44","guid":{"rendered":"http:\/\/minorpostcards.fi\/product\/kortit\/auroras-in-the-woods-revontulet-metsassa-2"},"modified":"2023-02-11T19:19:04","modified_gmt":"2023-02-11T17:19:04","slug":"revontulet-metsassa","status":"publish","type":"product","link":"https:\/\/minorpostcards.fi\/fi\/tuote\/kortit\/revontulet-metsassa\/","title":{"rendered":"Revontulet mets\u00e4ss\u00e4"},"content":{"rendered":"<p>Pekka Koski on kuvannut n\u00e4m\u00e4 helmikuun lopulla vuonna 2012 Rovaniemell\u00e4 tykkylumipuiden keskell\u00e4 loimuavat revontulet.<\/p>\n","protected":false},"excerpt":{"rendered":"<p>Postikortti.<\/p>\n","protected":false},"featured_media":40213,"template":"","meta":[],"product_brand":[],"product_cat":[19],"product_tag":[126,115,120],"class_list":{"0":"post-1865","1":"product","2":"type-product","3":"status-publish","4":"has-post-thumbnail","6":"product_cat-kortit","7":"product_tag-maisemat","8":"product_tag-suomi","9":"product_tag-talvi","10":"product_shipping_class-cards","12":"first","13":"outofstock","14":"taxable","15":"shipping-taxable","16":"purchasable","17":"product-type-simple"},"_links":{"self":[{"href":"https:\/\/minorpostcards.fi\/fi\/wp-json\/wp\/v2\/product\/1865","targetHints":{"allow":["GET"]}}],"collection":[{"href":"https:\/\/minorpostcards.fi\/fi\/wp-json\/wp\/v2\/product"}],"about":[{"href":"https:\/\/minorpostcards.fi\/fi\/wp-json\/wp\/v2\/types\/product"}],"wp:featuredmedia":[{"embeddable":true,"href":"https:\/\/minorpostcards.fi\/fi\/wp-json\/wp\/v2\/media\/40213"}],"wp:attachment":[{"href":"https:\/\/minorpostcards.fi\/fi\/wp-json\/wp\/v2\/media?parent=1865"}],"wp:term":[{"taxonomy":"product_brand","embeddable":true,"href":"https:\/\/minorpostcards.fi\/fi\/wp-json\/wp\/v2\/product_brand?post=1865"},{"taxonomy":"product_cat","embeddable":true,"href":"https:\/\/minorpostcards.fi\/fi\/wp-json\/wp\/v2\/product_cat?post=1865"},{"taxonomy":"product_tag","embeddable":true,"href":"https:\/\/minorpostcards.fi\/fi\/wp-json\/wp\/v2\/product_tag?post=1865"}],"curies":[{"name":"wp","href":"https:\/\/api.w.org\/{rel}","templated":true}]}}