{"id":1927,"date":"2021-11-11T14:23:00","date_gmt":"2021-11-11T14:23:00","guid":{"rendered":"http:\/\/minorpostcards.fi\/product\/kortit\/hibernating-mailboxes-postilaatikot-talviunilla-2"},"modified":"2026-02-13T10:02:23","modified_gmt":"2026-02-13T08:02:23","slug":"hibernating-mailboxes-postilaatikot-talviunilla","status":"publish","type":"product","link":"https:\/\/minorpostcards.fi\/fi\/tuote\/kortit\/hibernating-mailboxes-postilaatikot-talviunilla\/","title":{"rendered":"Hibernating mailboxes &#8211; Postilaatikot talviunilla"},"content":{"rendered":"<p>Paikallisen m\u00f6kkitien postilaatikkorivi, vain kaksi oikeanpuoleista on jatkuvassa k\u00e4yt\u00f6ss\u00e4. Postilaatikot ja kes\u00e4m\u00f6kit ovat talviunilla paksun lumikerroksen alla ja odottavat uutta kes\u00e4\u00e4.<\/p>\n","protected":false},"excerpt":{"rendered":"<p>Postikortti.<\/p>\n","protected":false},"featured_media":49712,"template":"","meta":[],"product_brand":[],"product_cat":[19],"product_tag":[147,120],"class_list":{"0":"post-1927","1":"product","2":"type-product","3":"status-publish","4":"has-post-thumbnail","6":"product_cat-kortit","7":"product_tag-posti","8":"product_tag-talvi","9":"product_shipping_class-cards","11":"first","12":"instock","13":"taxable","14":"shipping-taxable","15":"purchasable","16":"product-type-simple"},"_links":{"self":[{"href":"https:\/\/minorpostcards.fi\/fi\/wp-json\/wp\/v2\/product\/1927","targetHints":{"allow":["GET"]}}],"collection":[{"href":"https:\/\/minorpostcards.fi\/fi\/wp-json\/wp\/v2\/product"}],"about":[{"href":"https:\/\/minorpostcards.fi\/fi\/wp-json\/wp\/v2\/types\/product"}],"wp:featuredmedia":[{"embeddable":true,"href":"https:\/\/minorpostcards.fi\/fi\/wp-json\/wp\/v2\/media\/49712"}],"wp:attachment":[{"href":"https:\/\/minorpostcards.fi\/fi\/wp-json\/wp\/v2\/media?parent=1927"}],"wp:term":[{"taxonomy":"product_brand","embeddable":true,"href":"https:\/\/minorpostcards.fi\/fi\/wp-json\/wp\/v2\/product_brand?post=1927"},{"taxonomy":"product_cat","embeddable":true,"href":"https:\/\/minorpostcards.fi\/fi\/wp-json\/wp\/v2\/product_cat?post=1927"},{"taxonomy":"product_tag","embeddable":true,"href":"https:\/\/minorpostcards.fi\/fi\/wp-json\/wp\/v2\/product_tag?post=1927"}],"curies":[{"name":"wp","href":"https:\/\/api.w.org\/{rel}","templated":true}]}}