{"id":2159,"date":"2013-04-15T20:23:00","date_gmt":"2013-04-16T00:31:03","guid":{"rendered":"http:\/\/minorpostcards.fi\/product\/kortit\/fill-it-up-tankki-tayteen-2"},"modified":"2026-02-13T15:19:11","modified_gmt":"2026-02-13T13:19:11","slug":"fill-it-up-tankki-tayteen","status":"publish","type":"product","link":"https:\/\/minorpostcards.fi\/fi\/tuote\/kortit\/fill-it-up-tankki-tayteen\/","title":{"rendered":"Fill it up \u2013 Tankki t\u00e4yteen"},"content":{"rendered":"<p>H\u00f6yryveturi &#8221;Pikku-Jumbo&#8221; Tk3 numero 1168 (lempinimelt\u00e4\u00e4n &#8221;Lili&#8221;) on valmistunut vuonna 1952. Se toimi tavarajunan veturina ja poistettiin liikenteest\u00e4 s\u00e4hk\u00f6veturien tultua. Veturi kunnostettiin vuosina 1996-1999 jonka j\u00e4lkeen se on toiminut museoliikenteess\u00e4 Porvoosta k\u00e4sin. Entisaikaan tankin t\u00e4ytt\u00e4minen ja liikkeellel\u00e4ht\u00f6 sujui paljon hitaammin kuin nyky\u00e4\u00e4n.<\/p>\n","protected":false},"excerpt":{"rendered":"<p>Yksitt\u00e4inen postikortti.<\/p>\n","protected":false},"featured_media":4416,"template":"","meta":[],"product_brand":[],"product_cat":[19],"product_tag":[309,124,118,128],"class_list":{"0":"post-2159","1":"product","2":"type-product","3":"status-publish","4":"has-post-thumbnail","6":"product_cat-kortit","7":"product_tag-ajoneuvot-ja-liikenne","8":"product_tag-ihmiset","9":"product_tag-mustavalkea","10":"product_tag-nostalgia","11":"product_shipping_class-cards","13":"first","14":"instock","15":"taxable","16":"shipping-taxable","17":"purchasable","18":"product-type-simple"},"_links":{"self":[{"href":"https:\/\/minorpostcards.fi\/fi\/wp-json\/wp\/v2\/product\/2159","targetHints":{"allow":["GET"]}}],"collection":[{"href":"https:\/\/minorpostcards.fi\/fi\/wp-json\/wp\/v2\/product"}],"about":[{"href":"https:\/\/minorpostcards.fi\/fi\/wp-json\/wp\/v2\/types\/product"}],"wp:featuredmedia":[{"embeddable":true,"href":"https:\/\/minorpostcards.fi\/fi\/wp-json\/wp\/v2\/media\/4416"}],"wp:attachment":[{"href":"https:\/\/minorpostcards.fi\/fi\/wp-json\/wp\/v2\/media?parent=2159"}],"wp:term":[{"taxonomy":"product_brand","embeddable":true,"href":"https:\/\/minorpostcards.fi\/fi\/wp-json\/wp\/v2\/product_brand?post=2159"},{"taxonomy":"product_cat","embeddable":true,"href":"https:\/\/minorpostcards.fi\/fi\/wp-json\/wp\/v2\/product_cat?post=2159"},{"taxonomy":"product_tag","embeddable":true,"href":"https:\/\/minorpostcards.fi\/fi\/wp-json\/wp\/v2\/product_tag?post=2159"}],"curies":[{"name":"wp","href":"https:\/\/api.w.org\/{rel}","templated":true}]}}