{"id":2475,"date":"2013-09-04T15:24:55","date_gmt":"2013-09-04T15:25:28","guid":{"rendered":"http:\/\/minorpostcards.fi\/product\/kortit\/evening-moment-ilta-saimaalla-2"},"modified":"2026-04-20T14:29:04","modified_gmt":"2026-04-20T11:29:04","slug":"evening-moment-ilta-saimaalla","status":"publish","type":"product","link":"https:\/\/minorpostcards.fi\/fi\/tuote\/kortit\/evening-moment-ilta-saimaalla\/","title":{"rendered":"Evening moment &#8211; Ilta Saimaalla"},"content":{"rendered":"<p>Kuvassa on M\u00e4ntyharjun seudun puku, puvun takki on rannalla kenkien ja sukkien p\u00e4\u00e4ll\u00e4. Kuva on otettu Saimaan rannalla M\u00e4ntyharjulla hein\u00e4kuussa 2013 auringonlaskun aikaan pitk\u00e4n kuvausp\u00e4iv\u00e4n p\u00e4\u00e4tteeksi. Oli ihanaa ja virkist\u00e4v\u00e4\u00e4 kahlata rantavedess\u00e4!<\/p>\n","protected":false},"excerpt":{"rendered":"<p>Yksitt\u00e4inen postikortti.<\/p>\n","protected":false},"featured_media":4409,"template":"","meta":[],"product_brand":[],"product_cat":[19],"product_tag":[124,287,149,126,128,115],"class_list":{"0":"post-2475","1":"product","2":"type-product","3":"status-publish","4":"has-post-thumbnail","6":"product_cat-kortit","7":"product_tag-ihmiset","8":"product_tag-kansallispuvut","9":"product_tag-kesa","10":"product_tag-maisemat","11":"product_tag-nostalgia","12":"product_tag-suomi","13":"product_shipping_class-cards","15":"first","16":"instock","17":"taxable","18":"shipping-taxable","19":"purchasable","20":"product-type-simple"},"_links":{"self":[{"href":"https:\/\/minorpostcards.fi\/fi\/wp-json\/wp\/v2\/product\/2475","targetHints":{"allow":["GET"]}}],"collection":[{"href":"https:\/\/minorpostcards.fi\/fi\/wp-json\/wp\/v2\/product"}],"about":[{"href":"https:\/\/minorpostcards.fi\/fi\/wp-json\/wp\/v2\/types\/product"}],"wp:featuredmedia":[{"embeddable":true,"href":"https:\/\/minorpostcards.fi\/fi\/wp-json\/wp\/v2\/media\/4409"}],"wp:attachment":[{"href":"https:\/\/minorpostcards.fi\/fi\/wp-json\/wp\/v2\/media?parent=2475"}],"wp:term":[{"taxonomy":"product_brand","embeddable":true,"href":"https:\/\/minorpostcards.fi\/fi\/wp-json\/wp\/v2\/product_brand?post=2475"},{"taxonomy":"product_cat","embeddable":true,"href":"https:\/\/minorpostcards.fi\/fi\/wp-json\/wp\/v2\/product_cat?post=2475"},{"taxonomy":"product_tag","embeddable":true,"href":"https:\/\/minorpostcards.fi\/fi\/wp-json\/wp\/v2\/product_tag?post=2475"}],"curies":[{"name":"wp","href":"https:\/\/api.w.org\/{rel}","templated":true}]}}