{"id":2481,"date":"2013-09-04T15:34:38","date_gmt":"2013-09-04T15:35:30","guid":{"rendered":"http:\/\/minorpostcards.fi\/product\/kortit\/birth-of-a-sock-sukan-syntyma-2"},"modified":"2026-03-10T20:21:43","modified_gmt":"2026-03-10T18:21:43","slug":"birth-of-a-sock-sukan-syntyma","status":"publish","type":"product","link":"https:\/\/minorpostcards.fi\/fi\/tuote\/kortit\/birth-of-a-sock-sukan-syntyma\/","title":{"rendered":"Birth of a sock &#8211; Sukan syntym\u00e4"},"content":{"rendered":"<p>Monet osaavat neuloa jotain mutta villasukan kantap\u00e4\u00e4n tekeminen ei kaikilta onnistu.<\/p>\n","protected":false},"excerpt":{"rendered":"<p>Postikortti.<\/p>\n","protected":false},"featured_media":69221,"template":"","meta":[],"product_brand":[],"product_cat":[19],"product_tag":[124,298,128],"class_list":{"0":"post-2481","1":"product","2":"type-product","3":"status-publish","4":"has-post-thumbnail","6":"product_cat-kortit","7":"product_tag-ihmiset","8":"product_tag-kasityot-ja-harrastukset","9":"product_tag-nostalgia","10":"product_shipping_class-cards","12":"first","13":"instock","14":"taxable","15":"shipping-taxable","16":"purchasable","17":"product-type-simple"},"_links":{"self":[{"href":"https:\/\/minorpostcards.fi\/fi\/wp-json\/wp\/v2\/product\/2481","targetHints":{"allow":["GET"]}}],"collection":[{"href":"https:\/\/minorpostcards.fi\/fi\/wp-json\/wp\/v2\/product"}],"about":[{"href":"https:\/\/minorpostcards.fi\/fi\/wp-json\/wp\/v2\/types\/product"}],"wp:featuredmedia":[{"embeddable":true,"href":"https:\/\/minorpostcards.fi\/fi\/wp-json\/wp\/v2\/media\/69221"}],"wp:attachment":[{"href":"https:\/\/minorpostcards.fi\/fi\/wp-json\/wp\/v2\/media?parent=2481"}],"wp:term":[{"taxonomy":"product_brand","embeddable":true,"href":"https:\/\/minorpostcards.fi\/fi\/wp-json\/wp\/v2\/product_brand?post=2481"},{"taxonomy":"product_cat","embeddable":true,"href":"https:\/\/minorpostcards.fi\/fi\/wp-json\/wp\/v2\/product_cat?post=2481"},{"taxonomy":"product_tag","embeddable":true,"href":"https:\/\/minorpostcards.fi\/fi\/wp-json\/wp\/v2\/product_tag?post=2481"}],"curies":[{"name":"wp","href":"https:\/\/api.w.org\/{rel}","templated":true}]}}