{"id":2487,"date":"2021-03-01T20:25:44","date_gmt":"2021-03-01T20:25:44","guid":{"rendered":"http:\/\/minorpostcards.fi\/product\/kortit\/ice-cool-kylman-rauhallinen-2"},"modified":"2026-04-17T17:07:45","modified_gmt":"2026-04-17T14:07:45","slug":"kylman-rauhallinen","status":"publish","type":"product","link":"https:\/\/minorpostcards.fi\/fi\/tuote\/kortit\/kylman-rauhallinen\/","title":{"rendered":"Kylm\u00e4n rauhallinen"},"content":{"rendered":"<p>Suomessa on yli 100 000 avantouimaria ja l\u00e4hes puoli miljoonaa ihmist\u00e4 on joskus kokeillut pulahtamista kylm\u00e4\u00e4n veteen. Avantouinnin sanotaan olevan terveellist\u00e4 ja se varmasti parantaakin verenkiertoa, lievitt\u00e4\u00e4 monia kipuja ja v\u00e4hent\u00e4\u00e4 stressi\u00e4. Ja avannossa k\u00e4ynti virkist\u00e4\u00e4!<\/p>\n","protected":false},"excerpt":{"rendered":"<p>Postikortti.<\/p>\n","protected":false},"featured_media":40095,"template":"","meta":[],"product_brand":[],"product_cat":[19],"product_tag":[124,298,118,120],"class_list":{"0":"post-2487","1":"product","2":"type-product","3":"status-publish","4":"has-post-thumbnail","6":"product_cat-kortit","7":"product_tag-ihmiset","8":"product_tag-kasityot-ja-harrastukset","9":"product_tag-mustavalkea","10":"product_tag-talvi","11":"product_shipping_class-cards","13":"first","14":"instock","15":"taxable","16":"shipping-taxable","17":"purchasable","18":"product-type-simple"},"_links":{"self":[{"href":"https:\/\/minorpostcards.fi\/fi\/wp-json\/wp\/v2\/product\/2487","targetHints":{"allow":["GET"]}}],"collection":[{"href":"https:\/\/minorpostcards.fi\/fi\/wp-json\/wp\/v2\/product"}],"about":[{"href":"https:\/\/minorpostcards.fi\/fi\/wp-json\/wp\/v2\/types\/product"}],"wp:featuredmedia":[{"embeddable":true,"href":"https:\/\/minorpostcards.fi\/fi\/wp-json\/wp\/v2\/media\/40095"}],"wp:attachment":[{"href":"https:\/\/minorpostcards.fi\/fi\/wp-json\/wp\/v2\/media?parent=2487"}],"wp:term":[{"taxonomy":"product_brand","embeddable":true,"href":"https:\/\/minorpostcards.fi\/fi\/wp-json\/wp\/v2\/product_brand?post=2487"},{"taxonomy":"product_cat","embeddable":true,"href":"https:\/\/minorpostcards.fi\/fi\/wp-json\/wp\/v2\/product_cat?post=2487"},{"taxonomy":"product_tag","embeddable":true,"href":"https:\/\/minorpostcards.fi\/fi\/wp-json\/wp\/v2\/product_tag?post=2487"}],"curies":[{"name":"wp","href":"https:\/\/api.w.org\/{rel}","templated":true}]}}