{"id":25289,"date":"2020-02-10T13:47:23","date_gmt":"2020-02-10T13:47:23","guid":{"rendered":"https:\/\/minorpostcards.fi\/?post_type=product&#038;p=25289"},"modified":"2026-04-24T11:06:31","modified_gmt":"2026-04-24T08:06:31","slug":"oma-maa-tarra-arkki","status":"publish","type":"product","link":"https:\/\/minorpostcards.fi\/fi\/tuote\/tarrat\/oma-maa-tarra-arkki\/","title":{"rendered":"Oma maa tarra-arkki"},"content":{"rendered":"<p>Arkilta l\u00f6ytyy runsaasti tytt\u00e4reni Ronjan tekemi\u00e4 suomalaisille tuttuja aiheita. Suomalaisethan ovat tunnettuja <a href=\"http:\/\/yle.fi\/uutiset\/rakas_kahvi__suomessa_juodaan_niin_paljon_etta_enempaa_ei_voi\/7509365\" target=\"_blank\" rel=\"noopener noreferrer\">kahvinjuonnista<\/a>, luonnosta, <a href=\"https:\/\/fi.wikipedia.org\/wiki\/Jokamiehenoikeus\" target=\"_blank\" rel=\"noopener noreferrer\">jokamiehenoikeuksista,<\/a>\u00a0<a href=\"https:\/\/fi.wikipedia.org\/wiki\/Sauna\" target=\"_blank\" rel=\"noopener noreferrer\">saunasta<\/a>,\u00a0<a href=\"https:\/\/fi.wikipedia.org\/wiki\/Revontulet\" target=\"_blank\" rel=\"noopener noreferrer\">revontulista<\/a>\u00a0tai vaikka\u00a0<a href=\"https:\/\/fi.wikipedia.org\/wiki\/Joulupukki\" target=\"_blank\" rel=\"noopener noreferrer\">Joulupukista<\/a>!<\/p>\n<p>Tarramateriaali on kiilt\u00e4v\u00e4pintainen ja muotoonleikattujen tarrojen koko sopii t\u00e4ydellisesti korttien ja kirjekuorien koristeluun.<\/p>\n<p>Arkin koko on 9,5 cm x 12,5 cm ja siin\u00e4 on <strong>41<\/strong> tarraa!<\/p>\n<p>Samoja suomalaisia kuva-aiheita l\u00f6ytyy tarrojen kanssa hyvin yhteensopivasta &#8221;<a href=\"https:\/\/minorpostcards.fi\/fi\/tuote\/kortit\/native-land-oma-maa-2\/\" target=\"_blank\" rel=\"noopener noreferrer\">Oma maa<\/a>&#8221; &#8211; postikortista ja &#8221;<a href=\"https:\/\/minorpostcards.fi\/fi\/tuote\/muut\/washi-teipit\/oma-maa-washi-teippi\/\" target=\"_blank\" rel=\"noopener noreferrer\">Oma maa<\/a>&#8221; &#8211; washi-teipist\u00e4. <\/a><\/p>\n","protected":false},"excerpt":{"rendered":"<p>Tarra-arkki.<\/p>\n","protected":false},"featured_media":25763,"template":"","meta":[],"product_brand":[],"product_cat":[173],"product_tag":[305,245],"class_list":{"0":"post-25289","1":"product","2":"type-product","3":"status-publish","4":"has-post-thumbnail","6":"product_cat-tarrat","7":"product_tag-sekalaiset","8":"product_tag-tarrat","9":"product_shipping_class-cards","11":"first","12":"instock","13":"taxable","14":"shipping-taxable","15":"purchasable","16":"product-type-simple"},"_links":{"self":[{"href":"https:\/\/minorpostcards.fi\/fi\/wp-json\/wp\/v2\/product\/25289","targetHints":{"allow":["GET"]}}],"collection":[{"href":"https:\/\/minorpostcards.fi\/fi\/wp-json\/wp\/v2\/product"}],"about":[{"href":"https:\/\/minorpostcards.fi\/fi\/wp-json\/wp\/v2\/types\/product"}],"wp:featuredmedia":[{"embeddable":true,"href":"https:\/\/minorpostcards.fi\/fi\/wp-json\/wp\/v2\/media\/25763"}],"wp:attachment":[{"href":"https:\/\/minorpostcards.fi\/fi\/wp-json\/wp\/v2\/media?parent=25289"}],"wp:term":[{"taxonomy":"product_brand","embeddable":true,"href":"https:\/\/minorpostcards.fi\/fi\/wp-json\/wp\/v2\/product_brand?post=25289"},{"taxonomy":"product_cat","embeddable":true,"href":"https:\/\/minorpostcards.fi\/fi\/wp-json\/wp\/v2\/product_cat?post=25289"},{"taxonomy":"product_tag","embeddable":true,"href":"https:\/\/minorpostcards.fi\/fi\/wp-json\/wp\/v2\/product_tag?post=25289"}],"curies":[{"name":"wp","href":"https:\/\/api.w.org\/{rel}","templated":true}]}}