{"id":25757,"date":"2020-02-14T13:02:57","date_gmt":"2020-02-14T13:02:57","guid":{"rendered":"https:\/\/minorpostcards.fi\/?post_type=product&#038;p=25757"},"modified":"2026-04-24T11:06:31","modified_gmt":"2026-04-24T08:06:31","slug":"saimaannorppa-pullervo-tarra-arkki","status":"publish","type":"product","link":"https:\/\/minorpostcards.fi\/fi\/tuote\/tarrat\/saimaannorppa-pullervo-tarra-arkki\/","title":{"rendered":"Saimaannorppa &#8221;Pullervo&#8221; tarra-arkki"},"content":{"rendered":"<p>T\u00e4m\u00e4n tarra-arkin sankari on saimaannorppa Pullervo. Norppia on maailmassa en\u00e4\u00e4 vain noin 400 yksil\u00f6\u00e4 ja ne kaikki el\u00e4v\u00e4t Suomessa, Saimaalla. Jos saimaannorpat kiinnostavat enemm\u00e4n, niist\u00e4 voi lukea lis\u00e4\u00e4 esim. <a href=\"https:\/\/fi.wikipedia.org\/wiki\/Saimaannorppa\" target=\"_blank\" rel=\"noopener noreferrer\">t\u00e4\u00e4lt\u00e4<\/a>.<\/p>\n<p>Tarramateriaali on kiilt\u00e4v\u00e4pintainen ja muotoonleikattujen tarrojen koko sopii t\u00e4ydellisesti korttien ja kirjekuorien koristeluun.<\/p>\n<p>Arkin koko on 9,5 cm x 12,5 cm ja siin\u00e4 on 24 tarraa!<\/p>\n<p>Sama ihana norppakaveri l\u00f6ytyy my\u00f6s <a href=\"https:\/\/minorpostcards.fi\/fi\/tuote\/muut\/washi-teipit\/saimaannorppa-pullervo-washi-teippi\/\" target=\"_blank\" rel=\"noopener noreferrer\">Saimaannorppa &#8221;Pullervo&#8221;<\/a>\u00a0 washi-teipist\u00e4 ja <a href=\"https:\/\/minorpostcards.fi\/fi\/tuote\/tarrat\/saimaannorpan-vuosi-tarra-arkki\/\" target=\"_blank\" rel=\"noopener noreferrer\">Norpan vuosi<\/a> tarra-arkista.<\/p>\n","protected":false},"excerpt":{"rendered":"<p>Tarra-arkki.<\/p>\n","protected":false},"featured_media":25753,"template":"","meta":[],"product_brand":[],"product_cat":[173],"product_tag":[305,245],"class_list":{"0":"post-25757","1":"product","2":"type-product","3":"status-publish","4":"has-post-thumbnail","6":"product_cat-tarrat","7":"product_tag-sekalaiset","8":"product_tag-tarrat","9":"product_shipping_class-cards","11":"first","12":"instock","13":"taxable","14":"shipping-taxable","15":"purchasable","16":"product-type-simple"},"_links":{"self":[{"href":"https:\/\/minorpostcards.fi\/fi\/wp-json\/wp\/v2\/product\/25757","targetHints":{"allow":["GET"]}}],"collection":[{"href":"https:\/\/minorpostcards.fi\/fi\/wp-json\/wp\/v2\/product"}],"about":[{"href":"https:\/\/minorpostcards.fi\/fi\/wp-json\/wp\/v2\/types\/product"}],"wp:featuredmedia":[{"embeddable":true,"href":"https:\/\/minorpostcards.fi\/fi\/wp-json\/wp\/v2\/media\/25753"}],"wp:attachment":[{"href":"https:\/\/minorpostcards.fi\/fi\/wp-json\/wp\/v2\/media?parent=25757"}],"wp:term":[{"taxonomy":"product_brand","embeddable":true,"href":"https:\/\/minorpostcards.fi\/fi\/wp-json\/wp\/v2\/product_brand?post=25757"},{"taxonomy":"product_cat","embeddable":true,"href":"https:\/\/minorpostcards.fi\/fi\/wp-json\/wp\/v2\/product_cat?post=25757"},{"taxonomy":"product_tag","embeddable":true,"href":"https:\/\/minorpostcards.fi\/fi\/wp-json\/wp\/v2\/product_tag?post=25757"}],"curies":[{"name":"wp","href":"https:\/\/api.w.org\/{rel}","templated":true}]}}