{"id":2862,"date":"2014-03-29T17:29:46","date_gmt":"2014-03-29T17:29:46","guid":{"rendered":"http:\/\/minorpostcards.fi\/product\/uncategorized\/railroad-signs-rataliikennemerkit-2"},"modified":"2026-03-10T20:21:42","modified_gmt":"2026-03-10T18:21:42","slug":"railroad-signs-rataliikennemerkit-2","status":"publish","type":"product","link":"https:\/\/minorpostcards.fi\/fi\/tuote\/kortit\/railroad-signs-rataliikennemerkit-2\/","title":{"rendered":"Railroad signs \u2013 Rataliikennemerkit"},"content":{"rendered":"<p>Raiteilla kulkee monenlaista kulkuneuvoa. Kortissa on junaliikenteess\u00e4 k\u00e4ytetyt erilaiset opastimet sek\u00e4 yleiset liikennemerkit jotka liittyv\u00e4t raiteilla tapahtuvaan liikenn\u00f6intiin<\/p>\n","protected":false},"excerpt":{"rendered":"<p>Postikortti.<\/p>\n","protected":false},"featured_media":2928,"template":"","meta":[],"product_brand":[],"product_cat":[19],"product_tag":[309,115],"class_list":{"0":"post-2862","1":"product","2":"type-product","3":"status-publish","4":"has-post-thumbnail","6":"product_cat-kortit","7":"product_tag-ajoneuvot-ja-liikenne","8":"product_tag-suomi","9":"product_shipping_class-cards","11":"first","12":"instock","13":"taxable","14":"shipping-taxable","15":"purchasable","16":"product-type-simple"},"_links":{"self":[{"href":"https:\/\/minorpostcards.fi\/fi\/wp-json\/wp\/v2\/product\/2862","targetHints":{"allow":["GET"]}}],"collection":[{"href":"https:\/\/minorpostcards.fi\/fi\/wp-json\/wp\/v2\/product"}],"about":[{"href":"https:\/\/minorpostcards.fi\/fi\/wp-json\/wp\/v2\/types\/product"}],"wp:featuredmedia":[{"embeddable":true,"href":"https:\/\/minorpostcards.fi\/fi\/wp-json\/wp\/v2\/media\/2928"}],"wp:attachment":[{"href":"https:\/\/minorpostcards.fi\/fi\/wp-json\/wp\/v2\/media?parent=2862"}],"wp:term":[{"taxonomy":"product_brand","embeddable":true,"href":"https:\/\/minorpostcards.fi\/fi\/wp-json\/wp\/v2\/product_brand?post=2862"},{"taxonomy":"product_cat","embeddable":true,"href":"https:\/\/minorpostcards.fi\/fi\/wp-json\/wp\/v2\/product_cat?post=2862"},{"taxonomy":"product_tag","embeddable":true,"href":"https:\/\/minorpostcards.fi\/fi\/wp-json\/wp\/v2\/product_tag?post=2862"}],"curies":[{"name":"wp","href":"https:\/\/api.w.org\/{rel}","templated":true}]}}