{"id":2883,"date":"2014-03-29T17:38:40","date_gmt":"2014-03-29T17:38:40","guid":{"rendered":"http:\/\/minorpostcards.fi\/product\/uncategorized\/quick-and-crispy-oat-cookies-nopeat-ja-rapeat-kauralastut-2"},"modified":"2026-04-03T22:18:21","modified_gmt":"2026-04-03T19:18:21","slug":"quick-and-crispy-oat-cookies-nopeat-ja-rapeat-kauralastut-2","status":"publish","type":"product","link":"https:\/\/minorpostcards.fi\/fi\/tuote\/kortit\/quick-and-crispy-oat-cookies-nopeat-ja-rapeat-kauralastut-2\/","title":{"rendered":"Quick and crispy oat cookies &#8211; Nopeat ja rapeat kauralastut"},"content":{"rendered":"<p>Kauralastut ovat perinteinen herkku suomalaisessa kahvip\u00f6yd\u00e4ss\u00e4. Resepti on helppo ja onnistuu varmasti. Keksit levi\u00e4v\u00e4t paljon joten laita ne pellille harvaan ja kypsymist\u00e4 kannattaa vahtia tarkasti uunin vieress\u00e4 koska keksit palavat helposti.<\/p>\n","protected":false},"excerpt":{"rendered":"<p>Postikortti.<\/p>\n","protected":false},"featured_media":2930,"template":"","meta":[],"product_brand":[],"product_cat":[19],"product_tag":[128,194,137,122],"class_list":{"0":"post-2883","1":"product","2":"type-product","3":"status-publish","4":"has-post-thumbnail","6":"product_cat-kortit","7":"product_tag-nostalgia","8":"product_tag-reseptit","9":"product_tag-ruoka","10":"product_tag-tekstit","11":"product_shipping_class-cards","13":"first","14":"instock","15":"taxable","16":"shipping-taxable","17":"purchasable","18":"product-type-simple"},"_links":{"self":[{"href":"https:\/\/minorpostcards.fi\/fi\/wp-json\/wp\/v2\/product\/2883","targetHints":{"allow":["GET"]}}],"collection":[{"href":"https:\/\/minorpostcards.fi\/fi\/wp-json\/wp\/v2\/product"}],"about":[{"href":"https:\/\/minorpostcards.fi\/fi\/wp-json\/wp\/v2\/types\/product"}],"wp:featuredmedia":[{"embeddable":true,"href":"https:\/\/minorpostcards.fi\/fi\/wp-json\/wp\/v2\/media\/2930"}],"wp:attachment":[{"href":"https:\/\/minorpostcards.fi\/fi\/wp-json\/wp\/v2\/media?parent=2883"}],"wp:term":[{"taxonomy":"product_brand","embeddable":true,"href":"https:\/\/minorpostcards.fi\/fi\/wp-json\/wp\/v2\/product_brand?post=2883"},{"taxonomy":"product_cat","embeddable":true,"href":"https:\/\/minorpostcards.fi\/fi\/wp-json\/wp\/v2\/product_cat?post=2883"},{"taxonomy":"product_tag","embeddable":true,"href":"https:\/\/minorpostcards.fi\/fi\/wp-json\/wp\/v2\/product_tag?post=2883"}],"curies":[{"name":"wp","href":"https:\/\/api.w.org\/{rel}","templated":true}]}}