{"id":30828,"date":"2020-05-05T15:02:56","date_gmt":"2020-05-05T15:02:58","guid":{"rendered":"https:\/\/minorpostcards.fi\/?post_type=product&#038;p=30828"},"modified":"2026-03-17T18:13:26","modified_gmt":"2026-03-17T16:13:26","slug":"struve-geodetic-arc-unesco-struven-ketju-stuorrahanoaivi","status":"publish","type":"product","link":"https:\/\/minorpostcards.fi\/fi\/tuote\/kortit\/struve-geodetic-arc-unesco-struven-ketju-stuorrahanoaivi\/","title":{"rendered":"Struve geodetic arc \u2013 Unesco \u2013 Struven ketju Stuorrahanoaivi"},"content":{"rendered":"<p>Struven ketju edustaa tieteen ja tekniikan kulttuuriperint\u00f6\u00e4 ja se on kymmenen maan yhteinen Unesco maailmanperint\u00f6kohde Pohjoisen j\u00e4\u00e4meren ja Mustanmeren v\u00e4lill\u00e4.\u00a0 N\u00e4m\u00e4 valtiot ovat Norja, Ruotsi, Suomi, Ven\u00e4j\u00e4, Viro, Latvia, Liettua, Valkoven\u00e4j\u00e4, Moldova ja Ukraina. Balttiansaksalainen Friedrich Georg Wilhelm Struve selvitti vuosina 1816 \u2013 1855 kolmiomittaustekniikalla maapallon kokoa ja muotoa ketjulla, jossa oli yhteens\u00e4 265 pistett\u00e4 yli 2800 km:n matkalla. Niist\u00e4 34 valittiin Unescon suojeltaviksi kohteiksi vuonna 2005 maiden yhteisen esityksen j\u00e4lkeen.<\/p>\n<p>Pisteist\u00e4 kuusi sijaitsee Suomen alueella: Stuor-oivi (nimi nykyasussa Stuorrahanoaivi) l\u00e4hell\u00e4 Norjan rajaa, Avasaksa (Aavasaksa) ja Tornea (Alatornion kirkko) L\u00e4nsi-Lapissa, Puolakka (Oravivuori) Korpilahdella sek\u00e4 Porlom II (Tornikallio) Lapinj\u00e4rven Porlammilla ja Svartvira (Mustaviiri) Pyht\u00e4\u00e4n saaristossa.<\/p>\n<p>Stuorrahanoaivi on tunturi Luoteis-Lapissa, l\u00e4hell\u00e4 Norjan rajaa Tarvantovaaran er\u00e4maa-alueella haastavan vaellusmatkan p\u00e4\u00e4ss\u00e4 maantielt\u00e4. Reitti\u00e4 ei ole merkitty ja kes\u00e4ll\u00e4 mittauspisteell\u00e4 k\u00e4yminen vaatii 1-4 y\u00f6pymist\u00e4 maastossa. Talvella moottorikelkkareitti kulkee noin kolmen kilometrin p\u00e4\u00e4ss\u00e4, mutta reitilt\u00e4 ei saa poiketa pisteelle ilman lupaa tai paikallista opasta.\u00a0 Suomen pohjoisimman mittauspisteen koordinaatit ovat 68\u00b040\u203257\u2033N, 22\u00b044\u203245\u2033E. T\u00e4ll\u00e4 mittauspisteell\u00e4 k\u00e4yminen vaatii kokeneen er\u00e4retkeilij\u00e4n ja korttikuvan onkin ottanut Jyrki Puupponen.<\/p>\n","protected":false},"excerpt":{"rendered":"<p>Yksitt\u00e4inen postikortti.<\/p>\n","protected":false},"featured_media":30915,"template":"","meta":[],"product_brand":[],"product_cat":[19],"product_tag":[130,126,308,115,122,161],"class_list":{"0":"post-30828","1":"product","2":"type-product","3":"status-publish","4":"has-post-thumbnail","6":"product_cat-kortit","7":"product_tag-kartat","8":"product_tag-maisemat","9":"product_tag-struven-ketju-unesco","10":"product_tag-suomi","11":"product_tag-tekstit","12":"product_tag-unesco-2","13":"product_shipping_class-cards","15":"first","16":"instock","17":"taxable","18":"shipping-taxable","19":"purchasable","20":"product-type-simple"},"_links":{"self":[{"href":"https:\/\/minorpostcards.fi\/fi\/wp-json\/wp\/v2\/product\/30828","targetHints":{"allow":["GET"]}}],"collection":[{"href":"https:\/\/minorpostcards.fi\/fi\/wp-json\/wp\/v2\/product"}],"about":[{"href":"https:\/\/minorpostcards.fi\/fi\/wp-json\/wp\/v2\/types\/product"}],"wp:featuredmedia":[{"embeddable":true,"href":"https:\/\/minorpostcards.fi\/fi\/wp-json\/wp\/v2\/media\/30915"}],"wp:attachment":[{"href":"https:\/\/minorpostcards.fi\/fi\/wp-json\/wp\/v2\/media?parent=30828"}],"wp:term":[{"taxonomy":"product_brand","embeddable":true,"href":"https:\/\/minorpostcards.fi\/fi\/wp-json\/wp\/v2\/product_brand?post=30828"},{"taxonomy":"product_cat","embeddable":true,"href":"https:\/\/minorpostcards.fi\/fi\/wp-json\/wp\/v2\/product_cat?post=30828"},{"taxonomy":"product_tag","embeddable":true,"href":"https:\/\/minorpostcards.fi\/fi\/wp-json\/wp\/v2\/product_tag?post=30828"}],"curies":[{"name":"wp","href":"https:\/\/api.w.org\/{rel}","templated":true}]}}