{"id":3401,"date":"2017-12-02T12:59:16","date_gmt":"2014-09-02T12:59:16","guid":{"rendered":"http:\/\/minorpostcards.fi\/product\/uncategorized\/maistuva-marjapuuro"},"modified":"2025-09-27T13:46:29","modified_gmt":"2025-09-27T10:46:29","slug":"maistuva-marjapuuro","status":"publish","type":"product","link":"https:\/\/minorpostcards.fi\/fi\/tuote\/kortit\/maistuva-marjapuuro\/","title":{"rendered":"Maistuva marjapuuro"},"content":{"rendered":"<p>Vispipuuro on pohjoisten marjamaiden Suomen ja Ruotsin herkkua ja tunnettua my\u00f6s Virossa. Perinteisen puolukan lis\u00e4ksi sit\u00e4 voi tehd\u00e4 muista happamista marjoista kuten viinimarjoista, karviaisesta tai karpalosta.<\/p>\n","protected":false},"excerpt":{"rendered":"<p>Yksitt\u00e4inen postikortti.<\/p>\n","protected":false},"featured_media":6333,"template":"","meta":[],"product_brand":[],"product_cat":[19],"product_tag":[194,137,115,122],"class_list":{"0":"post-3401","1":"product","2":"type-product","3":"status-publish","4":"has-post-thumbnail","6":"product_cat-kortit","7":"product_tag-reseptit","8":"product_tag-ruoka","9":"product_tag-suomi","10":"product_tag-tekstit","11":"product_shipping_class-cards","13":"first","14":"outofstock","15":"taxable","16":"shipping-taxable","17":"purchasable","18":"product-type-simple"},"_links":{"self":[{"href":"https:\/\/minorpostcards.fi\/fi\/wp-json\/wp\/v2\/product\/3401","targetHints":{"allow":["GET"]}}],"collection":[{"href":"https:\/\/minorpostcards.fi\/fi\/wp-json\/wp\/v2\/product"}],"about":[{"href":"https:\/\/minorpostcards.fi\/fi\/wp-json\/wp\/v2\/types\/product"}],"wp:featuredmedia":[{"embeddable":true,"href":"https:\/\/minorpostcards.fi\/fi\/wp-json\/wp\/v2\/media\/6333"}],"wp:attachment":[{"href":"https:\/\/minorpostcards.fi\/fi\/wp-json\/wp\/v2\/media?parent=3401"}],"wp:term":[{"taxonomy":"product_brand","embeddable":true,"href":"https:\/\/minorpostcards.fi\/fi\/wp-json\/wp\/v2\/product_brand?post=3401"},{"taxonomy":"product_cat","embeddable":true,"href":"https:\/\/minorpostcards.fi\/fi\/wp-json\/wp\/v2\/product_cat?post=3401"},{"taxonomy":"product_tag","embeddable":true,"href":"https:\/\/minorpostcards.fi\/fi\/wp-json\/wp\/v2\/product_tag?post=3401"}],"curies":[{"name":"wp","href":"https:\/\/api.w.org\/{rel}","templated":true}]}}