{"id":3409,"date":"2020-05-02T13:28:33","date_gmt":"2014-09-02T13:28:33","guid":{"rendered":"http:\/\/minorpostcards.fi\/product\/uncategorized\/unesco-kohde-petajaveden-vanha-kirkko"},"modified":"2024-02-14T13:27:02","modified_gmt":"2024-02-14T11:27:02","slug":"unesco-kohde-petajaveden-vanha-kirkko","status":"publish","type":"product","link":"https:\/\/minorpostcards.fi\/fi\/tuote\/kortit\/unesco-kohde-petajaveden-vanha-kirkko\/","title":{"rendered":"Unesco-kohde Pet\u00e4j\u00e4veden vanha kirkko"},"content":{"rendered":"<p>Pet\u00e4j\u00e4veden vanha kirkko merkittiin Unescon maailmanperint\u00f6luetteloon vuonna 1994 pohjoismaisen, luterilaisen kirkkoarkkitehtuurin ja hirsirakentamistaidon perinteen ainutlaatuisena muistomerkkin\u00e4.<span style=\"font-family: arial, helvetica, sans-serif\">\u00a0Paikalle oli jo\u00a0<\/span><span style=\"font-family: arial, helvetica, sans-serif\">rakennettu kirkkotupa vuonna 1724 ilman Ruotsin kuninkaan lupaa.\u00a0Vuosina 1763-65 Jaakko Klemetinpoika Lepp\u00e4sen johdolla rakennettiin nykyinen Vanha kirkko entisen kirkkotuvan paikalle.\u00a0\u00a0My\u00f6hemmin vuonna 1821 Jaakko Klemetinpojan pojanpoika Erik Lepp\u00e4nen rakensi nykyisen kellotapulin. Vanhaa kirkkoa k\u00e4ytettiin vuoteen 1879 saakka, jonka j\u00e4lkeen kirkolliset toimitukset alettiin pit\u00e4\u00e4 salmen toisella puolella uudessa, isommassa kirkossa. Kirkkoa ymp\u00e4r\u00f6iv\u00e4 hautausmaa oli k\u00e4yt\u00f6ss\u00e4 viel\u00e4 1960 luvulla.<\/span><\/p>\n","protected":false},"excerpt":{"rendered":"<p>Yksitt\u00e4inen postikortti.<\/p>\n","protected":false},"featured_media":30905,"template":"","meta":[],"product_brand":[],"product_cat":[19],"product_tag":[128,115,161],"class_list":{"0":"post-3409","1":"product","2":"type-product","3":"status-publish","4":"has-post-thumbnail","6":"product_cat-kortit","7":"product_tag-nostalgia","8":"product_tag-suomi","9":"product_tag-unesco-2","10":"product_shipping_class-cards","12":"first","13":"outofstock","14":"taxable","15":"shipping-taxable","16":"purchasable","17":"product-type-simple"},"_links":{"self":[{"href":"https:\/\/minorpostcards.fi\/fi\/wp-json\/wp\/v2\/product\/3409","targetHints":{"allow":["GET"]}}],"collection":[{"href":"https:\/\/minorpostcards.fi\/fi\/wp-json\/wp\/v2\/product"}],"about":[{"href":"https:\/\/minorpostcards.fi\/fi\/wp-json\/wp\/v2\/types\/product"}],"wp:featuredmedia":[{"embeddable":true,"href":"https:\/\/minorpostcards.fi\/fi\/wp-json\/wp\/v2\/media\/30905"}],"wp:attachment":[{"href":"https:\/\/minorpostcards.fi\/fi\/wp-json\/wp\/v2\/media?parent=3409"}],"wp:term":[{"taxonomy":"product_brand","embeddable":true,"href":"https:\/\/minorpostcards.fi\/fi\/wp-json\/wp\/v2\/product_brand?post=3409"},{"taxonomy":"product_cat","embeddable":true,"href":"https:\/\/minorpostcards.fi\/fi\/wp-json\/wp\/v2\/product_cat?post=3409"},{"taxonomy":"product_tag","embeddable":true,"href":"https:\/\/minorpostcards.fi\/fi\/wp-json\/wp\/v2\/product_tag?post=3409"}],"curies":[{"name":"wp","href":"https:\/\/api.w.org\/{rel}","templated":true}]}}