{"id":34192,"date":"2020-08-12T09:23:47","date_gmt":"2020-08-12T09:23:48","guid":{"rendered":"https:\/\/minorpostcards.fi\/?post_type=product&#038;p=34192"},"modified":"2026-04-24T11:06:31","modified_gmt":"2026-04-24T08:06:31","slug":"maakuntakukat-ita-suomi-tarra-arkki","status":"publish","type":"product","link":"https:\/\/minorpostcards.fi\/fi\/tuote\/tarrat\/maakuntakukat-ita-suomi-tarra-arkki\/","title":{"rendered":"Maakuntakukat It\u00e4-Suomi &#8211; tarra-arkki"},"content":{"rendered":"<p>Maakuntakukka on \u00e4\u00e4nestyksess\u00e4 valittu kuhunkin maakuntaan liittyv\u00e4 nimikkokasvi. Ne ovat alueidensa tyypillisi\u00e4 yleisi\u00e4 kasveja ja suurin osa niist\u00e4 valittiin vuonna 1982. Suomen kansalliskukka <a href=\"https:\/\/fi.wikipedia.org\/wiki\/Kielo\" target=\"_blank\" rel=\"noopener noreferrer\">kielo<\/a>, <i>Convallaria majalis,<\/i> valittiin \u00e4\u00e4nestyksell\u00e4 jo vuonna 1967 ja se on my\u00f6s mukana kasvien joukossa.<\/p>\n<p>T\u00e4lt\u00e4 arkilta l\u00f6ytyy it\u00e4isen Suomen kasveja:<\/p>\n<ul>\n<li>Kymenlaakso:\u00a0<a class=\"mw-redirect\" title=\"Kurjenmiekka\" href=\"https:\/\/fi.wikipedia.org\/wiki\/Kurjenmiekka\" target=\"_blank\" rel=\"noopener noreferrer\">kurjenmiekka<\/a> <i>Iris pseudacorus<\/i><\/li>\n<li>Etel\u00e4-Karjala:\u00a0<a title=\"Kangasvuokko\" href=\"https:\/\/fi.wikipedia.org\/wiki\/Kangasvuokko\" target=\"_blank\" rel=\"noopener noreferrer\">kangasvuokko<\/a> <i>Pulsatilla vernalis<\/i><\/li>\n<li>Etel\u00e4-Savo:\u00a0<a title=\"Pohjanlumme\" href=\"https:\/\/fi.wikipedia.org\/wiki\/Pohjanlumme\" target=\"_blank\" rel=\"noopener noreferrer\">pohjanlumme<\/a> <i>Nymphaea alba<\/i>\u00a0ssp.\u00a0<i>candida<\/i><\/li>\n<li>Pohjois-Savo:\u00a0<a title=\"Kotipihlaja\" href=\"https:\/\/fi.wikipedia.org\/wiki\/Kotipihlaja\" target=\"_blank\" rel=\"noopener noreferrer\">kotipihlaja<\/a> <i>Sorbus aucuparia<\/i><\/li>\n<li>Pohjois-Karjala:\u00a0<a title=\"Karjalanruusu\" href=\"https:\/\/fi.wikipedia.org\/wiki\/Karjalanruusu\" target=\"_blank\" rel=\"noopener noreferrer\">karjalanruusu<\/a> <i>Rosa acicularis<\/i><\/li>\n<\/ul>\n<p>Tarramateriaali on kiilt\u00e4v\u00e4pintainen ja muotoonleikattujen tarrojen koko sopii t\u00e4ydellisesti korttien ja kirjekuorien koristeluun. Kukkakuvat on piirt\u00e4nyt Minna.<\/p>\n<p>Arkin koko on 12,5 cm x 9,5 cm ja siin\u00e4 on 27 tarraa.<\/p>\n","protected":false},"excerpt":{"rendered":"<p>Tarra-arkki.<\/p>\n","protected":false},"featured_media":34210,"template":"","meta":[],"product_brand":[],"product_cat":[173],"product_tag":[330,305,245],"class_list":{"0":"post-34192","1":"product","2":"type-product","3":"status-publish","4":"has-post-thumbnail","6":"product_cat-tarrat","7":"product_tag-maakuntakasvit","8":"product_tag-sekalaiset","9":"product_tag-tarrat","10":"product_shipping_class-cards","12":"first","13":"instock","14":"taxable","15":"shipping-taxable","16":"purchasable","17":"product-type-simple"},"_links":{"self":[{"href":"https:\/\/minorpostcards.fi\/fi\/wp-json\/wp\/v2\/product\/34192","targetHints":{"allow":["GET"]}}],"collection":[{"href":"https:\/\/minorpostcards.fi\/fi\/wp-json\/wp\/v2\/product"}],"about":[{"href":"https:\/\/minorpostcards.fi\/fi\/wp-json\/wp\/v2\/types\/product"}],"wp:featuredmedia":[{"embeddable":true,"href":"https:\/\/minorpostcards.fi\/fi\/wp-json\/wp\/v2\/media\/34210"}],"wp:attachment":[{"href":"https:\/\/minorpostcards.fi\/fi\/wp-json\/wp\/v2\/media?parent=34192"}],"wp:term":[{"taxonomy":"product_brand","embeddable":true,"href":"https:\/\/minorpostcards.fi\/fi\/wp-json\/wp\/v2\/product_brand?post=34192"},{"taxonomy":"product_cat","embeddable":true,"href":"https:\/\/minorpostcards.fi\/fi\/wp-json\/wp\/v2\/product_cat?post=34192"},{"taxonomy":"product_tag","embeddable":true,"href":"https:\/\/minorpostcards.fi\/fi\/wp-json\/wp\/v2\/product_tag?post=34192"}],"curies":[{"name":"wp","href":"https:\/\/api.w.org\/{rel}","templated":true}]}}