{"id":34198,"date":"2020-08-12T09:53:10","date_gmt":"2020-08-12T09:53:11","guid":{"rendered":"https:\/\/minorpostcards.fi\/?post_type=product&#038;p=34198"},"modified":"2026-04-24T11:06:31","modified_gmt":"2026-04-24T08:06:31","slug":"maakuntakukat-keski-suomi-tarra-arkki","status":"publish","type":"product","link":"https:\/\/minorpostcards.fi\/fi\/tuote\/tarrat\/maakuntakukat-keski-suomi-tarra-arkki\/","title":{"rendered":"Maakuntakukat Keski-Suomi &#8211; tarra-arkki"},"content":{"rendered":"<p>Maakuntakukka on \u00e4\u00e4nestyksess\u00e4 valittu kuhunkin maakuntaan liittyv\u00e4 nimikkokasvi. Ne ovat alueidensa tyypillisi\u00e4 yleisi\u00e4 kasveja ja suurin osa niist\u00e4 valittiin vuonna 1982. Suomen kansalliskukka <a href=\"https:\/\/fi.wikipedia.org\/wiki\/Kielo\" target=\"_blank\" rel=\"noopener noreferrer\">kielo<\/a>, <i>Convallaria majalis,<\/i> valittiin \u00e4\u00e4nestyksell\u00e4 jo vuonna 1967 ja se on my\u00f6s mukana kasvien joukossa.<\/p>\n<p>T\u00e4lt\u00e4 arkilta l\u00f6ytyy Keski-Suomen ja H\u00e4meen kasveja:<\/p>\n<ul>\n<li>H\u00e4me:\u00a0<a title=\"\" href=\"https:\/\/fi.wikipedia.org\/wiki\/Sinivuokko\" target=\"_blank\" rel=\"noopener noreferrer\">sinivuokko<\/a> <i>Hepatica nobilis<\/i><\/li>\n<li>Kanta-H\u00e4me:\u00a0<a title=\"H\u00e4meenkylm\u00e4nkukka\" href=\"https:\/\/fi.wikipedia.org\/wiki\/H%C3%A4meenkylm%C3%A4nkukka\" target=\"_blank\" rel=\"noopener noreferrer\">h\u00e4meenkylm\u00e4nkukka<\/a> <i>Pulsatilla patens<\/i><\/li>\n<li>P\u00e4ij\u00e4t-H\u00e4me:\u00a0<a title=\"Ruiskaunokki\" href=\"https:\/\/fi.wikipedia.org\/wiki\/Ruiskaunokki\" target=\"_blank\" rel=\"noopener noreferrer\">ruiskaunokki<\/a> <i>Centaurea cyanus<\/i><\/li>\n<li>Pirkanmaa:\u00a0<a title=\"Tuomi\" href=\"https:\/\/fi.wikipedia.org\/wiki\/Tuomi\" target=\"_blank\" rel=\"noopener noreferrer\">tuomi<\/a> <i>Prunus padus<\/i><\/li>\n<li>Keski-Suomi:\u00a0<a title=\"P\u00e4iv\u00e4nkakkara\" href=\"https:\/\/fi.wikipedia.org\/wiki\/P%C3%A4iv%C3%A4nkakkara\" target=\"_blank\" rel=\"noopener noreferrer\">p\u00e4iv\u00e4nkakkara<\/a> <i>Leucanthemum vulgare<\/i><\/li>\n<\/ul>\n<p>Tarramateriaali on kiilt\u00e4v\u00e4pintainen ja muotoonleikattujen tarrojen koko sopii t\u00e4ydellisesti korttien ja kirjekuorien koristeluun. Kukkakuvat on piirt\u00e4nyt Minna.<\/p>\n<p>Arkin koko on 12,5 cm x 9,5 cm ja siin\u00e4 on 27 tarraa.<\/p>\n","protected":false},"excerpt":{"rendered":"<p>Tarra-arkki.<\/p>\n","protected":false},"featured_media":34206,"template":"","meta":[],"product_brand":[],"product_cat":[173],"product_tag":[330,305,245],"class_list":{"0":"post-34198","1":"product","2":"type-product","3":"status-publish","4":"has-post-thumbnail","6":"product_cat-tarrat","7":"product_tag-maakuntakasvit","8":"product_tag-sekalaiset","9":"product_tag-tarrat","10":"product_shipping_class-cards","12":"first","13":"instock","14":"taxable","15":"shipping-taxable","16":"purchasable","17":"product-type-simple"},"_links":{"self":[{"href":"https:\/\/minorpostcards.fi\/fi\/wp-json\/wp\/v2\/product\/34198","targetHints":{"allow":["GET"]}}],"collection":[{"href":"https:\/\/minorpostcards.fi\/fi\/wp-json\/wp\/v2\/product"}],"about":[{"href":"https:\/\/minorpostcards.fi\/fi\/wp-json\/wp\/v2\/types\/product"}],"wp:featuredmedia":[{"embeddable":true,"href":"https:\/\/minorpostcards.fi\/fi\/wp-json\/wp\/v2\/media\/34206"}],"wp:attachment":[{"href":"https:\/\/minorpostcards.fi\/fi\/wp-json\/wp\/v2\/media?parent=34198"}],"wp:term":[{"taxonomy":"product_brand","embeddable":true,"href":"https:\/\/minorpostcards.fi\/fi\/wp-json\/wp\/v2\/product_brand?post=34198"},{"taxonomy":"product_cat","embeddable":true,"href":"https:\/\/minorpostcards.fi\/fi\/wp-json\/wp\/v2\/product_cat?post=34198"},{"taxonomy":"product_tag","embeddable":true,"href":"https:\/\/minorpostcards.fi\/fi\/wp-json\/wp\/v2\/product_tag?post=34198"}],"curies":[{"name":"wp","href":"https:\/\/api.w.org\/{rel}","templated":true}]}}