{"id":34218,"date":"2020-08-12T12:04:13","date_gmt":"2020-08-12T12:04:13","guid":{"rendered":"https:\/\/minorpostcards.fi\/?post_type=product&#038;p=34218"},"modified":"2026-04-24T11:06:31","modified_gmt":"2026-04-24T08:06:31","slug":"maakuntakukat-suomi-tarra-arkki","status":"publish","type":"product","link":"https:\/\/minorpostcards.fi\/fi\/tuote\/tarrat\/maakuntakukat-suomi-tarra-arkki\/","title":{"rendered":"Maakuntakukat Suomi &#8211; tarra-arkki"},"content":{"rendered":"<p>Maakuntakukka on \u00e4\u00e4nestyksess\u00e4 valittu kuhunkin maakuntaan liittyv\u00e4 nimikkokasvi. Ne ovat alueidensa tyypillisi\u00e4 yleisi\u00e4 kasveja ja suurin osa niist\u00e4 valittiin vuonna 1982. Suomen kansalliskukka <a href=\"https:\/\/fi.wikipedia.org\/wiki\/Kielo\" target=\"_blank\" rel=\"noopener noreferrer\">kielo<\/a>, <i>Convallaria majalis,<\/i> valittiin \u00e4\u00e4nestyksell\u00e4 jo vuonna 1967 ja se on my\u00f6s mukana kasvien joukossa.<\/p>\n<p>T\u00e4lt\u00e4 arkilta l\u00f6ytyy koko Suomen kasvit:<\/p>\n<ul>\n<li>Ahvenanmaa:\u00a0<a title=\"Kev\u00e4tesikko\" href=\"https:\/\/fi.wikipedia.org\/wiki\/Kev%C3%A4tesikko\" target=\"_blank\" rel=\"noopener noreferrer\">kev\u00e4tesikko<\/a>\u00a0<i>Primula veris<\/i><\/li>\n<li>Varsinais-Suomi:\u00a0<a title=\"Tammi\" href=\"https:\/\/fi.wikipedia.org\/wiki\/Tammi\" target=\"_blank\" rel=\"noopener noreferrer\">tammi<\/a>\u00a0<i>Quercus robur<\/i><\/li>\n<li>Uusimaa:\u00a0<a title=\"\" href=\"https:\/\/fi.wikipedia.org\/wiki\/Valkovuokko\" target=\"_blank\" rel=\"noopener noreferrer\">valkovuokko<\/a>\u00a0<i>Anemone nemorosa<\/i><\/li>\n<li>It\u00e4-Uusimaa:\u00a0<a title=\"\" href=\"https:\/\/fi.wikipedia.org\/wiki\/Leskenlehti\" target=\"_blank\" rel=\"noopener noreferrer\">leskenlehti<\/a>\u00a0<i>Tussilago farfara<\/i><\/li>\n<li>Satakunta:\u00a0<a href=\"https:\/\/fi.wikipedia.org\/wiki\/Tyrni\" target=\"_blank\" rel=\"noopener noreferrer\">Tyrni<\/a>\u00a0<i>Hippopha\u00eb rhamnoides<\/i><\/li>\n<li>H\u00e4me:\u00a0<a title=\"\" href=\"https:\/\/fi.wikipedia.org\/wiki\/Sinivuokko\" target=\"_blank\" rel=\"noopener noreferrer\">sinivuokko<\/a>\u00a0<i>Hepatica nobilis<\/i><\/li>\n<li>Kanta-H\u00e4me:\u00a0<a title=\"H\u00e4meenkylm\u00e4nkukka\" href=\"https:\/\/fi.wikipedia.org\/wiki\/H%C3%A4meenkylm%C3%A4nkukka\" target=\"_blank\" rel=\"noopener noreferrer\">h\u00e4meenkylm\u00e4nkukka<\/a>\u00a0<i>Pulsatilla patens<\/i><\/li>\n<li>P\u00e4ij\u00e4t-H\u00e4me:\u00a0<a title=\"Ruiskaunokki\" href=\"https:\/\/fi.wikipedia.org\/wiki\/Ruiskaunokki\" target=\"_blank\" rel=\"noopener noreferrer\">ruiskaunokki<\/a>\u00a0<i>Centaurea cyanus<\/i><\/li>\n<li>Pirkanmaa:\u00a0<a title=\"Tuomi\" href=\"https:\/\/fi.wikipedia.org\/wiki\/Tuomi\" target=\"_blank\" rel=\"noopener noreferrer\">tuomi<\/a>\u00a0<i>Prunus padus<\/i><\/li>\n<li>Keski-Suomi:\u00a0<a title=\"P\u00e4iv\u00e4nkakkara\" href=\"https:\/\/fi.wikipedia.org\/wiki\/P%C3%A4iv%C3%A4nkakkara\" target=\"_blank\" rel=\"noopener noreferrer\">p\u00e4iv\u00e4nkakkara<\/a>\u00a0<i>Leucanthemum vulgare<\/i><\/li>\n<li>Kymenlaakso:\u00a0<a class=\"mw-redirect\" title=\"Kurjenmiekka\" href=\"https:\/\/fi.wikipedia.org\/wiki\/Kurjenmiekka\" target=\"_blank\" rel=\"noopener noreferrer\">kurjenmiekka<\/a>\u00a0<i>Iris pseudacorus<\/i><\/li>\n<li>Etel\u00e4-Karjala:\u00a0<a title=\"Kangasvuokko\" href=\"https:\/\/fi.wikipedia.org\/wiki\/Kangasvuokko\" target=\"_blank\" rel=\"noopener noreferrer\">kangasvuokko<\/a>\u00a0<i>Pulsatilla vernalis<\/i><\/li>\n<li>Etel\u00e4-Savo:\u00a0<a title=\"Pohjanlumme\" href=\"https:\/\/fi.wikipedia.org\/wiki\/Pohjanlumme\" target=\"_blank\" rel=\"noopener noreferrer\">pohjanlumme<\/a>\u00a0<i>Nymphaea alba<\/i>\u00a0ssp.\u00a0<i>candida<\/i><\/li>\n<li>Pohjois-Savo:\u00a0<a title=\"Kotipihlaja\" href=\"https:\/\/fi.wikipedia.org\/wiki\/Kotipihlaja\" target=\"_blank\" rel=\"noopener noreferrer\">kotipihlaja<\/a>\u00a0<i>Sorbus aucuparia<\/i><\/li>\n<li>Pohjois-Karjala:\u00a0<a title=\"Karjalanruusu\" href=\"https:\/\/fi.wikipedia.org\/wiki\/Karjalanruusu\" target=\"_blank\" rel=\"noopener noreferrer\">karjalanruusu<\/a>\u00a0<i>Rosa acicularis<\/i><\/li>\n<li>Etel\u00e4-Pohjanmaa:\u00a0<a title=\"Maitohorsma\" href=\"https:\/\/fi.wikipedia.org\/wiki\/Maitohorsma\" target=\"_blank\" rel=\"noopener noreferrer\">maitohorsma<\/a>\u00a0<i>Chamaenerion angustifolium<\/i><\/li>\n<li>Keski-Pohjanmaa:\u00a0<a title=\"Kissankello\" href=\"https:\/\/fi.wikipedia.org\/wiki\/Kissankello\" target=\"_blank\" rel=\"noopener noreferrer\">kissankello<\/a>\u00a0<i>Campanula rotundifolia<\/i><\/li>\n<li>Pohjanmaa:\u00a0<a title=\"Mesiangervo\" href=\"https:\/\/fi.wikipedia.org\/wiki\/Mesiangervo\" target=\"_blank\" rel=\"noopener noreferrer\">mesiangervo<\/a>\u00a0<i>Filipendula ulmaria<\/i><\/li>\n<li>Pohjois-Pohjanmaa:\u00a0<a title=\"Suopursu\" href=\"https:\/\/fi.wikipedia.org\/wiki\/Suopursu\" target=\"_blank\" rel=\"noopener noreferrer\">suopursu<\/a>\u00a0<i>Rhododendron tomentosum<\/i><\/li>\n<li>Kainuu:\u00a0<a title=\"Kanerva\" href=\"https:\/\/fi.wikipedia.org\/wiki\/Kanerva\" target=\"_blank\" rel=\"noopener noreferrer\">kanerva<\/a>\u00a0<i>Calluna<\/i>\u00a0<i>vulgaris<\/i><\/li>\n<li>Lappi:\u00a0<a title=\"Kullero\" href=\"https:\/\/fi.wikipedia.org\/wiki\/Kullero\" target=\"_blank\" rel=\"noopener noreferrer\">kullero<\/a>\u00a0<i>Trollius europaeus<\/i><\/li>\n<\/ul>\n<p>Tarramateriaali on kiilt\u00e4v\u00e4pintainen ja muotoonleikattujen tarrojen koko sopii t\u00e4ydellisesti korttien ja kirjekuorien koristeluun. Kukkakuvat on piirt\u00e4nyt Minna.<\/p>\n<p>Arkin koko on 12,5 cm x 9,5 cm ja siin\u00e4 on 25 tarraa.<\/p>\n","protected":false},"excerpt":{"rendered":"<p>Tarra-arkki.<\/p>\n","protected":false},"featured_media":34220,"template":"","meta":[],"product_brand":[],"product_cat":[173],"product_tag":[330,305,245],"class_list":{"0":"post-34218","1":"product","2":"type-product","3":"status-publish","4":"has-post-thumbnail","6":"product_cat-tarrat","7":"product_tag-maakuntakasvit","8":"product_tag-sekalaiset","9":"product_tag-tarrat","10":"product_shipping_class-cards","12":"first","13":"instock","14":"taxable","15":"shipping-taxable","16":"purchasable","17":"product-type-simple"},"_links":{"self":[{"href":"https:\/\/minorpostcards.fi\/fi\/wp-json\/wp\/v2\/product\/34218","targetHints":{"allow":["GET"]}}],"collection":[{"href":"https:\/\/minorpostcards.fi\/fi\/wp-json\/wp\/v2\/product"}],"about":[{"href":"https:\/\/minorpostcards.fi\/fi\/wp-json\/wp\/v2\/types\/product"}],"wp:featuredmedia":[{"embeddable":true,"href":"https:\/\/minorpostcards.fi\/fi\/wp-json\/wp\/v2\/media\/34220"}],"wp:attachment":[{"href":"https:\/\/minorpostcards.fi\/fi\/wp-json\/wp\/v2\/media?parent=34218"}],"wp:term":[{"taxonomy":"product_brand","embeddable":true,"href":"https:\/\/minorpostcards.fi\/fi\/wp-json\/wp\/v2\/product_brand?post=34218"},{"taxonomy":"product_cat","embeddable":true,"href":"https:\/\/minorpostcards.fi\/fi\/wp-json\/wp\/v2\/product_cat?post=34218"},{"taxonomy":"product_tag","embeddable":true,"href":"https:\/\/minorpostcards.fi\/fi\/wp-json\/wp\/v2\/product_tag?post=34218"}],"curies":[{"name":"wp","href":"https:\/\/api.w.org\/{rel}","templated":true}]}}