{"id":3424,"date":"2014-09-02T14:48:25","date_gmt":"2014-09-02T14:48:25","guid":{"rendered":"http:\/\/minorpostcards.fi\/product\/uncategorized\/tahtipolya"},"modified":"2026-02-16T18:44:59","modified_gmt":"2026-02-16T16:44:59","slug":"tahtisumua","status":"publish","type":"product","link":"https:\/\/minorpostcards.fi\/fi\/tuote\/kortit\/tahtisumua\/","title":{"rendered":"T\u00e4htisumua"},"content":{"rendered":"<p>Kortissa on Suomessa keskikes\u00e4n aikaan n\u00e4kyv\u00e4n Skorpionin t\u00e4htikuvion t\u00e4hdist\u00f6\u00e4. Skorpionin t\u00e4htikuvio on noin 8000 valovuoden p\u00e4\u00e4ss\u00e4 maapallosta ja sen kautta kulkee Linnunrata. Alueella on paljon t\u00e4htirykelmi\u00e4 sek\u00e4 t\u00e4htisumua, joita n\u00e4kyy t\u00e4ss\u00e4 Hubble- teleskoopin vuonna 2006 ottamassa upeassa kuvassa. Kuvaa on rajattu.\u00a0<a href=\"http:\/\/www.spacetelescope.org\/\" target=\"_blank\" rel=\"noopener noreferrer\">Oikeudet: ESA\/Hubble<\/a><\/p>\n","protected":false},"excerpt":{"rendered":"<p>Postikortti.<\/p>\n","protected":false},"featured_media":3395,"template":"","meta":[],"product_brand":[],"product_cat":[19],"product_tag":[305,335,277],"class_list":{"0":"post-3424","1":"product","2":"type-product","3":"status-publish","4":"has-post-thumbnail","6":"product_cat-kortit","7":"product_tag-sekalaiset","8":"product_tag-tahdet-ja-astronomia","9":"product_tag-tiede","10":"product_shipping_class-cards","12":"first","13":"instock","14":"taxable","15":"shipping-taxable","16":"purchasable","17":"product-type-simple"},"_links":{"self":[{"href":"https:\/\/minorpostcards.fi\/fi\/wp-json\/wp\/v2\/product\/3424","targetHints":{"allow":["GET"]}}],"collection":[{"href":"https:\/\/minorpostcards.fi\/fi\/wp-json\/wp\/v2\/product"}],"about":[{"href":"https:\/\/minorpostcards.fi\/fi\/wp-json\/wp\/v2\/types\/product"}],"wp:featuredmedia":[{"embeddable":true,"href":"https:\/\/minorpostcards.fi\/fi\/wp-json\/wp\/v2\/media\/3395"}],"wp:attachment":[{"href":"https:\/\/minorpostcards.fi\/fi\/wp-json\/wp\/v2\/media?parent=3424"}],"wp:term":[{"taxonomy":"product_brand","embeddable":true,"href":"https:\/\/minorpostcards.fi\/fi\/wp-json\/wp\/v2\/product_brand?post=3424"},{"taxonomy":"product_cat","embeddable":true,"href":"https:\/\/minorpostcards.fi\/fi\/wp-json\/wp\/v2\/product_cat?post=3424"},{"taxonomy":"product_tag","embeddable":true,"href":"https:\/\/minorpostcards.fi\/fi\/wp-json\/wp\/v2\/product_tag?post=3424"}],"curies":[{"name":"wp","href":"https:\/\/api.w.org\/{rel}","templated":true}]}}