{"id":3591,"date":"2014-10-19T18:44:05","date_gmt":"2014-10-19T18:44:05","guid":{"rendered":"http:\/\/minorpostcards.fi\/product\/uncategorized\/water-wires-greeting-card-vesilinja-taittokortti-2"},"modified":"2026-02-14T05:11:15","modified_gmt":"2026-02-14T03:11:15","slug":"water-wires-greeting-card-vesilinja-taittokortti-2","status":"publish","type":"product","link":"https:\/\/minorpostcards.fi\/fi\/tuote\/muut\/water-wires-greeting-card-vesilinja-taittokortti-2\/","title":{"rendered":"&#8221;Water wires&#8221;  greeting card &#8211; &#8221;Vesilinja&#8221; avattava kortti"},"content":{"rendered":"<p>Tavallinen sadep\u00e4iv\u00e4n n\u00e4kym\u00e4 auton ikkunasta, maisema koostuu puista ja s\u00e4hk\u00f6tolpista. T\u00e4t\u00e4 ihanuutta l\u00f6ytyy Suomesta miljoonia kilometrej\u00e4! T\u00e4m\u00e4 on avattava kaksiosainen kortti\u00a0jonka\u00a0mukana tulee kirjekuori. Sis\u00e4kansilla ei ole painatusta. Kortin\u00a0koko avattuna 148 x 210mm ja taitettuna 148&#215;105 mm. Kuvaa l\u00f6ytyy my\u00f6s <a href=\"https:\/\/minorpostcards.fi\/fi\/?post_type=product&#038;p=3413\">tavallisena postikorttina.<\/a><\/p>\n","protected":false},"excerpt":{"rendered":"<p>Taitettava kaksiosainen kortti.<\/p>\n","protected":false},"featured_media":3579,"template":"","meta":[],"product_brand":[],"product_cat":[220,19],"product_tag":[126,118,302,305],"class_list":{"0":"post-3591","1":"product","2":"type-product","3":"status-publish","4":"has-post-thumbnail","6":"product_cat-muut","7":"product_cat-kortit","8":"product_tag-maisemat","9":"product_tag-mustavalkea","10":"product_tag-onnittelukortit","11":"product_tag-sekalaiset","12":"product_shipping_class-cards","14":"first","15":"instock","16":"taxable","17":"shipping-taxable","18":"purchasable","19":"product-type-simple"},"_links":{"self":[{"href":"https:\/\/minorpostcards.fi\/fi\/wp-json\/wp\/v2\/product\/3591","targetHints":{"allow":["GET"]}}],"collection":[{"href":"https:\/\/minorpostcards.fi\/fi\/wp-json\/wp\/v2\/product"}],"about":[{"href":"https:\/\/minorpostcards.fi\/fi\/wp-json\/wp\/v2\/types\/product"}],"wp:featuredmedia":[{"embeddable":true,"href":"https:\/\/minorpostcards.fi\/fi\/wp-json\/wp\/v2\/media\/3579"}],"wp:attachment":[{"href":"https:\/\/minorpostcards.fi\/fi\/wp-json\/wp\/v2\/media?parent=3591"}],"wp:term":[{"taxonomy":"product_brand","embeddable":true,"href":"https:\/\/minorpostcards.fi\/fi\/wp-json\/wp\/v2\/product_brand?post=3591"},{"taxonomy":"product_cat","embeddable":true,"href":"https:\/\/minorpostcards.fi\/fi\/wp-json\/wp\/v2\/product_cat?post=3591"},{"taxonomy":"product_tag","embeddable":true,"href":"https:\/\/minorpostcards.fi\/fi\/wp-json\/wp\/v2\/product_tag?post=3591"}],"curies":[{"name":"wp","href":"https:\/\/api.w.org\/{rel}","templated":true}]}}