{"id":36468,"date":"2009-05-01T16:50:12","date_gmt":"2009-05-01T13:50:12","guid":{"rendered":"https:\/\/minorpostcards.fi\/?post_type=product&#038;p=36468"},"modified":"2025-12-08T19:11:06","modified_gmt":"2025-12-08T17:11:06","slug":"joulumaisema","status":"publish","type":"product","link":"https:\/\/minorpostcards.fi\/fi\/tuote\/kortit\/joulumaisema\/","title":{"rendered":"Joulumaisema"},"content":{"rendered":"<p><span style=\"font-weight: 400;\">T\u00e4m\u00e4 joulumaisema on kuvattu auringon laskiessa pakkasp\u00e4iv\u00e4n iltana l\u00e4heisell\u00e4 rannalla. Suurimman lumikummun alla on soutuvene ja taivaalla n\u00e4kyy t\u00e4htien joukossa t\u00e4hdenlento.\u00a0<\/span><\/p>\n<p><span style=\"font-weight: 400;\">T\u00e4ss\u00e4 kortissa uusi tavallisuudesta poikkeava mattapinnoite. Sen ansiosta kortin pinta tuntuu pehme\u00e4lle, melkein kankaiselle, ja sit\u00e4 voi hypistell\u00e4 vapaasti koska pintaan ei j\u00e4\u00e4 sormenj\u00e4lki\u00e4!<\/span><\/p>\n","protected":false},"excerpt":{"rendered":"<p>Yksitt\u00e4inen postikortti.<\/p>\n","protected":false},"featured_media":36908,"template":"","meta":[],"product_brand":[],"product_cat":[19],"product_tag":[285,286,126,304,120,122],"class_list":{"0":"post-36468","1":"product","2":"type-product","3":"status-publish","4":"has-post-thumbnail","6":"product_cat-kortit","7":"product_tag-joulu","8":"product_tag-luonto","9":"product_tag-maisemat","10":"product_tag-mattapinta","11":"product_tag-talvi","12":"product_tag-tekstit","13":"product_shipping_class-cards","15":"first","16":"instock","17":"taxable","18":"shipping-taxable","19":"purchasable","20":"product-type-simple"},"_links":{"self":[{"href":"https:\/\/minorpostcards.fi\/fi\/wp-json\/wp\/v2\/product\/36468","targetHints":{"allow":["GET"]}}],"collection":[{"href":"https:\/\/minorpostcards.fi\/fi\/wp-json\/wp\/v2\/product"}],"about":[{"href":"https:\/\/minorpostcards.fi\/fi\/wp-json\/wp\/v2\/types\/product"}],"wp:featuredmedia":[{"embeddable":true,"href":"https:\/\/minorpostcards.fi\/fi\/wp-json\/wp\/v2\/media\/36908"}],"wp:attachment":[{"href":"https:\/\/minorpostcards.fi\/fi\/wp-json\/wp\/v2\/media?parent=36468"}],"wp:term":[{"taxonomy":"product_brand","embeddable":true,"href":"https:\/\/minorpostcards.fi\/fi\/wp-json\/wp\/v2\/product_brand?post=36468"},{"taxonomy":"product_cat","embeddable":true,"href":"https:\/\/minorpostcards.fi\/fi\/wp-json\/wp\/v2\/product_cat?post=36468"},{"taxonomy":"product_tag","embeddable":true,"href":"https:\/\/minorpostcards.fi\/fi\/wp-json\/wp\/v2\/product_tag?post=36468"}],"curies":[{"name":"wp","href":"https:\/\/api.w.org\/{rel}","templated":true}]}}