{"id":36472,"date":"2020-11-01T16:57:43","date_gmt":"2020-11-01T16:57:44","guid":{"rendered":"https:\/\/minorpostcards.fi\/?post_type=product&#038;p=36472"},"modified":"2025-09-27T13:46:29","modified_gmt":"2025-09-27T10:46:29","slug":"perinteiset-karjalanpiirakat","status":"publish","type":"product","link":"https:\/\/minorpostcards.fi\/fi\/tuote\/kortit\/perinteiset-karjalanpiirakat\/","title":{"rendered":"Perinteiset karjalanpiirakat"},"content":{"rendered":"<p><span style=\"font-weight: 400;\">Kuten nimi kertoo karjalanpiirakat ovat per\u00e4isin Karjalan alueelta ja sodan j\u00e4lkeen piirakat tulivat tutuksi l\u00e4pi Suomen Karjalasta evakoiksi l\u00e4hteneiden ihmisten ansiosta. Kuoritaikina on hiivaton sis\u00e4lt\u00e4en ruis- ja vehn\u00e4jauhoja, suolaa ja vett\u00e4. T\u00e4ytteen\u00e4 on yleens\u00e4 ohra- tai riisisuurimoista keitetty\u00e4 puuroa, perunasosetta tai muita keitettyj\u00e4, survottuja kasviksia. Ohut kuori ja nopea paistaminen kuumassa uunissa tekev\u00e4t piirakasta mehev\u00e4n ja herkullisuutta lis\u00e4\u00e4 viel\u00e4 viimestely voisulalla.\u00a0<\/span><\/p>\n<p><span style=\"font-weight: 400;\">Teollisesti valmistetut piirakat ovat yleens\u00e4 nimelt\u00e4\u00e4n riisipiirakoita, koska karjalanpiirakka on rekister\u00f6ity Euroopan unionin aidoksi perinteiseksi tuotteeksi ja sen koostumus ja valmistusmenetelm\u00e4 on tarkasti rajattu<\/span><\/p>\n","protected":false},"excerpt":{"rendered":"<p>Yksitt\u00e4inen postikortti.<\/p>\n","protected":false},"featured_media":36474,"template":"","meta":[],"product_brand":[],"product_cat":[19],"product_tag":[194,137,115,122],"class_list":{"0":"post-36472","1":"product","2":"type-product","3":"status-publish","4":"has-post-thumbnail","6":"product_cat-kortit","7":"product_tag-reseptit","8":"product_tag-ruoka","9":"product_tag-suomi","10":"product_tag-tekstit","11":"product_shipping_class-cards","13":"first","14":"outofstock","15":"taxable","16":"shipping-taxable","17":"purchasable","18":"product-type-simple"},"_links":{"self":[{"href":"https:\/\/minorpostcards.fi\/fi\/wp-json\/wp\/v2\/product\/36472","targetHints":{"allow":["GET"]}}],"collection":[{"href":"https:\/\/minorpostcards.fi\/fi\/wp-json\/wp\/v2\/product"}],"about":[{"href":"https:\/\/minorpostcards.fi\/fi\/wp-json\/wp\/v2\/types\/product"}],"wp:featuredmedia":[{"embeddable":true,"href":"https:\/\/minorpostcards.fi\/fi\/wp-json\/wp\/v2\/media\/36474"}],"wp:attachment":[{"href":"https:\/\/minorpostcards.fi\/fi\/wp-json\/wp\/v2\/media?parent=36472"}],"wp:term":[{"taxonomy":"product_brand","embeddable":true,"href":"https:\/\/minorpostcards.fi\/fi\/wp-json\/wp\/v2\/product_brand?post=36472"},{"taxonomy":"product_cat","embeddable":true,"href":"https:\/\/minorpostcards.fi\/fi\/wp-json\/wp\/v2\/product_cat?post=36472"},{"taxonomy":"product_tag","embeddable":true,"href":"https:\/\/minorpostcards.fi\/fi\/wp-json\/wp\/v2\/product_tag?post=36472"}],"curies":[{"name":"wp","href":"https:\/\/api.w.org\/{rel}","templated":true}]}}