{"id":36548,"date":"2020-11-03T17:28:16","date_gmt":"2020-11-03T17:28:17","guid":{"rendered":"https:\/\/minorpostcards.fi\/?post_type=product&#038;p=36548"},"modified":"2025-11-21T23:06:36","modified_gmt":"2025-11-21T21:06:36","slug":"maakuntakukka-tyrni","status":"publish","type":"product","link":"https:\/\/minorpostcards.fi\/fi\/tuote\/kortit\/maakuntakukka-tyrni\/","title":{"rendered":"Maakuntakukka tyrni"},"content":{"rendered":"<p><span style=\"font-weight: 400;\">Kaikille maakunnille on valittu kukka (tai kasvi), joka edustaa alueen tyypillist\u00e4 kasvikuntaa.\u00a0<\/span><\/p>\n<p><span style=\"font-weight: 400;\">\u00a0<\/span><\/p>\n<p><span style=\"font-weight: 400;\">Tyrni eli hopeatyrni on Satakunnan maakuntakukka. Se on piikik\u00e4s 0,5 -3 m korkea pensas tai puu jota viljell\u00e4\u00e4n eri puolilla Suomea. Luonnonvarainen tyrni on hyvin yleinen Ahvenanmaalla ja rannikolla ja se kest\u00e4\u00e4 hyvin kuivuutta, tulvia ja suolaakin. Se pystyy k\u00e4ytt\u00e4m\u00e4\u00e4n hyv\u00e4kseen ilmakeh\u00e4n typpe\u00e4 kuten lepp\u00e4 ja menestyy siksi karuilla kivisill\u00e4 meren rannoilla. Tyrni kukkii touko-kes\u00e4kuussa ja keltaoranssit n. 1 cm pitk\u00e4t marjat kypsyv\u00e4t elo-lokakuussa.\u00a0\u00a0<\/span><\/p>\n<p><span style=\"font-weight: 400;\">Hyvin c-vitamiinipitoisten marjojen muodostuminen vaatii hede- ja emikasvit. Pensaissa on runsaasti marjoja, mutta niiden poimiminen on hankalaa piikkien takia. Siksi tyrniviljelmill\u00e4 k\u00e4ytet\u00e4\u00e4n puristimia, ja marjoista otetaan usein talteen vain mehu. Tyrnist\u00e4 tehd\u00e4\u00e4n mehun lis\u00e4ksi hilloa ja lik\u00f6\u00f6ri\u00e4 ja tyrnin siemenist\u00e4 saadaan \u00f6ljy\u00e4 mm. kosmetiikkateollisuuteen. <\/span><\/p>\n","protected":false},"excerpt":{"rendered":"<p>Yksitt\u00e4inen postikortti.<\/p>\n","protected":false},"featured_media":36562,"template":"","meta":[],"product_brand":[],"product_cat":[19],"product_tag":[139,330,137,115,122],"class_list":{"0":"post-36548","1":"product","2":"type-product","3":"status-publish","4":"has-post-thumbnail","6":"product_cat-kortit","7":"product_tag-kasvit","8":"product_tag-maakuntakasvit","9":"product_tag-ruoka","10":"product_tag-suomi","11":"product_tag-tekstit","12":"product_shipping_class-cards","14":"first","15":"instock","16":"taxable","17":"shipping-taxable","18":"purchasable","19":"product-type-simple"},"_links":{"self":[{"href":"https:\/\/minorpostcards.fi\/fi\/wp-json\/wp\/v2\/product\/36548","targetHints":{"allow":["GET"]}}],"collection":[{"href":"https:\/\/minorpostcards.fi\/fi\/wp-json\/wp\/v2\/product"}],"about":[{"href":"https:\/\/minorpostcards.fi\/fi\/wp-json\/wp\/v2\/types\/product"}],"wp:featuredmedia":[{"embeddable":true,"href":"https:\/\/minorpostcards.fi\/fi\/wp-json\/wp\/v2\/media\/36562"}],"wp:attachment":[{"href":"https:\/\/minorpostcards.fi\/fi\/wp-json\/wp\/v2\/media?parent=36548"}],"wp:term":[{"taxonomy":"product_brand","embeddable":true,"href":"https:\/\/minorpostcards.fi\/fi\/wp-json\/wp\/v2\/product_brand?post=36548"},{"taxonomy":"product_cat","embeddable":true,"href":"https:\/\/minorpostcards.fi\/fi\/wp-json\/wp\/v2\/product_cat?post=36548"},{"taxonomy":"product_tag","embeddable":true,"href":"https:\/\/minorpostcards.fi\/fi\/wp-json\/wp\/v2\/product_tag?post=36548"}],"curies":[{"name":"wp","href":"https:\/\/api.w.org\/{rel}","templated":true}]}}