{"id":36595,"date":"2020-11-04T10:38:04","date_gmt":"2020-11-04T10:38:05","guid":{"rendered":"https:\/\/minorpostcards.fi\/?post_type=product&#038;p=36595"},"modified":"2026-04-20T14:29:03","modified_gmt":"2026-04-20T11:29:03","slug":"lyhtytytto","status":"publish","type":"product","link":"https:\/\/minorpostcards.fi\/fi\/tuote\/kortit\/lyhtytytto\/","title":{"rendered":"Lyhtytytt\u00f6"},"content":{"rendered":"<p><span style=\"font-weight: 400;\">Lyhty\u00e4 pitelev\u00e4n tyt\u00f6n yll\u00e4 on 1920-luvulta per\u00e4isin oleva kansallispukumalli, jota nimitettiin sen valmistuttua Jyv\u00e4skyl\u00e4n seudun kansallispuvuksi. My\u00f6hemmin pukua on alettu kutsua Keski-Suomen kansallispuvuksi.\u00a0 <\/span><\/p>\n","protected":false},"excerpt":{"rendered":"<p>Postikortti.<\/p>\n","protected":false},"featured_media":36558,"template":"","meta":[],"product_brand":[],"product_cat":[19],"product_tag":[124,287,128,115,120],"class_list":{"0":"post-36595","1":"product","2":"type-product","3":"status-publish","4":"has-post-thumbnail","6":"product_cat-kortit","7":"product_tag-ihmiset","8":"product_tag-kansallispuvut","9":"product_tag-nostalgia","10":"product_tag-suomi","11":"product_tag-talvi","12":"product_shipping_class-cards","14":"first","15":"instock","16":"taxable","17":"shipping-taxable","18":"purchasable","19":"product-type-simple"},"_links":{"self":[{"href":"https:\/\/minorpostcards.fi\/fi\/wp-json\/wp\/v2\/product\/36595","targetHints":{"allow":["GET"]}}],"collection":[{"href":"https:\/\/minorpostcards.fi\/fi\/wp-json\/wp\/v2\/product"}],"about":[{"href":"https:\/\/minorpostcards.fi\/fi\/wp-json\/wp\/v2\/types\/product"}],"wp:featuredmedia":[{"embeddable":true,"href":"https:\/\/minorpostcards.fi\/fi\/wp-json\/wp\/v2\/media\/36558"}],"wp:attachment":[{"href":"https:\/\/minorpostcards.fi\/fi\/wp-json\/wp\/v2\/media?parent=36595"}],"wp:term":[{"taxonomy":"product_brand","embeddable":true,"href":"https:\/\/minorpostcards.fi\/fi\/wp-json\/wp\/v2\/product_brand?post=36595"},{"taxonomy":"product_cat","embeddable":true,"href":"https:\/\/minorpostcards.fi\/fi\/wp-json\/wp\/v2\/product_cat?post=36595"},{"taxonomy":"product_tag","embeddable":true,"href":"https:\/\/minorpostcards.fi\/fi\/wp-json\/wp\/v2\/product_tag?post=36595"}],"curies":[{"name":"wp","href":"https:\/\/api.w.org\/{rel}","templated":true}]}}