{"id":36607,"date":"2020-11-04T11:03:19","date_gmt":"2020-11-04T11:03:19","guid":{"rendered":"https:\/\/minorpostcards.fi\/?post_type=product&#038;p=36607"},"modified":"2026-04-07T19:01:37","modified_gmt":"2026-04-07T16:01:37","slug":"viela-tilaa","status":"publish","type":"product","link":"https:\/\/minorpostcards.fi\/fi\/tuote\/kortit\/viela-tilaa\/","title":{"rendered":"Viel\u00e4 tilaa"},"content":{"rendered":"<p><span style=\"font-weight: 400;\">Parhaat luetut tarinat muistaa aina. Tarinoita voi nykyisin kuunnella tai lukea monessa muodossa, mutta se perinteinen paperille painettu versio pit\u00e4\u00e4 viel\u00e4 pintansa. Parasta on, kun voi milloin tahansa palata tarinaan vain ottamalla lempikirjan kirjahyllyst\u00e4 ja avaamalla sen.<\/span><\/p>\n<p>Kortin kuvitus on tytt\u00e4reni Ronjan tekem\u00e4.<\/p>\n<p><span style=\"font-weight: 400;\">T\u00e4ss\u00e4 kortissa on uusi tavallisuudesta poikkeava mattapinnoite. Sen ansiosta kortin pinta tuntuu pehme\u00e4lle, melkein kankaiselle, ja sit\u00e4 voi hypistell\u00e4 vapaasti koska pintaan ei j\u00e4\u00e4 sormenj\u00e4lki\u00e4!\u00a0 <\/span><\/p>\n","protected":false},"excerpt":{"rendered":"<p>Yksitt\u00e4inen postikortti.<\/p>\n","protected":false},"featured_media":36480,"template":"","meta":[],"product_brand":[],"product_cat":[19],"product_tag":[136,299,304],"class_list":{"0":"post-36607","1":"product","2":"type-product","3":"status-publish","4":"has-post-thumbnail","6":"product_cat-kortit","7":"product_tag-digitaaliset-kuvat","8":"product_tag-kirjat","9":"product_tag-mattapinta","10":"product_shipping_class-cards","12":"first","13":"instock","14":"taxable","15":"shipping-taxable","16":"purchasable","17":"product-type-simple"},"_links":{"self":[{"href":"https:\/\/minorpostcards.fi\/fi\/wp-json\/wp\/v2\/product\/36607","targetHints":{"allow":["GET"]}}],"collection":[{"href":"https:\/\/minorpostcards.fi\/fi\/wp-json\/wp\/v2\/product"}],"about":[{"href":"https:\/\/minorpostcards.fi\/fi\/wp-json\/wp\/v2\/types\/product"}],"wp:featuredmedia":[{"embeddable":true,"href":"https:\/\/minorpostcards.fi\/fi\/wp-json\/wp\/v2\/media\/36480"}],"wp:attachment":[{"href":"https:\/\/minorpostcards.fi\/fi\/wp-json\/wp\/v2\/media?parent=36607"}],"wp:term":[{"taxonomy":"product_brand","embeddable":true,"href":"https:\/\/minorpostcards.fi\/fi\/wp-json\/wp\/v2\/product_brand?post=36607"},{"taxonomy":"product_cat","embeddable":true,"href":"https:\/\/minorpostcards.fi\/fi\/wp-json\/wp\/v2\/product_cat?post=36607"},{"taxonomy":"product_tag","embeddable":true,"href":"https:\/\/minorpostcards.fi\/fi\/wp-json\/wp\/v2\/product_tag?post=36607"}],"curies":[{"name":"wp","href":"https:\/\/api.w.org\/{rel}","templated":true}]}}