{"id":36609,"date":"2020-11-04T11:09:31","date_gmt":"2020-11-04T11:09:31","guid":{"rendered":"https:\/\/minorpostcards.fi\/?post_type=product&#038;p=36609"},"modified":"2026-03-10T20:21:43","modified_gmt":"2026-03-10T18:21:43","slug":"vaeltaja","status":"publish","type":"product","link":"https:\/\/minorpostcards.fi\/fi\/tuote\/kortit\/vaeltaja\/","title":{"rendered":"Vaeltaja"},"content":{"rendered":"<p><span style=\"font-weight: 400;\">Ilta\u00f6isell\u00e4 tiell\u00e4 se kulkee <\/span><\/p>\n<p><span style=\"font-weight: 400;\">viikate mukanaan<\/span><\/p>\n<p><span style=\"font-weight: 400;\">menossa noutamaan h\u00e4nt\u00e4,<\/span><\/p>\n<p><span style=\"font-weight: 400;\">jonka vuoro on t\u00e4ll\u00e4 kertaa l\u00e4hte\u00e4.<\/span><\/p>\n<p><span style=\"font-weight: 400;\">Tummas\u00e4vyinen kortti on yhdistelm\u00e4 ottamaani valokuvaa ja Ronjan piirt\u00e4m\u00e4\u00e4 kuvaa, ja sen mystisen tunnelman viimeistelee uusi tavallisuudesta poikkeava mattapinnoite. Sen ansiosta kortin pinta tuntuu pehme\u00e4lle, melkein kankaiselle, ja sit\u00e4 voi hypistell\u00e4 vapaasti koska pintaan ei j\u00e4\u00e4 sormenj\u00e4lki\u00e4!<\/span><\/p>\n","protected":false},"excerpt":{"rendered":"<p>Postikortti.<\/p>\n","protected":false},"featured_media":36478,"template":"","meta":[],"product_brand":[],"product_cat":[19],"product_tag":[136,331,337,304,305],"class_list":{"0":"post-36609","1":"product","2":"type-product","3":"status-publish","4":"has-post-thumbnail","6":"product_cat-kortit","7":"product_tag-digitaaliset-kuvat","8":"product_tag-fantasia-aiheet","9":"product_tag-halloween-fi","10":"product_tag-mattapinta","11":"product_tag-sekalaiset","12":"product_shipping_class-cards","14":"first","15":"instock","16":"taxable","17":"shipping-taxable","18":"purchasable","19":"product-type-simple"},"_links":{"self":[{"href":"https:\/\/minorpostcards.fi\/fi\/wp-json\/wp\/v2\/product\/36609","targetHints":{"allow":["GET"]}}],"collection":[{"href":"https:\/\/minorpostcards.fi\/fi\/wp-json\/wp\/v2\/product"}],"about":[{"href":"https:\/\/minorpostcards.fi\/fi\/wp-json\/wp\/v2\/types\/product"}],"wp:featuredmedia":[{"embeddable":true,"href":"https:\/\/minorpostcards.fi\/fi\/wp-json\/wp\/v2\/media\/36478"}],"wp:attachment":[{"href":"https:\/\/minorpostcards.fi\/fi\/wp-json\/wp\/v2\/media?parent=36609"}],"wp:term":[{"taxonomy":"product_brand","embeddable":true,"href":"https:\/\/minorpostcards.fi\/fi\/wp-json\/wp\/v2\/product_brand?post=36609"},{"taxonomy":"product_cat","embeddable":true,"href":"https:\/\/minorpostcards.fi\/fi\/wp-json\/wp\/v2\/product_cat?post=36609"},{"taxonomy":"product_tag","embeddable":true,"href":"https:\/\/minorpostcards.fi\/fi\/wp-json\/wp\/v2\/product_tag?post=36609"}],"curies":[{"name":"wp","href":"https:\/\/api.w.org\/{rel}","templated":true}]}}