{"id":36611,"date":"2020-11-04T11:27:01","date_gmt":"2020-11-04T11:27:02","guid":{"rendered":"https:\/\/minorpostcards.fi\/?post_type=product&#038;p=36611"},"modified":"2026-03-14T14:03:35","modified_gmt":"2026-03-14T12:03:35","slug":"yksisarvinen-metsassa","status":"publish","type":"product","link":"https:\/\/minorpostcards.fi\/fi\/tuote\/kortit\/yksisarvinen-metsassa\/","title":{"rendered":"Yksisarvinen mets\u00e4ss\u00e4"},"content":{"rendered":"<p><span style=\"font-weight: 400;\">Yksisarvinen uneksii \u00f6isess\u00e4 mets\u00e4ss\u00e4. Se uneksii kuinka vanha velho saapuu mets\u00e4\u00e4n etsim\u00e4\u00e4n yksisarvista, koska vain sen avulla veho voi valmistaa taikajuomaa. Yksisarvinen tiet\u00e4\u00e4 minne se nelist\u00e4\u00e4, kun aamu koittaa. Se on aina valmis taisteluun pahaa vastaan!<\/span><\/p>\n<p>Kortin kuvitus on tytt\u00e4reni Ronjan tekem\u00e4.<\/p>\n<p><span style=\"font-weight: 400;\">T\u00e4ss\u00e4 kortissa on uusi tavallisuudesta poikkeava mattapinnoite. Sen ansiosta kortin pinta tuntuu pehme\u00e4lle, melkein kankaiselle, ja sit\u00e4 voi hypistell\u00e4 vapaasti koska pintaan ei j\u00e4\u00e4 sormenj\u00e4lki\u00e4!\u00a0\u00a0<\/span><\/p>\n","protected":false},"excerpt":{"rendered":"<p>Yksitt\u00e4inen postikortti.<\/p>\n","protected":false},"featured_media":36476,"template":"","meta":[],"product_brand":[],"product_cat":[19],"product_tag":[136,132,331,286,304],"class_list":{"0":"post-36611","1":"product","2":"type-product","3":"status-publish","4":"has-post-thumbnail","6":"product_cat-kortit","7":"product_tag-digitaaliset-kuvat","8":"product_tag-elaimet","9":"product_tag-fantasia-aiheet","10":"product_tag-luonto","11":"product_tag-mattapinta","12":"product_shipping_class-cards","14":"first","15":"instock","16":"taxable","17":"shipping-taxable","18":"purchasable","19":"product-type-simple"},"_links":{"self":[{"href":"https:\/\/minorpostcards.fi\/fi\/wp-json\/wp\/v2\/product\/36611","targetHints":{"allow":["GET"]}}],"collection":[{"href":"https:\/\/minorpostcards.fi\/fi\/wp-json\/wp\/v2\/product"}],"about":[{"href":"https:\/\/minorpostcards.fi\/fi\/wp-json\/wp\/v2\/types\/product"}],"wp:featuredmedia":[{"embeddable":true,"href":"https:\/\/minorpostcards.fi\/fi\/wp-json\/wp\/v2\/media\/36476"}],"wp:attachment":[{"href":"https:\/\/minorpostcards.fi\/fi\/wp-json\/wp\/v2\/media?parent=36611"}],"wp:term":[{"taxonomy":"product_brand","embeddable":true,"href":"https:\/\/minorpostcards.fi\/fi\/wp-json\/wp\/v2\/product_brand?post=36611"},{"taxonomy":"product_cat","embeddable":true,"href":"https:\/\/minorpostcards.fi\/fi\/wp-json\/wp\/v2\/product_cat?post=36611"},{"taxonomy":"product_tag","embeddable":true,"href":"https:\/\/minorpostcards.fi\/fi\/wp-json\/wp\/v2\/product_tag?post=36611"}],"curies":[{"name":"wp","href":"https:\/\/api.w.org\/{rel}","templated":true}]}}