{"id":36613,"date":"2020-11-04T11:35:23","date_gmt":"2020-11-04T11:35:23","guid":{"rendered":"https:\/\/minorpostcards.fi\/?post_type=product&#038;p=36613"},"modified":"2026-02-20T15:15:44","modified_gmt":"2026-02-20T13:15:44","slug":"aarniometsa","status":"publish","type":"product","link":"https:\/\/minorpostcards.fi\/fi\/tuote\/kortit\/aarniometsa\/","title":{"rendered":"Aarniomets\u00e4"},"content":{"rendered":"<p><span style=\"font-weight: 400;\">Vanhat mets\u00e4t ovat satumetsi\u00e4. Vastaan tuleva peura voi olla lumottu prinssi, joka odottaa taian purkavaa kulkijaa.<\/span><\/p>\n<p>Kortin kuvitus on tytt\u00e4reni Ronjan tekem\u00e4.<\/p>\n<p><span style=\"font-weight: 400;\">T\u00e4ss\u00e4 kortissa on uusi tavallisuudesta poikkeava mattapinnoite. Sen ansiosta kortin pinta tuntuu pehme\u00e4lle, melkein kankaiselle, ja sit\u00e4 voi hypistell\u00e4 vapaasti koska pintaan ei j\u00e4\u00e4 sormenj\u00e4lki\u00e4!\u00a0\u00a0<\/span><\/p>\n","protected":false},"excerpt":{"rendered":"<p>Yksitt\u00e4inen postikortti.<\/p>\n","protected":false},"featured_media":36484,"template":"","meta":[],"product_brand":[],"product_cat":[19],"product_tag":[136,132,331,286,304],"class_list":{"0":"post-36613","1":"product","2":"type-product","3":"status-publish","4":"has-post-thumbnail","6":"product_cat-kortit","7":"product_tag-digitaaliset-kuvat","8":"product_tag-elaimet","9":"product_tag-fantasia-aiheet","10":"product_tag-luonto","11":"product_tag-mattapinta","12":"product_shipping_class-cards","14":"first","15":"instock","16":"taxable","17":"shipping-taxable","18":"purchasable","19":"product-type-simple"},"_links":{"self":[{"href":"https:\/\/minorpostcards.fi\/fi\/wp-json\/wp\/v2\/product\/36613","targetHints":{"allow":["GET"]}}],"collection":[{"href":"https:\/\/minorpostcards.fi\/fi\/wp-json\/wp\/v2\/product"}],"about":[{"href":"https:\/\/minorpostcards.fi\/fi\/wp-json\/wp\/v2\/types\/product"}],"wp:featuredmedia":[{"embeddable":true,"href":"https:\/\/minorpostcards.fi\/fi\/wp-json\/wp\/v2\/media\/36484"}],"wp:attachment":[{"href":"https:\/\/minorpostcards.fi\/fi\/wp-json\/wp\/v2\/media?parent=36613"}],"wp:term":[{"taxonomy":"product_brand","embeddable":true,"href":"https:\/\/minorpostcards.fi\/fi\/wp-json\/wp\/v2\/product_brand?post=36613"},{"taxonomy":"product_cat","embeddable":true,"href":"https:\/\/minorpostcards.fi\/fi\/wp-json\/wp\/v2\/product_cat?post=36613"},{"taxonomy":"product_tag","embeddable":true,"href":"https:\/\/minorpostcards.fi\/fi\/wp-json\/wp\/v2\/product_tag?post=36613"}],"curies":[{"name":"wp","href":"https:\/\/api.w.org\/{rel}","templated":true}]}}