{"id":38440,"date":"2021-01-17T16:44:13","date_gmt":"2021-01-17T16:44:15","guid":{"rendered":"https:\/\/minorpostcards.fi\/?post_type=product&#038;p=38440"},"modified":"2026-04-16T22:23:13","modified_gmt":"2026-04-16T19:23:13","slug":"postcards-only-classic-tarra-arkki","status":"publish","type":"product","link":"https:\/\/minorpostcards.fi\/fi\/tuote\/tarrat\/postcards-only-classic-tarra-arkki\/","title":{"rendered":"Postcards only classic &#8211; tarra-arkki"},"content":{"rendered":"<p>L\u00e4het\u00e4tk\u00f6 postikorttisi kirjekuoressa? N\u00e4ill\u00e4 tarroilla voit julistaa sen Postille ja Tullille ilman tulliluetteloa! Tarra on koriste, mutta toiminee riitt\u00e4v\u00e4n\u00e4 selvityksen\u00e4 jollei Tulli noudata tiukasti uutta ohjeistusta.<\/p>\n<p>Kansainv\u00e4lisen s\u00e4\u00e4ntelyuudistuksen mukaan EU:n ulkopuolisiin l\u00e4hetyksiin on Postin ohjeen mukaan liitett\u00e4v\u00e4 Tullin edellytt\u00e4m\u00e4 selvitys l\u00e4hetyksen sis\u00e4ll\u00f6st\u00e4 1.1.2021 alkaen. (<a href=\"https:\/\/www.posti.com\/media\/mediauutiset\/2020\/eun-ulkopuolelle-lahetettavien-tavaraa-sisaltavien-kirjeiden-ja-pakettien-sisaltotiedot\/#_ga=2.162049532.1789888640.1610882641-645979793.1464156006\" rel=\"noopener\" target=\"_blank\">Postin ohjeet<\/a>). Virallisesti t\u00e4m\u00e4 tehd\u00e4\u00e4n tulliluettelolla CN 22 ja s\u00e4hk\u00f6isesti Postin sivuilla.<\/p>\n<p>Voit valita kahdesta materiaalista, normaalista korkealaatuisesta kiilt\u00e4v\u00e4st\u00e4 tarramateriaalista tai ruskeasta raidallisesta ja luontoyst\u00e4v\u00e4llisest\u00e4 kompostoituvasta paperista. Molempien mallien tarran koko sopii erityisen hyvin kirjekuorien koristeluun. <\/p>\n<p>Arkin koko on 12,2 cm x 9 cm ja siin\u00e4 on 12 tarraa.<\/p>\n","protected":false},"excerpt":{"rendered":"<p>Tarra-arkki.<\/p>\n","protected":false},"featured_media":38430,"template":"","meta":[],"product_brand":[],"product_cat":[173],"product_tag":[305,245],"class_list":{"0":"post-38440","1":"product","2":"type-product","3":"status-publish","4":"has-post-thumbnail","6":"product_cat-tarrat","7":"product_tag-sekalaiset","8":"product_tag-tarrat","9":"product_shipping_class-cards","11":"first","12":"outofstock","13":"taxable","14":"shipping-taxable","15":"purchasable","16":"product-type-variable"},"_links":{"self":[{"href":"https:\/\/minorpostcards.fi\/fi\/wp-json\/wp\/v2\/product\/38440","targetHints":{"allow":["GET"]}}],"collection":[{"href":"https:\/\/minorpostcards.fi\/fi\/wp-json\/wp\/v2\/product"}],"about":[{"href":"https:\/\/minorpostcards.fi\/fi\/wp-json\/wp\/v2\/types\/product"}],"wp:featuredmedia":[{"embeddable":true,"href":"https:\/\/minorpostcards.fi\/fi\/wp-json\/wp\/v2\/media\/38430"}],"wp:attachment":[{"href":"https:\/\/minorpostcards.fi\/fi\/wp-json\/wp\/v2\/media?parent=38440"}],"wp:term":[{"taxonomy":"product_brand","embeddable":true,"href":"https:\/\/minorpostcards.fi\/fi\/wp-json\/wp\/v2\/product_brand?post=38440"},{"taxonomy":"product_cat","embeddable":true,"href":"https:\/\/minorpostcards.fi\/fi\/wp-json\/wp\/v2\/product_cat?post=38440"},{"taxonomy":"product_tag","embeddable":true,"href":"https:\/\/minorpostcards.fi\/fi\/wp-json\/wp\/v2\/product_tag?post=38440"}],"curies":[{"name":"wp","href":"https:\/\/api.w.org\/{rel}","templated":true}]}}